{"id":1046,"date":"2023-04-29T16:45:54","date_gmt":"2023-04-29T16:45:54","guid":{"rendered":"https:\/\/4t.lauder.hu\/?page_id=1046"},"modified":"2024-03-08T17:14:33","modified_gmt":"2024-03-08T17:14:33","slug":"steam-oktatas","status":"publish","type":"page","link":"https:\/\/summacum.lauder.hu\/index.php\/steam-oktatas\/","title":{"rendered":"STEAM-oktat\u00e1s"},"content":{"rendered":"\n<p>A&nbsp;<strong><a rel=\"noreferrer noopener\" href=\"https:\/\/www.lauder.hu\/\" target=\"_blank\">Lauder Javne Iskola<\/a><\/strong>&nbsp;4T-csapat\u00e1nak&nbsp;<strong><em>Szirtes Aliz<\/em><\/strong>&nbsp;\u00e9s&nbsp;<strong><em>Pasztern\u00e1k Andr\u00e1s&nbsp;<\/em><\/strong>a tagja. Mindketten 2020-ban csatlakoztak az oktat\u00e1si int\u00e9zm\u00e9ny tantest\u00fclet\u00e9hez. Feladatuk, hogy tudom\u00e1nyok \u00e9s a m\u0171v\u00e9szetek ter\u00e9n m\u00e9g t\u00f6bb izgalmas kezdem\u00e9nyez\u00e9s induljon el a tan\u00f3r\u00e1k keret\u00e9ben \u00e9s azokon k\u00edv\u00fcl is.<\/p>\n\n\n\n<div class=\"wp-block-image\"><figure class=\"alignleft is-resized\"><img loading=\"lazy\" src=\"https:\/\/4t.lauder.hu\/wp-content\/uploads\/2021\/02\/kitepride-aliz-ma%CC%81solat.jpg\" alt=\"\" class=\"wp-image-122\" width=\"99\" height=\"124\"\/><\/figure><\/div>\n\n\n\n<p><strong><em>Aliz<\/em><\/strong>\u00a0Divat- \u00e9s Textiltervez\u0151k\u00e9nt (MA), valamint Design \u00e9s vizu\u00e1lism\u0171v\u00e9szet-tan\u00e1rk\u00e9nt (MA) v\u00e9gzett a\u00a0<em>Moholy-Nagy M\u0171v\u00e9szeti Egyetemen<\/em>. Szakmai tapasztalatot a nemzetk\u00f6zi filmiparban \u00e9s k\u00fclf\u00f6ldi design c\u00e9gekn\u00e9l szerzett. 2019-ben egy tel-avivi design c\u00e9gn\u00e9l dolgozott, mely t\u00e1rsadalmi \u00e9s k\u00f6rnyezetv\u00e9delmi felel\u0151ss\u00e9gv\u00e1llal\u00e1st k\u00e9pvisel. Jelenleg a\u00a0<em>Lauder Iskol\u00e1ban<\/em>\u00a0vizu\u00e1lis m\u0171v\u00e9szetek \u00e9s design tan\u00e1rk\u00e9nt tev\u00e9kenykedik.<\/p>\n\n\n\n<div class=\"wp-block-columns\">\n<div class=\"wp-block-column\" style=\"flex-basis:100%\">\n<p><\/p>\n<\/div>\n<\/div>\n\n\n\n<div class=\"wp-block-image is-style-default\"><figure class=\"alignleft is-resized\"><img loading=\"lazy\" src=\"https:\/\/4t.lauder.hu\/wp-content\/uploads\/2021\/02\/14519647_10157497794325293_3946930157139248166_n.jpg\" alt=\"\" class=\"wp-image-124\" width=\"102\" height=\"102\" srcset=\"https:\/\/summacum.lauder.hu\/wp-content\/uploads\/2021\/02\/14519647_10157497794325293_3946930157139248166_n.jpg 512w, https:\/\/summacum.lauder.hu\/wp-content\/uploads\/2021\/02\/14519647_10157497794325293_3946930157139248166_n-300x300.jpg 300w, https:\/\/summacum.lauder.hu\/wp-content\/uploads\/2021\/02\/14519647_10157497794325293_3946930157139248166_n-150x150.jpg 150w\" sizes=\"(max-width: 102px) 100vw, 102px\" \/><\/figure><\/div>\n\n\n\n<p><strong><em>Andr\u00e1s<\/em><\/strong>&nbsp;az&nbsp;<em>E\u00f6tv\u00f6s Lor\u00e1nd Tudom\u00e1nyegyetem<\/em>&nbsp;vegy\u00e9sz szak\u00e1n v\u00e9gzett 2004-ben, ugyanitt 2010 szerzett PhD fokozatot. 11 \u00e9ven \u00e1t nanotechnol\u00f3giai kutat\u00e1sokat folytatott az&nbsp;<em>MTA K\u00e9miai&nbsp;<\/em>majd a&nbsp;<em>Term\u00e9szettudom\u00e1nyi Kutat\u00f3k\u00f6zpontban<\/em>, valamint az izraeli&nbsp;<em>Bar-Ilan Egyetemen<\/em>. 2015-t\u0151l a&nbsp;<em>Csod\u00e1k Palot\u00e1ja<\/em>&nbsp;munkat\u00e1rsa, jelenleg a tudom\u00e1nyos \u00e9lm\u00e9nyk\u00f6zpont tudom\u00e1nykommunik\u00e1ci\u00f3s vezet\u0151je. A&nbsp;<em>Lauder Javne Iskol\u00e1ban<\/em>&nbsp;STEAM-programkoordin\u00e1tork\u00e9nt dolgozik.<\/p>\n\n\n\n<ul><li><a href=\"https:\/\/4t.lauder.hu\/index.php\/category\/temanapok\/\" data-type=\"URL\" data-id=\"https:\/\/4t.lauder.hu\/index.php\/category\/temanapok\/\">STEAM t\u00e9manapok<\/a><\/li><li><a href=\"https:\/\/4t.lauder.hu\/index.php\/category\/innolab-diak-innovator-klub\/\">INNOlab &#8211; Di\u00e1k Innov\u00e1torok Klubja<\/a><\/li><li><a href=\"https:\/\/4t.lauder.hu\/index.php\/category\/steam-kovet-kepzes\/\" data-type=\"URL\" data-id=\"https:\/\/4t.lauder.hu\/index.php\/category\/steam-kovet-kepzes\/\">STEAM-k\u00f6vet k\u00e9pz\u00e9s<\/a><\/li><li><a href=\"https:\/\/4t.lauder.hu\/index.php\/category\/steam-orak\/\">STEAM \u00f3r\u00e1k <\/a><\/li><li><a href=\"https:\/\/4t.lauder.hu\/index.php\/category\/innolab-hirek\/\" data-type=\"URL\" data-id=\"https:\/\/4t.lauder.hu\/index.php\/category\/innolab-hirek\/\">INNOlab h\u00edrek <\/a><\/li><li><a href=\"https:\/\/4t.lauder.hu\/index.php\/category\/sara-a-tudomany-nyomaban\/\" data-type=\"URL\" data-id=\"https:\/\/4t.lauder.hu\/index.php\/category\/sara-a-tudomany-nyomaban\/\">S\u00e1ra a tudom\u00e1ny nyom\u00e1ban <\/a><\/li><\/ul>\n","protected":false},"excerpt":{"rendered":"<p>A&nbsp;Lauder Javne Iskola&nbsp;4T-csapat\u00e1nak&nbsp;Szirtes Aliz&nbsp;\u00e9s&nbsp;Pasztern\u00e1k Andr\u00e1s&nbsp;a tagja. Mindketten 2020-ban csatlakoztak az oktat\u00e1si int\u00e9zm\u00e9ny tantest\u00fclet\u00e9hez. Feladatuk, hogy tudom\u00e1nyok \u00e9s a m\u0171v\u00e9szetek ter\u00e9n m\u00e9g t\u00f6bb izgalmas kezdem\u00e9nyez\u00e9s induljon el a tan\u00f3r\u00e1k keret\u00e9ben \u00e9s azokon k\u00edv\u00fcl is. Aliz\u00a0Divat- \u00e9s Textiltervez\u0151k\u00e9nt (MA), valamint Design \u00e9s vizu\u00e1lism\u0171v\u00e9szet-tan\u00e1rk\u00e9nt (MA) v\u00e9gzett a\u00a0Moholy-Nagy M\u0171v\u00e9szeti Egyetemen. Szakmai tapasztalatot a nemzetk\u00f6zi filmiparban \u00e9s k\u00fclf\u00f6ldi design c\u00e9gekn\u00e9l szerzett. 2019-ben egy tel-avivi design c\u00e9gn\u00e9l dolgozott, mely t\u00e1rsadalmi \u00e9s k\u00f6rnyezetv\u00e9delmi felel\u0151ss\u00e9gv\u00e1llal\u00e1st k\u00e9pvisel. Jelenleg a\u00a0Lauder Iskol\u00e1ban\u00a0vizu\u00e1lis m\u0171v\u00e9szetek \u00e9s design tan\u00e1rk\u00e9nt tev\u00e9kenykedik. Andr\u00e1s&nbsp;az&nbsp;E\u00f6tv\u00f6s Lor\u00e1nd Tudom\u00e1nyegyetem&nbsp;vegy\u00e9sz szak\u00e1n<\/p>\n","protected":false},"author":3,"featured_media":0,"parent":0,"menu_order":0,"comment_status":"closed","ping_status":"closed","template":"","meta":[],"_links":{"self":[{"href":"https:\/\/summacum.lauder.hu\/index.php\/wp-json\/wp\/v2\/pages\/1046"}],"collection":[{"href":"https:\/\/summacum.lauder.hu\/index.php\/wp-json\/wp\/v2\/pages"}],"about":[{"href":"https:\/\/summacum.lauder.hu\/index.php\/wp-json\/wp\/v2\/types\/page"}],"author":[{"embeddable":true,"href":"https:\/\/summacum.lauder.hu\/index.php\/wp-json\/wp\/v2\/users\/3"}],"replies":[{"embeddable":true,"href":"https:\/\/summacum.lauder.hu\/index.php\/wp-json\/wp\/v2\/comments?post=1046"}],"version-history":[{"count":24,"href":"https:\/\/summacum.lauder.hu\/index.php\/wp-json\/wp\/v2\/pages\/1046\/revisions"}],"predecessor-version":[{"id":2098,"href":"https:\/\/summacum.lauder.hu\/index.php\/wp-json\/wp\/v2\/pages\/1046\/revisions\/2098"}],"wp:attachment":[{"href":"https:\/\/summacum.lauder.hu\/index.php\/wp-json\/wp\/v2\/media?parent=1046"}],"curies":[{"name":"wp","href":"https:\/\/api.w.org\/{rel}","templated":true}]}}