{"id":1207,"date":"2023-05-31T10:36:05","date_gmt":"2023-05-31T10:36:05","guid":{"rendered":"https:\/\/4t.lauder.hu\/?page_id=1207"},"modified":"2023-05-31T10:36:05","modified_gmt":"2023-05-31T10:36:05","slug":"melleklet-1-kovetelmenyek-segedlet","status":"publish","type":"page","link":"https:\/\/summacum.lauder.hu\/index.php\/melleklet-1-kovetelmenyek-segedlet\/","title":{"rendered":"Mell\u00e9klet 1. \u2013K\u00f6vetelm\u00e9nyek, seg\u00e9dlet"},"content":{"rendered":"\n<p>Google Classroom: Requirements<\/p>\n\n\n\n<p>Work in pairs or alone<br>At the end of this project you will be asked to either:<br>Write an essay (Length: 800-1000 words=1,5-2 pages; type: Literary analysis-thesis needed; quotes are ok, but only lines not paragraphs; pictures are not counted as words, but are welcome)<\/p>\n\n\n\n<p>OR<\/p>\n\n\n\n<p>Make a presentation (ppt, at least 10 slides, not too much written text, fluent presentation, clips and other visuals; length: 8-10 minutes, needs to be recorded and handed in)<\/p>\n\n\n\n<p>OR<\/p>\n\n\n\n<p>Make a video where you provide a critical analysis of the series (length 8-10 minutes; genre: mock interview, mock tv show; pair do equal amount of talking)<br><br>All of the above have to include all the aspects listed in Steps 2 and 3 of the Series Analysis Guide (your notes in the two charts)<br>The link (How to Analyze a Film) is there to give you more ideas if needed.<br>The deadline is 9 April 2021<\/p>\n\n\n\n<p><a href=\"https:\/\/courses.lumenlearning.com\/introliterature\/chapter\/how-to-analyze-a-film\/\">https:\/\/courses.lumenlearning.com\/introliterature\/chapter\/how-to-analyze-a-film\/<\/a><\/p>\n\n\n\n<p>Series Analysis Guide<\/p>\n\n\n\n<p><strong>Key Terms and aspects to consider<\/strong><\/p>\n\n\n\n<ol><li>Character arc: describes the inner journey a character will take during the course of the story&nbsp;<\/li><li>Setting: the place, time, and situation in which a story takes place&nbsp;<\/li><li>Explicit messages: messages with meanings that are openly and clearly expressed&nbsp;<\/li><li>Implicit messages: messages with meanings that are more inferred and are often less<\/li><\/ol>\n\n\n\n<p>clearly stated&nbsp;<\/p>\n\n\n\n<ol start=\"5\"><li>Subliminal messages: signals on television of which we are not even consciously<\/li><\/ol>\n\n\n\n<p>aware&nbsp;<\/p>\n\n\n\n<ol start=\"6\"><li>Supraliminal messages: signals on television of which we clearly recognize&nbsp;<\/li><li>Media literacy: allows the general population to be involved in current events to make<\/li><\/ol>\n\n\n\n<p>sound judgements on issues&nbsp;<\/p>\n\n\n\n<ol start=\"8\"><li>High key lighting: refers to lighter colors with less contrast between tones&nbsp;<\/li><li>Low key lighting: refers to darker colors with shadows and more contrast between<\/li><\/ol>\n\n\n\n<p>tones&nbsp;<\/p>\n\n\n\n<ol start=\"10\"><li>Multi-camera: involves two or more cameras which increased angles and perspectives&nbsp;<\/li><li>Single-camera: involves one camera which tends to immerse viewers in a scene&nbsp;<\/li><li>Story board: a group of successive drawings that serve as an outline for your series&nbsp;<\/li><\/ol>\n\n\n\n<p><strong>Step One<\/strong><\/p>\n\n\n\n<ul><li>Your assignment should include detailed analysis of a single season of a&nbsp;television series (or several works of a director, or several films of the same very distinct genre)&nbsp;of your choosing.&nbsp;<\/li><li>You can choose a comedy, drama, or comedy-drama (also known as dramedy).&nbsp;<\/li><li>When making your choice, consider how many characters your show contains and the depth of the character development.&nbsp;<\/li><\/ul>\n\n\n\n<p><strong>Step Two<\/strong><\/p>\n\n\n\n<p>Describe the season arc, identify the various messages (both explicit and implicit) along with the plot and themes in the television series, and identify factors that influence interpretation.&nbsp;<\/p>\n\n\n\n<p><strong>Step Three<\/strong><\/p>\n\n\n\n<p>Interpret the meaning of various artistic choices related to:&nbsp;<\/p>\n\n\n\n<ul><li>Characters: Identify what the characters have in common, as well as how they differ. Explain how main characters change and grow throughout the season.<\/li><li>Lighting: Analyze the ways in which lighting is used to convey emotion and communicate with the audience.&nbsp;<\/li><li>Pacing: Decide if your series has a frenetic pace, a laid-back pace, or something in between those two extremes. Analyze how pacing impacts the story and the viewer.&nbsp;<\/li><li>Plot: Evaluate the plot. Does your series have an ongoing plot or a relatively new plot each episode? Distinguish between what are referred to in the business as A Plots, B Plots and C Plots<\/li><li>Settings: Consider the setting. Is the setting static or does it frequently change? How does the setting impact the plot, tone, theme, and&nbsp;character.<\/li><li>Theme: regular themes like redemption, sacrifice, justice, transformation, etc.<\/li><li>Other visuals: single or multiple camera and why that matters to viewers<\/li><\/ul>\n","protected":false},"excerpt":{"rendered":"<p>Google Classroom: Requirements Work in pairs or aloneAt the end of this project you will be asked to either:Write an essay (Length: 800-1000 words=1,5-2 pages; type: Literary analysis-thesis needed; quotes are ok, but only lines not paragraphs; pictures are not counted as words, but are welcome) OR Make a presentation (ppt, at least 10 slides, not too much written text, fluent presentation, clips and other visuals; length: 8-10 minutes, needs to be recorded and handed in) OR Make a video<\/p>\n","protected":false},"author":3,"featured_media":0,"parent":0,"menu_order":0,"comment_status":"closed","ping_status":"closed","template":"","meta":[],"_links":{"self":[{"href":"https:\/\/summacum.lauder.hu\/index.php\/wp-json\/wp\/v2\/pages\/1207"}],"collection":[{"href":"https:\/\/summacum.lauder.hu\/index.php\/wp-json\/wp\/v2\/pages"}],"about":[{"href":"https:\/\/summacum.lauder.hu\/index.php\/wp-json\/wp\/v2\/types\/page"}],"author":[{"embeddable":true,"href":"https:\/\/summacum.lauder.hu\/index.php\/wp-json\/wp\/v2\/users\/3"}],"replies":[{"embeddable":true,"href":"https:\/\/summacum.lauder.hu\/index.php\/wp-json\/wp\/v2\/comments?post=1207"}],"version-history":[{"count":1,"href":"https:\/\/summacum.lauder.hu\/index.php\/wp-json\/wp\/v2\/pages\/1207\/revisions"}],"predecessor-version":[{"id":1208,"href":"https:\/\/summacum.lauder.hu\/index.php\/wp-json\/wp\/v2\/pages\/1207\/revisions\/1208"}],"wp:attachment":[{"href":"https:\/\/summacum.lauder.hu\/index.php\/wp-json\/wp\/v2\/media?parent=1207"}],"curies":[{"name":"wp","href":"https:\/\/api.w.org\/{rel}","templated":true}]}}