{"id":1227,"date":"2023-05-31T10:44:41","date_gmt":"2023-05-31T10:44:41","guid":{"rendered":"https:\/\/4t.lauder.hu\/?page_id=1227"},"modified":"2023-05-31T10:44:41","modified_gmt":"2023-05-31T10:44:41","slug":"melleklet-7-zaro-munka-legend-of-aang-c-gyerek-munkaja","status":"publish","type":"page","link":"https:\/\/summacum.lauder.hu\/index.php\/melleklet-7-zaro-munka-legend-of-aang-c-gyerek-munkaja\/","title":{"rendered":"Mell\u00e9klet 7. \u2013 Z\u00e1r\u00f3 munka (Legend of Aang, C gyerek munk\u00e1ja)"},"content":{"rendered":"\n<figure class=\"wp-block-image size-large\"><img loading=\"lazy\" width=\"1024\" height=\"576\" src=\"https:\/\/4t.lauder.hu\/wp-content\/uploads\/2023\/05\/image-6-1024x576.png\" alt=\"\" class=\"wp-image-1228\" srcset=\"https:\/\/summacum.lauder.hu\/wp-content\/uploads\/2023\/05\/image-6-1024x576.png 1024w, https:\/\/summacum.lauder.hu\/wp-content\/uploads\/2023\/05\/image-6-300x169.png 300w, https:\/\/summacum.lauder.hu\/wp-content\/uploads\/2023\/05\/image-6-768x432.png 768w, https:\/\/summacum.lauder.hu\/wp-content\/uploads\/2023\/05\/image-6-1170x658.png 1170w, https:\/\/summacum.lauder.hu\/wp-content\/uploads\/2023\/05\/image-6.png 1366w\" sizes=\"(max-width: 1024px) 100vw, 1024px\" \/><\/figure>\n\n\n\n<p><a href=\"https:\/\/drive.google.com\/file\/d\/1nFZBOfr4ZokrwPnQuZHSN5Lea2qUJBKQ\/view?usp=sharing\">https:\/\/drive.google.com\/file\/d\/1nFZBOfr4ZokrwPnQuZHSN5Lea2qUJBKQ\/view?usp=sharing<\/a><\/p>\n","protected":false},"excerpt":{"rendered":"<p>https:\/\/drive.google.com\/file\/d\/1nFZBOfr4ZokrwPnQuZHSN5Lea2qUJBKQ\/view?usp=sharing<\/p>\n","protected":false},"author":3,"featured_media":0,"parent":0,"menu_order":0,"comment_status":"closed","ping_status":"closed","template":"","meta":[],"_links":{"self":[{"href":"https:\/\/summacum.lauder.hu\/index.php\/wp-json\/wp\/v2\/pages\/1227"}],"collection":[{"href":"https:\/\/summacum.lauder.hu\/index.php\/wp-json\/wp\/v2\/pages"}],"about":[{"href":"https:\/\/summacum.lauder.hu\/index.php\/wp-json\/wp\/v2\/types\/page"}],"author":[{"embeddable":true,"href":"https:\/\/summacum.lauder.hu\/index.php\/wp-json\/wp\/v2\/users\/3"}],"replies":[{"embeddable":true,"href":"https:\/\/summacum.lauder.hu\/index.php\/wp-json\/wp\/v2\/comments?post=1227"}],"version-history":[{"count":1,"href":"https:\/\/summacum.lauder.hu\/index.php\/wp-json\/wp\/v2\/pages\/1227\/revisions"}],"predecessor-version":[{"id":1229,"href":"https:\/\/summacum.lauder.hu\/index.php\/wp-json\/wp\/v2\/pages\/1227\/revisions\/1229"}],"wp:attachment":[{"href":"https:\/\/summacum.lauder.hu\/index.php\/wp-json\/wp\/v2\/media?parent=1227"}],"curies":[{"name":"wp","href":"https:\/\/api.w.org\/{rel}","templated":true}]}}