{"id":1311,"date":"2023-08-22T08:24:36","date_gmt":"2023-08-22T08:24:36","guid":{"rendered":"https:\/\/4t.lauder.hu\/?page_id=1311"},"modified":"2023-10-10T12:48:09","modified_gmt":"2023-10-10T12:48:09","slug":"lauder-mit","status":"publish","type":"page","link":"https:\/\/summacum.lauder.hu\/index.php\/lauder-mit\/","title":{"rendered":"Lauder Multiverzum Innov\u00e1ci\u00f3s T\u00e9r (MIT) Di\u00e1klabor"},"content":{"rendered":"\n<p>A <strong>Lauder Multiverzum Innov\u00e1ci\u00f3s T\u00e9r (MIT) Di\u00e1klabor<\/strong> c\u00e9lja, olyan term\u00e9szettudom\u00e1nyos, kutat\u00f3i \u00e9s m\u00e9rn\u00f6ki \u00e9letp\u00e1ly\u00e1t n\u00e9pszer\u0171s\u00edt\u0151 m\u0171hely l\u00e9trehoz\u00e1sa \u00e9s fejleszt\u00e9se, mely lehet\u0151s\u00e9get biztos\u00edt a 7-13. \u00e9vfolyamok di\u00e1kjai k\u00f6r\u00e9ben a tudom\u00e1nyos kiv\u00e1l\u00f3s\u00e1g t\u00e1mogat\u00e1s\u00e1ra. <\/p>\n\n\n\n<p>K\u00fcldet\u00e9se a tudom\u00e1nyos \u00e9letp\u00e1lya \u00fajszer\u0171 m\u00f3dszertanok \u00e1ltali vonz\u00f3v\u00e1 t\u00e9tele, innovat\u00edv projektek l\u00e9trehoz\u00e1sa els\u0151sorban az MTMI, m\u00e1sodsorban a design szakter\u00fcletekhez kapcsol\u00f3d\u00f3an.<\/p>\n\n\n\n<p>Az \u00faj kezdem\u00e9nyez\u00e9s a <em>Lauder Javne Iskola<\/em> sok \u00e9vtizedes, innovat\u00edv oktat\u00e1si projektjeinek magasabb szinten t\u00f6rt\u00e9n\u0151 folytat\u00e1sa. Az oktat\u00e1si int\u00e9zm\u00e9nyben felhalmozott tapasztalatokat eg\u00e9sz\u00edti ki a XXI. sz\u00e1zad technol\u00f3giai \u00e9s m\u00f3dszertani \u00fajdons\u00e1gaival, multiszenzori\u00e1lis rendszerek ismereteivel az \u00faj val\u00f3s\u00e1g modellek f\u00e9ny\u00e9ben.<\/p>\n\n\n\n<p>A <strong>Lauder MIT Di\u00e1klabor<\/strong> m\u0171k\u00f6d\u00e9se els\u0151sorban a di\u00e1kok proakt\u00edv gondolkod\u00e1s\u00e1ra, saj\u00e1t tev\u00e9kenys\u00e9g\u00e9re \u00e9s k\u00eds\u00e9rletez\u00e9s\u00e9re \u00e9p\u00fcl.<\/p>\n\n\n\n<p><em>Lauder MIT Di\u00e1klabor a <a rel=\"noreferrer noopener\" href=\"https:\/\/diaklabor.hu\/egyesuleti-hirek\/selye-janos-diaklaborhalozat-kiepitese\/\" data-type=\"URL\" data-id=\"https:\/\/diaklabor.hu\/egyesuleti-hirek\/selye-janos-diaklaborhalozat-kiepitese\/\" target=\"_blank\"><strong>Selye J\u00e1nos Di\u00e1klaborh\u00e1l\u00f3zat<\/strong><\/a><strong> <\/strong>szerves r\u00e9szek\u00e9nt j\u00f6n l\u00e9tre.<\/em><\/p>\n\n\n\n<p><a href=\"https:\/\/4t.lauder.hu\/index.php\/category\/lauder-mit-diaklabor\/mit-hirek-lauder-mit-diaklabor\/\" data-type=\"URL\" data-id=\"https:\/\/4t.lauder.hu\/index.php\/category\/lauder-mit-diaklabor\/mit-hirek-lauder-mit-diaklabor\/\" target=\"_blank\" rel=\"noreferrer noopener\"><strong>MIT &#8211; H\u00edrek<\/strong><\/a><\/p>\n\n\n\n<p><strong><a href=\"https:\/\/4t.lauder.hu\/index.php\/category\/lauder-mit-diaklabor\/mit-rendezvenyek\/\" data-type=\"URL\" data-id=\"https:\/\/4t.lauder.hu\/index.php\/category\/lauder-mit-diaklabor\/mit-rendezvenyek\/\" target=\"_blank\" rel=\"noreferrer noopener\">MIT &#8211; Rendezv\u00e9nyek<\/a><\/strong><\/p>\n\n\n\n<p><strong><a href=\"https:\/\/4t.lauder.hu\/index.php\/category\/lauder-mit-diaklabor\/mit-oktatasi-anyagok\/\" data-type=\"URL\" data-id=\"https:\/\/4t.lauder.hu\/index.php\/category\/lauder-mit-diaklabor\/mit-oktatasi-anyagok\/\" target=\"_blank\" rel=\"noreferrer noopener\">MIT &#8211; Oktat\u00e1si anyagok<\/a><\/strong><\/p>\n","protected":false},"excerpt":{"rendered":"<p>A Lauder Multiverzum Innov\u00e1ci\u00f3s T\u00e9r (MIT) Di\u00e1klabor c\u00e9lja, olyan term\u00e9szettudom\u00e1nyos, kutat\u00f3i \u00e9s m\u00e9rn\u00f6ki \u00e9letp\u00e1ly\u00e1t n\u00e9pszer\u0171s\u00edt\u0151 m\u0171hely l\u00e9trehoz\u00e1sa \u00e9s fejleszt\u00e9se, mely lehet\u0151s\u00e9get biztos\u00edt a 7-13. \u00e9vfolyamok di\u00e1kjai k\u00f6r\u00e9ben a tudom\u00e1nyos kiv\u00e1l\u00f3s\u00e1g t\u00e1mogat\u00e1s\u00e1ra. K\u00fcldet\u00e9se a tudom\u00e1nyos \u00e9letp\u00e1lya \u00fajszer\u0171 m\u00f3dszertanok \u00e1ltali vonz\u00f3v\u00e1 t\u00e9tele, innovat\u00edv projektek l\u00e9trehoz\u00e1sa els\u0151sorban az MTMI, m\u00e1sodsorban a design szakter\u00fcletekhez kapcsol\u00f3d\u00f3an. Az \u00faj kezdem\u00e9nyez\u00e9s a Lauder Javne Iskola sok \u00e9vtizedes, innovat\u00edv oktat\u00e1si projektjeinek magasabb szinten t\u00f6rt\u00e9n\u0151 folytat\u00e1sa. Az oktat\u00e1si int\u00e9zm\u00e9nyben felhalmozott tapasztalatokat eg\u00e9sz\u00edti ki a XXI. sz\u00e1zad technol\u00f3giai \u00e9s m\u00f3dszertani<\/p>\n","protected":false},"author":3,"featured_media":1426,"parent":0,"menu_order":0,"comment_status":"closed","ping_status":"closed","template":"","meta":[],"_links":{"self":[{"href":"https:\/\/summacum.lauder.hu\/index.php\/wp-json\/wp\/v2\/pages\/1311"}],"collection":[{"href":"https:\/\/summacum.lauder.hu\/index.php\/wp-json\/wp\/v2\/pages"}],"about":[{"href":"https:\/\/summacum.lauder.hu\/index.php\/wp-json\/wp\/v2\/types\/page"}],"author":[{"embeddable":true,"href":"https:\/\/summacum.lauder.hu\/index.php\/wp-json\/wp\/v2\/users\/3"}],"replies":[{"embeddable":true,"href":"https:\/\/summacum.lauder.hu\/index.php\/wp-json\/wp\/v2\/comments?post=1311"}],"version-history":[{"count":8,"href":"https:\/\/summacum.lauder.hu\/index.php\/wp-json\/wp\/v2\/pages\/1311\/revisions"}],"predecessor-version":[{"id":1427,"href":"https:\/\/summacum.lauder.hu\/index.php\/wp-json\/wp\/v2\/pages\/1311\/revisions\/1427"}],"wp:featuredmedia":[{"embeddable":true,"href":"https:\/\/summacum.lauder.hu\/index.php\/wp-json\/wp\/v2\/media\/1426"}],"wp:attachment":[{"href":"https:\/\/summacum.lauder.hu\/index.php\/wp-json\/wp\/v2\/media?parent=1311"}],"curies":[{"name":"wp","href":"https:\/\/api.w.org\/{rel}","templated":true}]}}