{"id":1361,"date":"2023-09-12T11:15:08","date_gmt":"2023-09-12T11:15:08","guid":{"rendered":"https:\/\/4t.lauder.hu\/?page_id=1361"},"modified":"2023-12-20T15:45:45","modified_gmt":"2023-12-20T15:45:45","slug":"jad-jewish-art-danube-projekt","status":"publish","type":"page","link":"https:\/\/summacum.lauder.hu\/index.php\/jad-jewish-art-danube-projekt\/","title":{"rendered":"JAD \u2013 Jewish Art Danube-projekt"},"content":{"rendered":"\n<iframe width=\"640\" height=\"360\" src=\"https:\/\/www.artsteps.com\/embed\/657981f8b1c629beaa55db8d\/640\/360\" frameborder=\"0\" allowfullscreen><\/iframe>\n\n\n\n<p><em>A Duna \u00e9vsz\u00e1zados kapcsolatokat teremt nemcsak orsz\u00e1gok, n\u00e9pek k\u00f6z\u00f6tt, hanem hidakat k\u00e9pez az egym\u00e1s k\u00f6zel\u00e9ben \u00e9s t\u00e1volabb \u00e9l\u0151 zsid\u00f3 k\u00f6z\u00f6ss\u00e9gek sz\u00e1m\u00e1ra is. <a rel=\"noreferrer noopener\" href=\"https:\/\/kehreg.com\/visit\/\" data-type=\"URL\" data-id=\"https:\/\/kehreg.com\/visit\/\" target=\"_blank\">Kom\u00e1rom (Szlov\u00e1kia)<\/a> \u00e9s Budapest (Magyarorsz\u00e1g) \u00e9rint\u00e9s\u00e9vel indulunk virtu\u00e1lis haj\u00f3\u00fatra, mely sor\u00e1n a m\u0171v\u00e9szetek \u00e9s a tudom\u00e1ny eszk\u00f6zvil\u00e1g\u00e1t haszn\u00e1lva ismerj\u00fck meg a Duna-menti zsid\u00f3 k\u00f6z\u00f6ss\u00e9gek m\u00faltj\u00e1t, jelen\u00e9t. <\/em><\/p>\n\n\n\n<figure class=\"wp-block-image size-large\"><img loading=\"lazy\" width=\"1000\" height=\"449\" src=\"https:\/\/4t.lauder.hu\/wp-content\/uploads\/2023\/09\/KN-kicsi.jpg\" alt=\"\" class=\"wp-image-1363\" srcset=\"https:\/\/summacum.lauder.hu\/wp-content\/uploads\/2023\/09\/KN-kicsi.jpg 1000w, https:\/\/summacum.lauder.hu\/wp-content\/uploads\/2023\/09\/KN-kicsi-300x135.jpg 300w, https:\/\/summacum.lauder.hu\/wp-content\/uploads\/2023\/09\/KN-kicsi-768x345.jpg 768w\" sizes=\"(max-width: 1000px) 100vw, 1000px\" \/><\/figure>\n\n\n\n<p><em>A h\u00e9ber <strong>JAD (k\u00e9z) <\/strong>sz\u00f3 egyszerre szimboliz\u00e1lja az egym\u00e1s k\u00f6z\u00f6tti k\u00e9zfog\u00e1st, a zsid\u00f3 \u00e9s nem zsid\u00f3 \u00e9rt\u00e9kek, kultur\u00e1lis \u00f6r\u00f6ks\u00e9g megismer\u00e9se ir\u00e1nti v\u00e1gyat. Mik\u00f6zben elm\u00e9lyed\u00fcnk a t\u00f6rt\u00e9nelemben, a term\u00e9szetet is g\u00f3rcs\u0151 al\u00e1 vessz\u00fck. Megvizsg\u00e1ljuk, mit jelentett, jelent a foly\u00f3 sz\u00e1munkra, mennyire v\u00e1ltozott az elm\u00falt \u00e9vtizedekben az a k\u00e9p, amely a haj\u00f3z\u00f3k el\u00e9 t\u00e1rult.<\/em><\/p>\n\n\n\n<p>A <strong><em>MAZS\u00d6K t\u00e1mogat\u00e1s\u00e1val <\/em><\/strong>megval\u00f3sul\u00f3 projekt c\u00e9lja: a Duna-menti zsid\u00f3 k\u00f6z\u00f6ss\u00e9gek \u00e9let\u00e9nek bemutat\u00e1sa a k\u00e9pz\u0151m\u0171v\u00e9szet eszk\u00f6zeivel, egym\u00e1s megismer\u00e9se \u00e9s megismertet\u00e9se m\u00e1sokkal egy vizu\u00e1lis \u00fatikalauz seg\u00edts\u00e9g\u00e9vel a modern technol\u00f3gia alkalmaz\u00e1s\u00e1val, AR-plak\u00e1tok fejleszt\u00e9se. Mindk\u00e9t helysz\u00ednen egynapos JAD kultur\u00e1lis minifesztiv\u00e1lt szervez\u00fcnk.<\/p>\n\n\n\n<p><a href=\"https:\/\/4t.lauder.hu\/index.php\/category\/jad\/\" data-type=\"URL\" data-id=\"https:\/\/4t.lauder.hu\/index.php\/category\/jad\/\" target=\"_blank\" rel=\"noreferrer noopener\">A projekt h\u00edrei <\/a><\/p>\n\n\n\n<figure class=\"wp-block-image size-large\"><img loading=\"lazy\" width=\"1024\" height=\"344\" src=\"https:\/\/4t.lauder.hu\/wp-content\/uploads\/2023\/09\/JAD-logo-1024x344.jpg\" alt=\"\" class=\"wp-image-1362\" srcset=\"https:\/\/summacum.lauder.hu\/wp-content\/uploads\/2023\/09\/JAD-logo-1024x344.jpg 1024w, https:\/\/summacum.lauder.hu\/wp-content\/uploads\/2023\/09\/JAD-logo-300x101.jpg 300w, https:\/\/summacum.lauder.hu\/wp-content\/uploads\/2023\/09\/JAD-logo-768x258.jpg 768w, https:\/\/summacum.lauder.hu\/wp-content\/uploads\/2023\/09\/JAD-logo-1170x393.jpg 1170w, https:\/\/summacum.lauder.hu\/wp-content\/uploads\/2023\/09\/JAD-logo.jpg 1508w\" sizes=\"(max-width: 1024px) 100vw, 1024px\" \/><\/figure>\n","protected":false},"excerpt":{"rendered":"<p>A Duna \u00e9vsz\u00e1zados kapcsolatokat teremt nemcsak orsz\u00e1gok, n\u00e9pek k\u00f6z\u00f6tt, hanem hidakat k\u00e9pez az egym\u00e1s k\u00f6zel\u00e9ben \u00e9s t\u00e1volabb \u00e9l\u0151 zsid\u00f3 k\u00f6z\u00f6ss\u00e9gek sz\u00e1m\u00e1ra is. Kom\u00e1rom (Szlov\u00e1kia) \u00e9s Budapest (Magyarorsz\u00e1g) \u00e9rint\u00e9s\u00e9vel indulunk virtu\u00e1lis haj\u00f3\u00fatra, mely sor\u00e1n a m\u0171v\u00e9szetek \u00e9s a tudom\u00e1ny eszk\u00f6zvil\u00e1g\u00e1t haszn\u00e1lva ismerj\u00fck meg a Duna-menti zsid\u00f3 k\u00f6z\u00f6ss\u00e9gek m\u00faltj\u00e1t, jelen\u00e9t. A h\u00e9ber JAD (k\u00e9z) sz\u00f3 egyszerre szimboliz\u00e1lja az egym\u00e1s k\u00f6z\u00f6tti k\u00e9zfog\u00e1st, a zsid\u00f3 \u00e9s nem zsid\u00f3 \u00e9rt\u00e9kek, kultur\u00e1lis \u00f6r\u00f6ks\u00e9g megismer\u00e9se ir\u00e1nti v\u00e1gyat. Mik\u00f6zben elm\u00e9lyed\u00fcnk a t\u00f6rt\u00e9nelemben, a term\u00e9szetet is g\u00f3rcs\u0151 al\u00e1 vessz\u00fck.<\/p>\n","protected":false},"author":3,"featured_media":0,"parent":0,"menu_order":0,"comment_status":"closed","ping_status":"closed","template":"","meta":[],"_links":{"self":[{"href":"https:\/\/summacum.lauder.hu\/index.php\/wp-json\/wp\/v2\/pages\/1361"}],"collection":[{"href":"https:\/\/summacum.lauder.hu\/index.php\/wp-json\/wp\/v2\/pages"}],"about":[{"href":"https:\/\/summacum.lauder.hu\/index.php\/wp-json\/wp\/v2\/types\/page"}],"author":[{"embeddable":true,"href":"https:\/\/summacum.lauder.hu\/index.php\/wp-json\/wp\/v2\/users\/3"}],"replies":[{"embeddable":true,"href":"https:\/\/summacum.lauder.hu\/index.php\/wp-json\/wp\/v2\/comments?post=1361"}],"version-history":[{"count":6,"href":"https:\/\/summacum.lauder.hu\/index.php\/wp-json\/wp\/v2\/pages\/1361\/revisions"}],"predecessor-version":[{"id":4631,"href":"https:\/\/summacum.lauder.hu\/index.php\/wp-json\/wp\/v2\/pages\/1361\/revisions\/4631"}],"wp:attachment":[{"href":"https:\/\/summacum.lauder.hu\/index.php\/wp-json\/wp\/v2\/media?parent=1361"}],"curies":[{"name":"wp","href":"https:\/\/api.w.org\/{rel}","templated":true}]}}