{"id":18,"date":"2021-02-01T13:14:43","date_gmt":"2021-02-01T13:14:43","guid":{"rendered":"https:\/\/4t.lauder.hu\/?page_id=18"},"modified":"2023-06-07T11:00:37","modified_gmt":"2023-06-07T11:00:37","slug":"rolunk","status":"publish","type":"page","link":"https:\/\/summacum.lauder.hu\/index.php\/rolunk\/","title":{"rendered":"K\u00fclted\u00e9s\u00fcnk a Summa Cum Lauder oldallal"},"content":{"rendered":"\n<p>Kedves L\u00e1togat\u00f3!<\/p>\n\n\n\n<p>K\u00f6sz\u00f6nt\u00fcnk a <a rel=\"noreferrer noopener\" href=\"https:\/\/lauder.hu\/\" data-type=\"URL\" data-id=\"https:\/\/lauder.hu\/\" target=\"_blank\"><strong>Lauder Javne Iskola<\/strong><\/a> oktat\u00e1si &#8211; m\u00f3dszertani port\u00e1lj\u00e1n!  <\/p>\n\n\n\n<p>C\u00e9lunk, hogy betekint\u00e9st engedj\u00fcnk az iskol\u00e1ban zajl\u00f3 szakmai munk\u00e1ba, illetve, hogy \u00f6sszekapcsoljuk koll\u00e9g\u00e1inkat k\u00fcl\u00f6nb\u00f6z\u0151 szakmai h\u00e1tterekb\u0151l, \u00e9s lehet\u0151v\u00e9 tegy\u00fck sz\u00e1mukra, hogy megossz\u00e1k tapasztalataikat, bev\u00e1lt gyakorlataikat \u00e9s \u00f6tleteiket a tan\u00edt\u00e1s \u00e9s tanul\u00e1s ter\u00e9n. Elk\u00f6telezettek vagyunk az ir\u00e1nt, hogy egy olyan k\u00f6z\u00f6ss\u00e9get hozzunk l\u00e9tre, ahol a pedag\u00f3gusok inspir\u00e1ci\u00f3t mer\u00edtenek egym\u00e1sb\u00f3l, \u00faj strat\u00e9gi\u00e1kat \u00e9s eszk\u00f6z\u00f6ket fedeznek fel, \u00e9s folyamatosan fejlesztik szakmai kompetenci\u00e1ikat.&nbsp;<\/p>\n\n\n\n<p>Weboldalunkon iskol\u00e1nk tan\u00e1rai bemutathatj\u00e1k egyedi tananyagaikat, \u00f3raterveiket, tev\u00e9kenys\u00e9geiket \u00e9s egy\u00e9b oktat\u00e1si tartalmaikat. Fel\u00fclet\u00fcnk\u00f6n minden tan\u00e1r sz\u00e1m\u00e1ra lehet\u0151s\u00e9get k\u00edn\u00e1lunk arra, hogy hozz\u00e1f\u00e9rjenek olyan tartalmakhoz, amelyek seg\u00edts\u00e9get ny\u00fajthatnak a tan\u00edt\u00e1si-tanul\u00e1si folyamat hat\u00e9konyabb\u00e1 t\u00e9tel\u00e9ben. Itt megtal\u00e1lhat\u00f3k lesznek cikkek, blogbejegyz\u00e9sek, vide\u00f3k \u00e9s oktat\u00f3anyagok, amelyek \u00e1rnyalhatj\u00e1k a leg\u00fajabb pedag\u00f3giai kutat\u00e1sok eredm\u00e9nyeit, tanul\u00e1si strat\u00e9gi\u00e1kat, differenci\u00e1lt oktat\u00e1si m\u00f3dszereket \u00e9s az alkalmazott technol\u00f3gi\u00e1kat az oktat\u00e1sban. C\u00e9lunk, hogy el\u0151seg\u00edts\u00fck az eszmecser\u00e9t, a szakmai fejl\u0151d\u00e9st, \u00e9s v\u00e9gs\u0151 soron jav\u00edtsuk a tanul\u00f3ink sz\u00e1m\u00e1ra ny\u00fajtott oktat\u00e1s min\u0151s\u00e9g\u00e9t.<\/p>\n\n\n\n<p>Arra t\u00f6reksz\u00fcnk, hogy olyan befogad\u00f3 \u00e9s t\u00e1mogat\u00f3 k\u00f6rnyezetet hozzunk l\u00e9tre, amely arra \u00f6szt\u00f6nzi a tan\u00e1rokat, hogy hozz\u00e1j\u00e1ruljanak publik\u00e1ci\u00f3kkal a fel\u00fclet gyarapod\u00e1s\u00e1hoz. A pedag\u00f3gusok tanulhatnak egym\u00e1st\u00f3l, alkalmazhatj\u00e1k a legjobb gyakorlatokat, \u00e9s folyamatosan finom\u00edthatj\u00e1k oktat\u00e1si m\u00f3dszereiket. Hissz\u00fck, hogy a tud\u00e1s megoszt\u00e1sa \u00e9s a k\u00f6z\u00f6s gondolkod\u00e1s kulcsfontoss\u00e1g\u00fa a pedag\u00f3giai szakmai fejl\u0151d\u00e9sben. Csak \u00edgy tudunk egy\u00fctt haladni el\u0151re, \u00e9s el\u0151seg\u00edteni a min\u0151s\u00e9gi oktat\u00e1st int\u00e9zm\u00e9ny\u00fcnkben, k\u00e9s\u0151bb pedig sz\u00e9lesebb k\u00f6rben.<\/p>\n\n\n\n<p>Elk\u00f6telezett koll\u00e9g\u00e1ink tud\u00e1s\u00e1nak megoszt\u00e1s\u00e1val arra t\u00f6reksz\u00fcnk, hogy oktat\u00e1si anyagok sz\u00e9les t\u00e1rh\u00e1z\u00e1t hozzuk l\u00e9tre egy olyan felhaszn\u00e1l\u00f3bar\u00e1t fel\u00fcleten, amelyen b\u00e1rki k\u00f6nnyen tud b\u00f6ng\u00e9szni. Szeretn\u00e9nk, ha az oldal nem puszt\u00e1n saj\u00e1t int\u00e9zm\u00e9ny\u00fcnk pedag\u00f3gusai, de m\u00e1s iskol\u00e1k tan\u00e1rainak is \u00e9rt\u00e9kes forr\u00e1s\u00e1v\u00e1 v\u00e1lna. Csapatunk elk\u00f6telezett abban, hogy t\u00e1mogat\u00e1st ny\u00fajtson a koll\u00e9g\u00e1k sz\u00e1m\u00e1ra&nbsp; szakmai fejl\u0151d\u00e9s\u00fckben, \u00e9s \u00f6szt\u00f6n\u00f6zze az \u00e1lland\u00f3 tanul\u00e1st \u00e9s kollabor\u00e1ci\u00f3t a pedag\u00f3gia ter\u00fclet\u00e9n.&nbsp;<\/p>\n\n\n\n<p class=\"has-text-align-right\">&#8220;<em>A szakmai megjelen\u00e9s&#8221; TEAM tagjai<\/em><\/p>\n\n\n\n<p class=\"has-text-align-left\">TEAM-tagok: <strong><em>Fony\u00f3di G\u00e1bor, Laufer P\u00e9ter, L\u00e9vay Zsuzsa, M\u00e1hr Kinga, Suzie Noe, P\u00e1sztor N\u00f3ra, Szekeres Ferenc <\/em><\/strong><br><br>Felel\u0151s szerkeszt\u0151: <strong><em>Pasztern\u00e1k Andr\u00e1s &#8211; 4t (a) lauder.hu<\/em><\/strong><\/p>\n\n\n\n<p><\/p>\n\n\n\n<p><em>(a weboldal 2020 \u00e9s 2023 k\u00f6z\u00f6tt az oktat\u00e1si int\u00e9zm\u00e9ny STEAM-blogjak\u00e9nt m\u0171k\u00f6d\u00f6tt)<\/em><\/p>\n","protected":false},"excerpt":{"rendered":"<p>Kedves L\u00e1togat\u00f3! K\u00f6sz\u00f6nt\u00fcnk a Lauder Javne Iskola oktat\u00e1si &#8211; m\u00f3dszertani port\u00e1lj\u00e1n! C\u00e9lunk, hogy betekint\u00e9st engedj\u00fcnk az iskol\u00e1ban zajl\u00f3 szakmai munk\u00e1ba, illetve, hogy \u00f6sszekapcsoljuk koll\u00e9g\u00e1inkat k\u00fcl\u00f6nb\u00f6z\u0151 szakmai h\u00e1tterekb\u0151l, \u00e9s lehet\u0151v\u00e9 tegy\u00fck sz\u00e1mukra, hogy megossz\u00e1k tapasztalataikat, bev\u00e1lt gyakorlataikat \u00e9s \u00f6tleteiket a tan\u00edt\u00e1s \u00e9s tanul\u00e1s ter\u00e9n. Elk\u00f6telezettek vagyunk az ir\u00e1nt, hogy egy olyan k\u00f6z\u00f6ss\u00e9get hozzunk l\u00e9tre, ahol a pedag\u00f3gusok inspir\u00e1ci\u00f3t mer\u00edtenek egym\u00e1sb\u00f3l, \u00faj strat\u00e9gi\u00e1kat \u00e9s eszk\u00f6z\u00f6ket fedeznek fel, \u00e9s folyamatosan fejlesztik szakmai kompetenci\u00e1ikat.&nbsp; Weboldalunkon iskol\u00e1nk tan\u00e1rai bemutathatj\u00e1k egyedi tananyagaikat, \u00f3raterveiket, tev\u00e9kenys\u00e9geiket \u00e9s egy\u00e9b<\/p>\n","protected":false},"author":3,"featured_media":0,"parent":0,"menu_order":0,"comment_status":"closed","ping_status":"closed","template":"","meta":[],"_links":{"self":[{"href":"https:\/\/summacum.lauder.hu\/index.php\/wp-json\/wp\/v2\/pages\/18"}],"collection":[{"href":"https:\/\/summacum.lauder.hu\/index.php\/wp-json\/wp\/v2\/pages"}],"about":[{"href":"https:\/\/summacum.lauder.hu\/index.php\/wp-json\/wp\/v2\/types\/page"}],"author":[{"embeddable":true,"href":"https:\/\/summacum.lauder.hu\/index.php\/wp-json\/wp\/v2\/users\/3"}],"replies":[{"embeddable":true,"href":"https:\/\/summacum.lauder.hu\/index.php\/wp-json\/wp\/v2\/comments?post=18"}],"version-history":[{"count":14,"href":"https:\/\/summacum.lauder.hu\/index.php\/wp-json\/wp\/v2\/pages\/18\/revisions"}],"predecessor-version":[{"id":1296,"href":"https:\/\/summacum.lauder.hu\/index.php\/wp-json\/wp\/v2\/pages\/18\/revisions\/1296"}],"wp:attachment":[{"href":"https:\/\/summacum.lauder.hu\/index.php\/wp-json\/wp\/v2\/media?parent=18"}],"curies":[{"name":"wp","href":"https:\/\/api.w.org\/{rel}","templated":true}]}}