{"id":2251,"date":"2024-04-17T09:09:39","date_gmt":"2024-04-17T09:09:39","guid":{"rendered":"https:\/\/summacum.lauder.hu\/?page_id=2251"},"modified":"2024-05-29T11:17:55","modified_gmt":"2024-05-29T11:17:55","slug":"biome01","status":"publish","type":"page","link":"https:\/\/summacum.lauder.hu\/index.php\/biome01\/","title":{"rendered":"Horse Chestnut \/ Vadgesztenye \/ Aesculus hippocastanum"},"content":{"rendered":"\n<figure class=\"wp-block-audio\"><audio controls src=\"https:\/\/summacum.lauder.hu\/wp-content\/uploads\/2024\/04\/01_Horse_Chestnut.mp3\"><\/audio><figcaption>Horse Chestnut<\/figcaption><\/figure>\n\n\n\n<figure class=\"wp-block-audio\"><audio controls src=\"https:\/\/summacum.lauder.hu\/wp-content\/uploads\/2024\/04\/01_Vadgesztenye.mp3\"><\/audio><figcaption>Vadgesztenye<\/figcaption><\/figure>\n\n\n\n<div class=\"wp-block-image\"><figure class=\"aligncenter size-large is-resized\"><img loading=\"lazy\" src=\"https:\/\/summacum.lauder.hu\/wp-content\/uploads\/2024\/05\/1-03-768x1024.jpg\" alt=\"\" class=\"wp-image-2635\" width=\"359\" height=\"478\" srcset=\"https:\/\/summacum.lauder.hu\/wp-content\/uploads\/2024\/05\/1-03-768x1024.jpg 768w, https:\/\/summacum.lauder.hu\/wp-content\/uploads\/2024\/05\/1-03-225x300.jpg 225w, https:\/\/summacum.lauder.hu\/wp-content\/uploads\/2024\/05\/1-03.jpg 844w\" sizes=\"(max-width: 359px) 100vw, 359px\" \/><\/figure><\/div>\n\n\n\n<ol><li><strong>Horse Chestnut \/ <\/strong><em>Aesculus hippocastanum<\/em><\/li><\/ol>\n\n\n\n<p>This is a Horse Chestnut tree, or Aesculus hippocastanum. The bark of the tree is smooth grayish brown. In older age, cracks and furrows develop on it.&nbsp;<\/p>\n\n\n\n<p>Its digitate,finger-like lobed leaves have a leathery feel and are dark green. Its long-stemmed leaves consist of ovate leaflets with serrated edges. The veins of the leaves run to the edge. The leaves are connected to the branches by long stems.&nbsp;&nbsp;<\/p>\n\n\n\n<p>It\u2019s very tall, it can grow up to 30-35 meters high, and has dense foliage. In spring its flowering is spectacular. It&#8217;s a deciduous tree.&nbsp;<\/p>\n\n\n\n<p>It produces pod crops,&nbsp; green and spiky on the outside, however the seeds are bright and reddish brown, which look nice, but they are not edible.&nbsp;<\/p>\n\n\n\n<p>On the branches we can often see squirrels jumping and birds sitting along with various bug species.&nbsp;&nbsp;<\/p>\n\n\n\n<p><em><a rel=\"noreferrer noopener\" href=\"https:\/\/summacum.lauder.hu\/index.php\/biome00\/\" data-type=\"URL\" data-id=\"https:\/\/summacum.lauder.hu\/index.php\/biome00\/\" target=\"_blank\">Back to the menu of the learning path<\/a><\/em><\/p>\n\n\n\n<div class=\"wp-block-image\"><figure class=\"aligncenter size-large is-resized\"><img loading=\"lazy\" src=\"https:\/\/summacum.lauder.hu\/wp-content\/uploads\/2024\/05\/1-01-768x1024.jpg\" alt=\"\" class=\"wp-image-2632\" width=\"303\" height=\"404\" srcset=\"https:\/\/summacum.lauder.hu\/wp-content\/uploads\/2024\/05\/1-01-768x1024.jpg 768w, https:\/\/summacum.lauder.hu\/wp-content\/uploads\/2024\/05\/1-01-225x300.jpg 225w, https:\/\/summacum.lauder.hu\/wp-content\/uploads\/2024\/05\/1-01.jpg 844w\" sizes=\"(max-width: 303px) 100vw, 303px\" \/><\/figure><\/div>\n\n\n\n<ol><li><strong>Vadgesztenye \/ <\/strong><em>Aesculus hippocastanum<\/em><\/li><\/ol>\n\n\n\n<p>Ez egy vadgesztenye fa, vagyis egy Aesculus hippocastanum. A fa t\u00f6rzse sima, sz\u00fcrk\u00e9sbarna. Id\u0151sebb korban reped\u00e9sek \u00e9s bar\u00e1zd\u00e1k alakulnak ki rajta.<\/p>\n\n\n\n<p>Az \u00e1tellenesen \u00e1ll\u00f3, ujjasan \u00f6sszetett levelei b\u0151rszer\u0171ek \u00e9s s\u00f6t\u00e9t z\u00f6ldek, sz\u00e1ruk hossz\u00fa; toj\u00e1sdad alak\u00fa, f\u0171r\u00e9szelt \u00e9l\u0171 lev\u00e9lk\u00e9kb\u0151l \u00e1llnak. A levelek erezete \u00e9lre fut\u00f3. Hossz\u00fa sz\u00e1rral kapcsol\u00f3dnak az \u00e1gakhoz.<\/p>\n\n\n\n<p>Nagyon magas, ak\u00e1r 30-35 m\u00e9ter magasra is megn\u0151het. S\u0171r\u0171 lombozata van, tavasszal mutat\u00f3s vir\u00e1gz\u00e1s\u00fa, azonban lombhullat\u00f3 fa.<\/p>\n\n\n\n<p>Z\u00e1rvaterm\u0151, term\u00e9se k\u00edv\u00fcl z\u00f6ld \u00e9s t\u00fcsk\u00e9s, a mag f\u00e9nyes \u00e9s v\u00f6r\u00f6ses barna, de nem ehet\u0151.<\/p>\n\n\n\n<p>Az \u00e1gakon gyakran l\u00e1thatunk m\u00f3kusokat \u00e9s madarakat, valamint k\u00fcl\u00f6nf\u00e9le bogaraknak is otthont ad.<\/p>\n\n\n\n<p><em><a rel=\"noreferrer noopener\" href=\"https:\/\/summacum.lauder.hu\/index.php\/biome00\/\" data-type=\"URL\" data-id=\"https:\/\/summacum.lauder.hu\/index.php\/biome00\/\" target=\"_blank\">Vissza a tan\u00f6sv\u00e9ny men\u00fcj\u00e9be<\/a> <\/em><\/p>\n\n\n\n<div class=\"wp-block-image\"><figure class=\"aligncenter size-large is-resized\"><img loading=\"lazy\" src=\"https:\/\/summacum.lauder.hu\/wp-content\/uploads\/2024\/05\/1-02-766x1024.jpg\" alt=\"\" class=\"wp-image-2633\" width=\"294\" height=\"393\" srcset=\"https:\/\/summacum.lauder.hu\/wp-content\/uploads\/2024\/05\/1-02-766x1024.jpg 766w, https:\/\/summacum.lauder.hu\/wp-content\/uploads\/2024\/05\/1-02-225x300.jpg 225w, https:\/\/summacum.lauder.hu\/wp-content\/uploads\/2024\/05\/1-02-768x1026.jpg 768w, https:\/\/summacum.lauder.hu\/wp-content\/uploads\/2024\/05\/1-02.jpg 842w\" sizes=\"(max-width: 294px) 100vw, 294px\" \/><\/figure><\/div>\n","protected":false},"excerpt":{"rendered":"<p>Horse Chestnut \/ Aesculus hippocastanum This is a Horse Chestnut tree, or Aesculus hippocastanum. The bark of the tree is smooth grayish brown. In older age, cracks and furrows develop on it.&nbsp; Its digitate,finger-like lobed leaves have a leathery feel and are dark green. Its long-stemmed leaves consist of ovate leaflets with serrated edges. The veins of the leaves run to the edge. The leaves are connected to the branches by long stems.&nbsp;&nbsp; It\u2019s very tall, it can grow up<\/p>\n","protected":false},"author":3,"featured_media":0,"parent":0,"menu_order":0,"comment_status":"closed","ping_status":"closed","template":"","meta":[],"_links":{"self":[{"href":"https:\/\/summacum.lauder.hu\/index.php\/wp-json\/wp\/v2\/pages\/2251"}],"collection":[{"href":"https:\/\/summacum.lauder.hu\/index.php\/wp-json\/wp\/v2\/pages"}],"about":[{"href":"https:\/\/summacum.lauder.hu\/index.php\/wp-json\/wp\/v2\/types\/page"}],"author":[{"embeddable":true,"href":"https:\/\/summacum.lauder.hu\/index.php\/wp-json\/wp\/v2\/users\/3"}],"replies":[{"embeddable":true,"href":"https:\/\/summacum.lauder.hu\/index.php\/wp-json\/wp\/v2\/comments?post=2251"}],"version-history":[{"count":12,"href":"https:\/\/summacum.lauder.hu\/index.php\/wp-json\/wp\/v2\/pages\/2251\/revisions"}],"predecessor-version":[{"id":2638,"href":"https:\/\/summacum.lauder.hu\/index.php\/wp-json\/wp\/v2\/pages\/2251\/revisions\/2638"}],"wp:attachment":[{"href":"https:\/\/summacum.lauder.hu\/index.php\/wp-json\/wp\/v2\/media?parent=2251"}],"curies":[{"name":"wp","href":"https:\/\/api.w.org\/{rel}","templated":true}]}}