{"id":2265,"date":"2024-04-17T09:37:05","date_gmt":"2024-04-17T09:37:05","guid":{"rendered":"https:\/\/summacum.lauder.hu\/?page_id=2265"},"modified":"2024-05-29T15:58:20","modified_gmt":"2024-05-29T15:58:20","slug":"biome03","status":"publish","type":"page","link":"https:\/\/summacum.lauder.hu\/index.php\/biome03\/","title":{"rendered":"Sugar Maple \/ Cukor juhar \/ Acer Saccharum"},"content":{"rendered":"\n<figure class=\"wp-block-audio\"><audio controls src=\"https:\/\/summacum.lauder.hu\/wp-content\/uploads\/2024\/04\/03_Sugar_maple_tree-1.mp3\"><\/audio><figcaption>Sugar Maple<\/figcaption><\/figure>\n\n\n\n<figure class=\"wp-block-audio\"><audio controls src=\"https:\/\/summacum.lauder.hu\/wp-content\/uploads\/2024\/04\/03_Cukorjuharfa-1.mp3\"><\/audio><figcaption>Cukor juhar<\/figcaption><\/figure>\n\n\n\n<figure class=\"wp-block-image size-large\"><img loading=\"lazy\" width=\"1024\" height=\"909\" src=\"https:\/\/summacum.lauder.hu\/wp-content\/uploads\/2024\/05\/3-01-1024x909.jpg\" alt=\"\" class=\"wp-image-2647\" srcset=\"https:\/\/summacum.lauder.hu\/wp-content\/uploads\/2024\/05\/3-01-1024x909.jpg 1024w, https:\/\/summacum.lauder.hu\/wp-content\/uploads\/2024\/05\/3-01-300x266.jpg 300w, https:\/\/summacum.lauder.hu\/wp-content\/uploads\/2024\/05\/3-01-768x682.jpg 768w, https:\/\/summacum.lauder.hu\/wp-content\/uploads\/2024\/05\/3-01-1170x1039.jpg 1170w, https:\/\/summacum.lauder.hu\/wp-content\/uploads\/2024\/05\/3-01.jpg 1267w\" sizes=\"(max-width: 1024px) 100vw, 1024px\" \/><\/figure>\n\n\n\n<p>3. <strong>Sugar maple \/<\/strong><em><strong> <\/strong>Acer Saccharum<\/em><\/p>\n\n\n\n<p>The sugar maple tree aka Acer saccharum is a large, slow-growing, deciduous tree which flourishes in well-drained soil; it is a member of the soapberry family. It can grow up to 40 meters (130 feet).There are about twenty species in total. They have a lifespan of 200-300 years.<\/p>\n\n\n\n<p>Its leaves have five lobes, which lack the double-toothed edges of the red maple leaf. Like other maples, Sugar Maples have opposite, lobed leaves. The leaves of the Sugar Maple usually have five squarish, shallow lobes. Each of the largest three lobes has one to several sharp-pointed tips. There is a moderately deep U-shaped notch (sinus) between the lobes.<\/p>\n\n\n\n<p>It has a straight single trunk, the branches are opposite, meaning that they emerge in pairs, opposite one another. Forest-grown Sugar Maples are generally free from branches on the lower third to two-thirds of the tree, with a narrow, rounded crown. Sugar Maple that grow in the open are oval in shape, with upswept lower branches and straight upper branches.<\/p>\n\n\n\n<p>The fruit of Sugar Maple is a pair of winged seeds (called a samara). The winged seeds are green, turning a reddish tan. The seeds drop in late summer.<\/p>\n\n\n\n<p>The Sugar Maple was the premier source of sweetener, along with honey, for both Native Americans and early European settlers.<\/p>\n\n\n\n<p><em><a rel=\"noreferrer noopener\" href=\"https:\/\/summacum.lauder.hu\/index.php\/biome00\/\" target=\"_blank\">Back to the menu of the learning path<\/a><\/em><\/p>\n\n\n\n<figure class=\"wp-block-image size-large\"><img loading=\"lazy\" width=\"768\" height=\"1024\" src=\"https:\/\/summacum.lauder.hu\/wp-content\/uploads\/2024\/05\/3-02-768x1024.jpg\" alt=\"\" class=\"wp-image-2649\" srcset=\"https:\/\/summacum.lauder.hu\/wp-content\/uploads\/2024\/05\/3-02-768x1024.jpg 768w, https:\/\/summacum.lauder.hu\/wp-content\/uploads\/2024\/05\/3-02-225x300.jpg 225w, https:\/\/summacum.lauder.hu\/wp-content\/uploads\/2024\/05\/3-02.jpg 844w\" sizes=\"(max-width: 768px) 100vw, 768px\" \/><\/figure>\n\n\n\n<p>3.<strong> Cukor Juhar <\/strong>\/ <em>Acer Saccharum<\/em><\/p>\n\n\n\n<p>A Cukorjuharfa, azaz Acer Saccharum ak\u00e1r 40 m\u00e9teresre is megn\u0151het. Levelei \u00f6t lebeny\u0171ek, amelyb\u0151l hi\u00e1nyoznak a v\u00f6r\u00f6s juharlev\u00e9l k\u00e9tfog\u00fa sz\u00e9lei. A lev\u00e9l kar\u00e9jai k\u00f6z\u00f6tti bev\u00e1g\u00e1sok u alak\u00faak. A juharf\u00e1nak&nbsp; \u00f6sszesen k\u00f6r\u00fclbel\u00fcl h\u00fasz fajt\u00e1ja van. A cukorjuhar, mely a a szappanbogy\u00f3, azaz sapindaceae csal\u00e1d tagja, egy nagy, lassan n\u00f6vekv\u0151, lombhullat\u00f3 fa, amely j\u00f3 v\u00edzlevezet\u00e9s\u0171 talajban vir\u00e1gzik. Az egyedek \u00e9lettartama 200-300 \u00e9v. Egyenes, egyt\u00f6rzs\u0171, az \u00e1gak ellent\u00e9tesek, vagyis p\u00e1rban, egym\u00e1ssal szemben emelkednek ki. Az erd\u0151ben termesztett cukorjuharok \u00e1ltal\u00e1ban mentesek az \u00e1gakt\u00f3l, az als\u00f3 harmad\u00e1n vagy k\u00e9tharmad\u00e1n, a fa maga keskeny, lekerek\u00edtett koron\u00e1val rendelkezik. A szabadban term\u0151 cukorjuhar ov\u00e1lis alak\u00fa, felsodort als\u00f3 \u00e1gakkal \u00e9s egyenes fels\u0151 \u00e1gakkal rendelkezik. A t\u00f6bbi juharhoz hasonl\u00f3an ennek is ellent\u00e9tes, kar\u00e9jos levelei vannak. A cukorjuhar levelei \u00e1ltal\u00e1ban \u00f6tsz\u00f6glet\u0171ek, sek\u00e9ly lebennyel rendelkeznek. A h\u00e1rom legnagyobb lebeny mindegyik\u00e9nek van egy, vagy t\u00f6bb \u00e9les hegye. A term\u00e9se egy p\u00e1r sz\u00e1rnyas mag, melyek z\u00f6ldek, majd v\u00f6r\u00f6ses s\u00e1rg\u00e1v\u00e1 v\u00e1lnak. A magok ny\u00e1r v\u00e9g\u00e9n lehullanak. A juhar volt az els\u0151 sz\u00e1m\u00fa \u00e9des\u00edt\u0151 a m\u00e9zzel egy\u00fctt, az indi\u00e1nok \u00e9s a korai eur\u00f3pai telepesek sz\u00e1m\u00e1ra is.<\/p>\n\n\n\n<p><em><a rel=\"noreferrer noopener\" href=\"https:\/\/summacum.lauder.hu\/index.php\/biome00\/\" target=\"_blank\">Vissza a tan\u00f6sv\u00e9ny men\u00fcj\u00e9be<\/a><\/em><\/p>\n\n\n\n<div class=\"wp-block-image\"><figure class=\"aligncenter size-large is-resized\"><img loading=\"lazy\" src=\"https:\/\/summacum.lauder.hu\/wp-content\/uploads\/2024\/05\/3-03-768x1024.jpg\" alt=\"\" class=\"wp-image-2650\" width=\"369\" height=\"492\" srcset=\"https:\/\/summacum.lauder.hu\/wp-content\/uploads\/2024\/05\/3-03-768x1024.jpg 768w, https:\/\/summacum.lauder.hu\/wp-content\/uploads\/2024\/05\/3-03-225x300.jpg 225w, https:\/\/summacum.lauder.hu\/wp-content\/uploads\/2024\/05\/3-03.jpg 844w\" sizes=\"(max-width: 369px) 100vw, 369px\" \/><\/figure><\/div>\n","protected":false},"excerpt":{"rendered":"<p>3. Sugar maple \/ Acer Saccharum The sugar maple tree aka Acer saccharum is a large, slow-growing, deciduous tree which flourishes in well-drained soil; it is a member of the soapberry family. It can grow up to 40 meters (130 feet).There are about twenty species in total. They have a lifespan of 200-300 years. Its leaves have five lobes, which lack the double-toothed edges of the red maple leaf. Like other maples, Sugar Maples have opposite, lobed leaves. The leaves<\/p>\n","protected":false},"author":3,"featured_media":0,"parent":0,"menu_order":0,"comment_status":"closed","ping_status":"closed","template":"","meta":[],"_links":{"self":[{"href":"https:\/\/summacum.lauder.hu\/index.php\/wp-json\/wp\/v2\/pages\/2265"}],"collection":[{"href":"https:\/\/summacum.lauder.hu\/index.php\/wp-json\/wp\/v2\/pages"}],"about":[{"href":"https:\/\/summacum.lauder.hu\/index.php\/wp-json\/wp\/v2\/types\/page"}],"author":[{"embeddable":true,"href":"https:\/\/summacum.lauder.hu\/index.php\/wp-json\/wp\/v2\/users\/3"}],"replies":[{"embeddable":true,"href":"https:\/\/summacum.lauder.hu\/index.php\/wp-json\/wp\/v2\/comments?post=2265"}],"version-history":[{"count":4,"href":"https:\/\/summacum.lauder.hu\/index.php\/wp-json\/wp\/v2\/pages\/2265\/revisions"}],"predecessor-version":[{"id":2651,"href":"https:\/\/summacum.lauder.hu\/index.php\/wp-json\/wp\/v2\/pages\/2265\/revisions\/2651"}],"wp:attachment":[{"href":"https:\/\/summacum.lauder.hu\/index.php\/wp-json\/wp\/v2\/media?parent=2265"}],"curies":[{"name":"wp","href":"https:\/\/api.w.org\/{rel}","templated":true}]}}