{"id":2273,"date":"2024-04-17T09:43:50","date_gmt":"2024-04-17T09:43:50","guid":{"rendered":"https:\/\/summacum.lauder.hu\/?page_id=2273"},"modified":"2024-06-04T16:49:08","modified_gmt":"2024-06-04T16:49:08","slug":"biome04","status":"publish","type":"page","link":"https:\/\/summacum.lauder.hu\/index.php\/biome04\/","title":{"rendered":"European Spindle \/ K\u00f6z\u00f6ns\u00e9ges kecsker\u00e1g\u00f3 \/ Euonymus europaeus"},"content":{"rendered":"\n<figure class=\"wp-block-audio\"><audio controls src=\"https:\/\/summacum.lauder.hu\/wp-content\/uploads\/2024\/04\/04_Spindle.mp3\"><\/audio><figcaption>European Spindle<\/figcaption><\/figure>\n\n\n\n<figure class=\"wp-block-audio\"><audio controls src=\"https:\/\/summacum.lauder.hu\/wp-content\/uploads\/2024\/04\/04_Kecskerago.mp3\"><\/audio><figcaption>K\u00f6z\u00f6ns\u00e9ges kecsker\u00e1g\u00f3<\/figcaption><\/figure>\n\n\n\n<div class=\"wp-block-image\"><figure class=\"aligncenter size-large is-resized\"><img loading=\"lazy\" src=\"https:\/\/summacum.lauder.hu\/wp-content\/uploads\/2024\/06\/4-03-768x1024.jpg\" alt=\"\" class=\"wp-image-2670\" width=\"315\" height=\"420\" srcset=\"https:\/\/summacum.lauder.hu\/wp-content\/uploads\/2024\/06\/4-03-768x1024.jpg 768w, https:\/\/summacum.lauder.hu\/wp-content\/uploads\/2024\/06\/4-03-225x300.jpg 225w, https:\/\/summacum.lauder.hu\/wp-content\/uploads\/2024\/06\/4-03.jpg 844w\" sizes=\"(max-width: 315px) 100vw, 315px\" \/><\/figure><\/div>\n\n\n\n<p>4. <strong>European Spindle<\/strong> \/ <em>Euonymus europaeus<\/em><\/p>\n\n\n\n<p>This is a Spindle, or Euonymus europaeus, a beautiful bush which has seeds embedded in orange berries. The flower in the spring is pink, while the seed is orange. It can be found almost everywhere in Europe. The leaves have tiny sharp teeth (serration) along the edges and they turn rich orange-red before falling during autumn. The Spindle a is hermaphrodite plant, which means it contains both male and female reproductive parts. Its leaves are entire, smooth leaves, the organization is pedate. The spindle has over 850 species but just one can be identified in Hungary, the common spindle. The berries are inedible because they&#8217;re poisonous. Its height can be 1-7 meters. It can be found in forests, groves, shrubs and hedges from sea level to 1200m.<\/p>\n\n\n\n<p><em><a rel=\"noreferrer noopener\" href=\"https:\/\/summacum.lauder.hu\/index.php\/biome00\/\" target=\"_blank\">Back to the menu of the learning path<\/a><\/em><\/p>\n\n\n\n<div class=\"wp-block-image\"><figure class=\"aligncenter size-large is-resized\"><img loading=\"lazy\" src=\"https:\/\/summacum.lauder.hu\/wp-content\/uploads\/2024\/06\/4-02-768x1024.jpg\" alt=\"\" class=\"wp-image-2671\" width=\"310\" height=\"413\" srcset=\"https:\/\/summacum.lauder.hu\/wp-content\/uploads\/2024\/06\/4-02-768x1024.jpg 768w, https:\/\/summacum.lauder.hu\/wp-content\/uploads\/2024\/06\/4-02-225x300.jpg 225w, https:\/\/summacum.lauder.hu\/wp-content\/uploads\/2024\/06\/4-02.jpg 844w\" sizes=\"(max-width: 310px) 100vw, 310px\" \/><\/figure><\/div>\n\n\n\n<p>4.<strong> K\u00f6z\u00f6ns\u00e9ges Kecsker\u00e1g\u00f3<\/strong> \/ <em>Euonymus europaeus<\/em><\/p>\n\n\n\n<p>Ez az kecsker\u00e1g\u00f3, vagy Euonymus europaeus, egy gy\u00f6ny\u00f6r\u0171 bokor, melynek magvai narancss\u00e1rga bogy\u00f3kba \u00e1gyaz\u00f3dnak. A vir\u00e1g tavasszal r\u00f3zsasz\u00edn\u0171, m\u00edg a mag narancss\u00e1rga. Eur\u00f3p\u00e1ban szinte mindenhol megtal\u00e1lhat\u00f3. A levelek sz\u00e9lein apr\u00f3, \u00e9les fogak vannak, \u00e9s \u0151sszel, miel\u0151tt lehullanak, gazdag narancsv\u00f6r\u00f6sre sz\u00ednez\u0151dnek. A kecsker\u00e1g\u00f3 egy hermafrodita n\u00f6v\u00e9ny, ami azt jelenti, hogy h\u00edm \u00e9s n\u0151i szapor\u00edt\u00f3szerveket egyar\u00e1nt tartalmaz. Levelei eg\u00e9sz, sima levelek, latin nev\u00e9n pedatus. Az kecsker\u00e1g\u00f3nak t\u00f6bb mint 850 faja van, de Magyarorsz\u00e1gon csak egy, a k\u00f6z\u00f6ns\u00e9ges kecsker\u00e1g\u00f3 tal\u00e1lhat\u00f3 meg. Bogy\u00f3i nem ehet\u0151k, mert m\u00e9rgez\u0151ek. A cserj\u00e9k Magass\u00e1ga 1-7 m\u00e9ter. Erd\u0151kben, ligetekben, cserj\u00e9sekben \u00e9s s\u00f6v\u00e9nyekben a tengerszint feletti magass\u00e1gt\u00f3l 1200 m\u00e9terig megtal\u00e1lhat\u00f3.<\/p>\n\n\n\n<p><em><a rel=\"noreferrer noopener\" href=\"https:\/\/summacum.lauder.hu\/index.php\/biome00\/\" target=\"_blank\">Vissza a tan\u00f6sv\u00e9ny men\u00fcj\u00e9be<\/a><\/em><\/p>\n\n\n\n<div class=\"wp-block-image\"><figure class=\"aligncenter size-large is-resized\"><img loading=\"lazy\" src=\"https:\/\/summacum.lauder.hu\/wp-content\/uploads\/2024\/06\/4-01-768x1024.jpg\" alt=\"\" class=\"wp-image-2673\" width=\"301\" height=\"401\" srcset=\"https:\/\/summacum.lauder.hu\/wp-content\/uploads\/2024\/06\/4-01-768x1024.jpg 768w, https:\/\/summacum.lauder.hu\/wp-content\/uploads\/2024\/06\/4-01-225x300.jpg 225w, https:\/\/summacum.lauder.hu\/wp-content\/uploads\/2024\/06\/4-01.jpg 844w\" sizes=\"(max-width: 301px) 100vw, 301px\" \/><\/figure><\/div>\n","protected":false},"excerpt":{"rendered":"<p>4. European Spindle \/ Euonymus europaeus This is a Spindle, or Euonymus europaeus, a beautiful bush which has seeds embedded in orange berries. The flower in the spring is pink, while the seed is orange. It can be found almost everywhere in Europe. The leaves have tiny sharp teeth (serration) along the edges and they turn rich orange-red before falling during autumn. The Spindle a is hermaphrodite plant, which means it contains both male and female reproductive parts. Its leaves<\/p>\n","protected":false},"author":3,"featured_media":0,"parent":0,"menu_order":0,"comment_status":"closed","ping_status":"closed","template":"","meta":[],"_links":{"self":[{"href":"https:\/\/summacum.lauder.hu\/index.php\/wp-json\/wp\/v2\/pages\/2273"}],"collection":[{"href":"https:\/\/summacum.lauder.hu\/index.php\/wp-json\/wp\/v2\/pages"}],"about":[{"href":"https:\/\/summacum.lauder.hu\/index.php\/wp-json\/wp\/v2\/types\/page"}],"author":[{"embeddable":true,"href":"https:\/\/summacum.lauder.hu\/index.php\/wp-json\/wp\/v2\/users\/3"}],"replies":[{"embeddable":true,"href":"https:\/\/summacum.lauder.hu\/index.php\/wp-json\/wp\/v2\/comments?post=2273"}],"version-history":[{"count":4,"href":"https:\/\/summacum.lauder.hu\/index.php\/wp-json\/wp\/v2\/pages\/2273\/revisions"}],"predecessor-version":[{"id":2675,"href":"https:\/\/summacum.lauder.hu\/index.php\/wp-json\/wp\/v2\/pages\/2273\/revisions\/2675"}],"wp:attachment":[{"href":"https:\/\/summacum.lauder.hu\/index.php\/wp-json\/wp\/v2\/media?parent=2273"}],"curies":[{"name":"wp","href":"https:\/\/api.w.org\/{rel}","templated":true}]}}