{"id":2275,"date":"2024-04-17T09:46:00","date_gmt":"2024-04-17T09:46:00","guid":{"rendered":"https:\/\/summacum.lauder.hu\/?page_id=2275"},"modified":"2024-06-04T17:25:40","modified_gmt":"2024-06-04T17:25:40","slug":"biome05","status":"publish","type":"page","link":"https:\/\/summacum.lauder.hu\/index.php\/biome05\/","title":{"rendered":"Spring Cavalier \/ Fak\u00f3s\u00e1rga pereszke \/ Paralepista gilva"},"content":{"rendered":"\n<figure class=\"wp-block-audio\"><audio controls src=\"https:\/\/summacum.lauder.hu\/wp-content\/uploads\/2024\/04\/05_Spring_Cavalier.mp3\"><\/audio><figcaption>Spring Cavalier<\/figcaption><\/figure>\n\n\n\n<figure class=\"wp-block-audio\"><audio controls src=\"https:\/\/summacum.lauder.hu\/wp-content\/uploads\/2024\/04\/05_Fakosarga_pereszke.mp3\"><\/audio><figcaption>Fak\u00f3s\u00e1rga pereszke<\/figcaption><\/figure>\n\n\n\n<div class=\"wp-block-image\"><figure class=\"aligncenter size-large is-resized\"><img loading=\"lazy\" src=\"https:\/\/summacum.lauder.hu\/wp-content\/uploads\/2024\/06\/5-02-768x1024.jpg\" alt=\"\" class=\"wp-image-2676\" width=\"336\" height=\"448\" srcset=\"https:\/\/summacum.lauder.hu\/wp-content\/uploads\/2024\/06\/5-02-768x1024.jpg 768w, https:\/\/summacum.lauder.hu\/wp-content\/uploads\/2024\/06\/5-02-225x300.jpg 225w, https:\/\/summacum.lauder.hu\/wp-content\/uploads\/2024\/06\/5-02.jpg 844w\" sizes=\"(max-width: 336px) 100vw, 336px\" \/><\/figure><\/div>\n\n\n\n<p>5. <strong>Spring Cavalier \/ <\/strong><em>Paralepista gilva<\/em><\/p>\n\n\n\n<p>Spring cavalier, or <em>Paralepista gilva,<\/em> is an edible species of agaric fungus. It is commonly found in Hungary\u2019s meadows, parks and forests. It is very hard to identify without its microscopic features. The cap is orange to red-brown and semi-viscid. The gills are a shade of ochre. The odour is mildly pungent to sweetish. The mushroom is fairly tall for species of its genus, it can grow to 5 cm in height. It is edible, but older specimens should be avoided.<\/p>\n\n\n\n<p><em><a rel=\"noreferrer noopener\" href=\"https:\/\/summacum.lauder.hu\/index.php\/biome00\/\" target=\"_blank\">Back to the menu of the learning path<\/a><\/em><\/p>\n\n\n\n<div class=\"wp-block-image\"><figure class=\"aligncenter size-large is-resized\"><img loading=\"lazy\" src=\"https:\/\/summacum.lauder.hu\/wp-content\/uploads\/2024\/06\/5-01-768x1024.jpg\" alt=\"\" class=\"wp-image-2677\" width=\"307\" height=\"409\" srcset=\"https:\/\/summacum.lauder.hu\/wp-content\/uploads\/2024\/06\/5-01-768x1024.jpg 768w, https:\/\/summacum.lauder.hu\/wp-content\/uploads\/2024\/06\/5-01-225x300.jpg 225w, https:\/\/summacum.lauder.hu\/wp-content\/uploads\/2024\/06\/5-01.jpg 844w\" sizes=\"(max-width: 307px) 100vw, 307px\" \/><\/figure><\/div>\n\n\n\n<p><strong>5. Fak\u00f3s\u00e1rga pereszke \/ <\/strong><em>Paralepista gilva<\/em><\/p>\n\n\n\n<p>A fak\u00f3s\u00e1rga pereszke, m\u00e1s n\u00e9ven a <em>Paralepista gilva,<\/em> a pereszk\u00e9k ehet\u0151 faja. Gyakran el\u0151fordul Magyarorsz\u00e1gi r\u00e9teken, parkokban \u00e9s erd\u0151kben. Mikroszkopikus jellemz\u0151i n\u00e9lk\u00fcl neh\u00e9z azonos\u00edtani. A sapka narancss\u00e1rga vagy v\u00f6r\u00f6sesbarna, f\u00e9lig viszk\u00f3zus. A lemezek okker \u00e1rnyalat\u00faak. Az illata enyh\u00e9n b\u00fcd\u00f6s, de lehet \u00e9desk\u00e9s. A t\u00f6bbi nemzets\u00e9g\u00e9hez tartoz\u00f3 fajhoz k\u00e9pest meglehet\u0151sen magas, 3-5 cm-re is megn\u0151. B\u00e1r ehet\u0151, de id\u0151sebb p\u00e9ld\u00e1nyi meg\u00e1rthatnak.<\/p>\n\n\n\n<p><em><a rel=\"noreferrer noopener\" href=\"https:\/\/summacum.lauder.hu\/index.php\/biome00\/\" target=\"_blank\">Vissza a tan\u00f6sv\u00e9ny men\u00fcj\u00e9be<\/a><\/em><\/p>\n","protected":false},"excerpt":{"rendered":"<p>5. Spring Cavalier \/ Paralepista gilva Spring cavalier, or Paralepista gilva, is an edible species of agaric fungus. It is commonly found in Hungary\u2019s meadows, parks and forests. It is very hard to identify without its microscopic features. The cap is orange to red-brown and semi-viscid. The gills are a shade of ochre. The odour is mildly pungent to sweetish. The mushroom is fairly tall for species of its genus, it can grow to 5 cm in height. It is<\/p>\n","protected":false},"author":3,"featured_media":0,"parent":0,"menu_order":0,"comment_status":"closed","ping_status":"closed","template":"","meta":[],"_links":{"self":[{"href":"https:\/\/summacum.lauder.hu\/index.php\/wp-json\/wp\/v2\/pages\/2275"}],"collection":[{"href":"https:\/\/summacum.lauder.hu\/index.php\/wp-json\/wp\/v2\/pages"}],"about":[{"href":"https:\/\/summacum.lauder.hu\/index.php\/wp-json\/wp\/v2\/types\/page"}],"author":[{"embeddable":true,"href":"https:\/\/summacum.lauder.hu\/index.php\/wp-json\/wp\/v2\/users\/3"}],"replies":[{"embeddable":true,"href":"https:\/\/summacum.lauder.hu\/index.php\/wp-json\/wp\/v2\/comments?post=2275"}],"version-history":[{"count":4,"href":"https:\/\/summacum.lauder.hu\/index.php\/wp-json\/wp\/v2\/pages\/2275\/revisions"}],"predecessor-version":[{"id":2678,"href":"https:\/\/summacum.lauder.hu\/index.php\/wp-json\/wp\/v2\/pages\/2275\/revisions\/2678"}],"wp:attachment":[{"href":"https:\/\/summacum.lauder.hu\/index.php\/wp-json\/wp\/v2\/media?parent=2275"}],"curies":[{"name":"wp","href":"https:\/\/api.w.org\/{rel}","templated":true}]}}