{"id":2286,"date":"2024-04-17T10:59:34","date_gmt":"2024-04-17T10:59:34","guid":{"rendered":"https:\/\/summacum.lauder.hu\/?page_id=2286"},"modified":"2024-04-19T16:18:44","modified_gmt":"2024-04-19T16:18:44","slug":"biome07","status":"publish","type":"page","link":"https:\/\/summacum.lauder.hu\/index.php\/biome07\/","title":{"rendered":"Common Earthworm \/ K\u00f6z\u00f6ns\u00e9ges f\u00f6ldigiliszta \/ Lumbricus terrestris"},"content":{"rendered":"\n<figure class=\"wp-block-audio\"><audio controls src=\"https:\/\/summacum.lauder.hu\/wp-content\/uploads\/2024\/04\/07_Common_Earthworm.mp3\"><\/audio><figcaption>Common Earthworm<\/figcaption><\/figure>\n\n\n\n<figure class=\"wp-block-audio\"><audio controls src=\"https:\/\/summacum.lauder.hu\/wp-content\/uploads\/2024\/04\/07_Kozonseges_foldigiliszta.mp3\"><\/audio><figcaption>K\u00f6z\u00f6ns\u00e9ges f\u00f6ldigiliszta<\/figcaption><\/figure>\n\n\n\n<p>7.<strong> Common Earthworm \/ <\/strong><em>Lumbricus terrestris<\/em><\/p>\n\n\n\n<p>The common earthworm or Lumbricus terrestris is the most abundant species of earthworm in Hungary. They are mostly found in moist, compost-rich soil, eating its organic matters. Their waste is very beneficial for the environment and the plants around them. Most aren\u2019t larger than 20 cm but they can grow to about 30 cm in length. It uses its skin for protection, touch, sight and breathing.&nbsp; The clitellum, which is used for reproduction, is located in the front of the worm.<\/p>\n\n\n\n<p>If the worm is cut in half the first half lives on, but contrary to popular belief the tail dies. The worm usually digs underground burrows and the slime it produces keeps the soil from collapsing on itself. When it isn\u2019t searching for food it\u2019s curled up in these tunnels. These worms are used as fish bait by hobby fishers.&nbsp;<\/p>\n\n\n\n<p><em><a rel=\"noreferrer noopener\" href=\"https:\/\/summacum.lauder.hu\/index.php\/biome00\/\" target=\"_blank\">Back to the menu of the learning path<\/a><\/em><\/p>\n\n\n\n<p>7.<strong> K\u00f6z\u00f6ns\u00e9ges f\u00f6ldigiliszta \/ <\/strong>Lumbricus terrestris<\/p>\n\n\n\n<p>A k\u00f6z\u00f6ns\u00e9ges f\u00f6ldigiliszta vagy Lumbricus Terrestris Magyarorsz\u00e1g legelterjedtebb giliszta faja. Legink\u00e1bb nedves, komposztban gazdag talajban fordulnak el\u0151, annak szerves anyagait eszik. V\u00e9gterm\u00e9k\u00fck nagyon j\u00f3t\u00e9kony hat\u00e1ssal van a k\u00f6rnyezetre \u00e9s az \u0151ket k\u00f6r\u00fclvev\u0151 n\u00f6v\u00e9nyekre. A legt\u00f6bb nem nagyobb egy araszn\u00e1l, de ak\u00e1r 30 cm-re is megn\u0151hetnek. B\u0151r\u00e9t v\u00e9delemre, tapint\u00e1sra, l\u00e1t\u00e1sra \u00e9s l\u00e9gz\u00e9sre is haszn\u00e1lja. Teste elej\u00e9n tal\u00e1lhat\u00f3 a nyereg, amelyet a szaporod\u00e1sra haszn\u00e1l. Ha a giliszt\u00e1t kett\u00e9v\u00e1gj\u00e1k, az els\u0151 fele tov\u00e1bb \u00e9l, de k\u00f6zhiedelemmel ellent\u00e9tben a farok meghal. A giliszta \u00e1ltal\u00e1ban f\u00f6ld alatti \u00fcregeket \u00e1s, \u00e9s az \u00e1ltala termelt ny\u00e1lka megakad\u00e1lyozza, a talaj \u00f6sszeoml\u00e1s\u00e1t. Amikor nem \u00e9lelmet keres, az alagutakban g\u00f6mb\u00f6ly\u00f6dik \u00f6ssze. Sokszor csalik\u00e9nt haszn\u00e1lj\u00e1k a hobbi horg\u00e1szok.<\/p>\n\n\n\n<p><em><a rel=\"noreferrer noopener\" href=\"https:\/\/summacum.lauder.hu\/index.php\/biome00\/\" target=\"_blank\">Vissza a tan\u00f6sv\u00e9ny men\u00fcj\u00e9be<\/a><\/em><\/p>\n","protected":false},"excerpt":{"rendered":"<p>7. Common Earthworm \/ Lumbricus terrestris The common earthworm or Lumbricus terrestris is the most abundant species of earthworm in Hungary. They are mostly found in moist, compost-rich soil, eating its organic matters. Their waste is very beneficial for the environment and the plants around them. Most aren\u2019t larger than 20 cm but they can grow to about 30 cm in length. It uses its skin for protection, touch, sight and breathing.&nbsp; The clitellum, which is used for reproduction, is<\/p>\n","protected":false},"author":3,"featured_media":0,"parent":0,"menu_order":0,"comment_status":"closed","ping_status":"closed","template":"","meta":[],"_links":{"self":[{"href":"https:\/\/summacum.lauder.hu\/index.php\/wp-json\/wp\/v2\/pages\/2286"}],"collection":[{"href":"https:\/\/summacum.lauder.hu\/index.php\/wp-json\/wp\/v2\/pages"}],"about":[{"href":"https:\/\/summacum.lauder.hu\/index.php\/wp-json\/wp\/v2\/types\/page"}],"author":[{"embeddable":true,"href":"https:\/\/summacum.lauder.hu\/index.php\/wp-json\/wp\/v2\/users\/3"}],"replies":[{"embeddable":true,"href":"https:\/\/summacum.lauder.hu\/index.php\/wp-json\/wp\/v2\/comments?post=2286"}],"version-history":[{"count":2,"href":"https:\/\/summacum.lauder.hu\/index.php\/wp-json\/wp\/v2\/pages\/2286\/revisions"}],"predecessor-version":[{"id":2392,"href":"https:\/\/summacum.lauder.hu\/index.php\/wp-json\/wp\/v2\/pages\/2286\/revisions\/2392"}],"wp:attachment":[{"href":"https:\/\/summacum.lauder.hu\/index.php\/wp-json\/wp\/v2\/media?parent=2286"}],"curies":[{"name":"wp","href":"https:\/\/api.w.org\/{rel}","templated":true}]}}