{"id":2293,"date":"2024-04-17T11:11:25","date_gmt":"2024-04-17T11:11:25","guid":{"rendered":"https:\/\/summacum.lauder.hu\/?page_id=2293"},"modified":"2024-07-14T10:17:18","modified_gmt":"2024-07-14T10:17:18","slug":"biome09","status":"publish","type":"page","link":"https:\/\/summacum.lauder.hu\/index.php\/biome09\/","title":{"rendered":"Hoof Fungus \/ Tapl\u00f3 gomba \/ Fomes Fomentarius"},"content":{"rendered":"\n<figure class=\"wp-block-audio\"><audio controls src=\"https:\/\/summacum.lauder.hu\/wp-content\/uploads\/2024\/04\/09_Hoof_Fungus.mp3\"><\/audio><figcaption>Hoof Fungus<\/figcaption><\/figure>\n\n\n\n<figure class=\"wp-block-audio\"><audio controls src=\"https:\/\/summacum.lauder.hu\/wp-content\/uploads\/2024\/04\/09_Taplo_gomba.mp3\"><\/audio><figcaption>Tapl\u00f3 gomba<\/figcaption><\/figure>\n\n\n\n<figure class=\"wp-block-image size-large\"><img loading=\"lazy\" width=\"1024\" height=\"768\" src=\"https:\/\/summacum.lauder.hu\/wp-content\/uploads\/2024\/07\/9-01-1024x768.jpg\" alt=\"\" class=\"wp-image-2749\" srcset=\"https:\/\/summacum.lauder.hu\/wp-content\/uploads\/2024\/07\/9-01-1024x768.jpg 1024w, https:\/\/summacum.lauder.hu\/wp-content\/uploads\/2024\/07\/9-01-300x225.jpg 300w, https:\/\/summacum.lauder.hu\/wp-content\/uploads\/2024\/07\/9-01-768x576.jpg 768w, https:\/\/summacum.lauder.hu\/wp-content\/uploads\/2024\/07\/9-01-1170x878.jpg 1170w, https:\/\/summacum.lauder.hu\/wp-content\/uploads\/2024\/07\/9-01.jpg 1500w\" sizes=\"(max-width: 1024px) 100vw, 1024px\" \/><\/figure>\n\n\n\n<p>9. <strong>Hoof Fungus \/ <\/strong><em>Fomes Fomentarius<\/em><\/p>\n\n\n\n<p>Fomes fomentarius is a species of fungal plant pathogen found in Europe, Asia, Africa and<\/p>\n\n\n\n<p>North America. The species produces very large polypore fruit bodies which are shaped like a horse&#8217;s hoof and vary in colour from a silvery gray to almost black, though they are normally brown.<\/p>\n\n\n\n<p>It can grow on the bark wound, or even directly onto the bark of older or dead trees. The mycelium penetrates the wood of trees through damaged bark or broken branches, causing rot in the host. Though initially parasitic, it continues to grow upon fallen trees. The fungi grows alone, but multiple bodies can sometimes be found upon the same host trunk. It most typically grows upon hardwoods. In northern areas, it is most common on birch, while, in the south, beech is more typical.<\/p>\n\n\n\n<p>It\u2019s not edible, but can be used to start a fire, or even to make clothing, mostly hats.<\/p>\n\n\n\n<p><em><a rel=\"noreferrer noopener\" href=\"https:\/\/summacum.lauder.hu\/index.php\/biome00\/\" target=\"_blank\">Back to the menu of the learning path<\/a><\/em><\/p>\n\n\n\n<figure class=\"wp-block-image size-large\"><img loading=\"lazy\" width=\"1024\" height=\"683\" src=\"https:\/\/summacum.lauder.hu\/wp-content\/uploads\/2024\/07\/9-02-1024x683.jpg\" alt=\"\" class=\"wp-image-2750\" srcset=\"https:\/\/summacum.lauder.hu\/wp-content\/uploads\/2024\/07\/9-02-1024x683.jpg 1024w, https:\/\/summacum.lauder.hu\/wp-content\/uploads\/2024\/07\/9-02-300x200.jpg 300w, https:\/\/summacum.lauder.hu\/wp-content\/uploads\/2024\/07\/9-02-768x512.jpg 768w, https:\/\/summacum.lauder.hu\/wp-content\/uploads\/2024\/07\/9-02-1536x1024.jpg 1536w, https:\/\/summacum.lauder.hu\/wp-content\/uploads\/2024\/07\/9-02-1170x780.jpg 1170w, https:\/\/summacum.lauder.hu\/wp-content\/uploads\/2024\/07\/9-02.jpg 1687w\" sizes=\"(max-width: 1024px) 100vw, 1024px\" \/><\/figure>\n\n\n\n<p>9. <strong>Tapl\u00f3 gomba \/ <\/strong><em>Fomes Fomentarius<\/em><\/p>\n\n\n\n<p>A Fomes fomentarius a gomb\u00e1s n\u00f6v\u00e9nyk\u00f3rokoz\u00f3k egyik fajt\u00e1ja, mely Eur\u00f3p\u00e1ban, \u00c1zsi\u00e1ban, Afrik\u00e1ban \u00e9s \u00c9szak-Amerik\u00e1ban \u00e9l.<\/p>\n\n\n\n<p>A faj nagyon nagy polip\u00f3rusos term\u0151testeket hoz, amelyek l\u00f3pata alak\u00faak, \u00e9s sz\u00edn\u00fck az ez\u00fcstsz\u00fcrk\u00e9t\u0151l a majdnem feket\u00e9ig v\u00e1ltozik, b\u00e1r \u00e1ltal\u00e1ban barna.<\/p>\n\n\n\n<p>A faj mic\u00e9liuma a s\u00e9r\u00fclt k\u00e9rgen vagy let\u00f6rt \u00e1gakon kereszt\u00fcl behatol a f\u00e1k k\u00e9rge al\u00e1, rothad\u00e1st okozva a gazdaszervezetben.<\/p>\n\n\n\n<p>N\u0151het a k\u00e9reg s\u00e9r\u00fcl\u00e9s\u00e9n, de ak\u00e1r k\u00f6zvetlen\u00fcl az id\u0151sebb vagy elhalt f\u00e1k k\u00e9rg\u00e9re is. B\u00e1r kezdetben parazita, a kid\u0151lt elhalt f\u00e1kon is tov\u00e1bb n\u0151. A gomb\u00e1k egyed\u00fcl n\u0151nek, de n\u00e9ha t\u00f6bb term\u00e9stest is megtal\u00e1lhat\u00f3 ugyanazon a gazdat\u00f6rzs\u00f6n, mely jellemz\u0151en kem\u00e9nyfa. Az \u00e9szaki ter\u00fcleteken leggyakrabban a ny\u00edr, m\u00edg d\u00e9len a b\u00fckk a jellemz\u0151.<\/p>\n\n\n\n<p>Ez a gomba nem ehet\u0151, de t\u0171zcsihol\u00e1sra \u00e9s ruh\u00e1zat, f\u0151k\u00e9nt kalapok k\u00e9sz\u00edt\u00e9s\u00e9re is haszn\u00e1lhat\u00f3.<\/p>\n\n\n\n<figure class=\"wp-block-image size-large\"><img loading=\"lazy\" width=\"1024\" height=\"836\" src=\"https:\/\/summacum.lauder.hu\/wp-content\/uploads\/2024\/07\/9-03-1024x836.jpg\" alt=\"\" class=\"wp-image-2751\" srcset=\"https:\/\/summacum.lauder.hu\/wp-content\/uploads\/2024\/07\/9-03-1024x836.jpg 1024w, https:\/\/summacum.lauder.hu\/wp-content\/uploads\/2024\/07\/9-03-300x245.jpg 300w, https:\/\/summacum.lauder.hu\/wp-content\/uploads\/2024\/07\/9-03-768x627.jpg 768w, https:\/\/summacum.lauder.hu\/wp-content\/uploads\/2024\/07\/9-03-1170x955.jpg 1170w, https:\/\/summacum.lauder.hu\/wp-content\/uploads\/2024\/07\/9-03.jpg 1378w\" sizes=\"(max-width: 1024px) 100vw, 1024px\" \/><\/figure>\n\n\n\n<p><em><a rel=\"noreferrer noopener\" href=\"https:\/\/summacum.lauder.hu\/index.php\/biome00\/\" target=\"_blank\">Vissza a tan\u00f6sv\u00e9ny men\u00fcj\u00e9be<\/a><\/em><\/p>\n","protected":false},"excerpt":{"rendered":"<p>9. Hoof Fungus \/ Fomes Fomentarius Fomes fomentarius is a species of fungal plant pathogen found in Europe, Asia, Africa and North America. The species produces very large polypore fruit bodies which are shaped like a horse&#8217;s hoof and vary in colour from a silvery gray to almost black, though they are normally brown. It can grow on the bark wound, or even directly onto the bark of older or dead trees. The mycelium penetrates the wood of trees through<\/p>\n","protected":false},"author":3,"featured_media":0,"parent":0,"menu_order":0,"comment_status":"closed","ping_status":"closed","template":"","meta":[],"_links":{"self":[{"href":"https:\/\/summacum.lauder.hu\/index.php\/wp-json\/wp\/v2\/pages\/2293"}],"collection":[{"href":"https:\/\/summacum.lauder.hu\/index.php\/wp-json\/wp\/v2\/pages"}],"about":[{"href":"https:\/\/summacum.lauder.hu\/index.php\/wp-json\/wp\/v2\/types\/page"}],"author":[{"embeddable":true,"href":"https:\/\/summacum.lauder.hu\/index.php\/wp-json\/wp\/v2\/users\/3"}],"replies":[{"embeddable":true,"href":"https:\/\/summacum.lauder.hu\/index.php\/wp-json\/wp\/v2\/comments?post=2293"}],"version-history":[{"count":3,"href":"https:\/\/summacum.lauder.hu\/index.php\/wp-json\/wp\/v2\/pages\/2293\/revisions"}],"predecessor-version":[{"id":2752,"href":"https:\/\/summacum.lauder.hu\/index.php\/wp-json\/wp\/v2\/pages\/2293\/revisions\/2752"}],"wp:attachment":[{"href":"https:\/\/summacum.lauder.hu\/index.php\/wp-json\/wp\/v2\/media?parent=2293"}],"curies":[{"name":"wp","href":"https:\/\/api.w.org\/{rel}","templated":true}]}}