{"id":2301,"date":"2024-04-17T11:20:19","date_gmt":"2024-04-17T11:20:19","guid":{"rendered":"https:\/\/summacum.lauder.hu\/?page_id=2301"},"modified":"2024-08-11T10:04:39","modified_gmt":"2024-08-11T10:04:39","slug":"biome11","status":"publish","type":"page","link":"https:\/\/summacum.lauder.hu\/index.php\/biome11\/","title":{"rendered":"European Red squirrel \/ Eur\u00f3pai v\u00f6r\u00f6s m\u00f3kus \/ Sciurus vulgaris"},"content":{"rendered":"\n<figure class=\"wp-block-audio\"><audio controls src=\"https:\/\/summacum.lauder.hu\/wp-content\/uploads\/2024\/04\/11_Red_squirrel.mp3\"><\/audio><figcaption>European Red squirrel<\/figcaption><\/figure>\n\n\n\n<figure class=\"wp-block-audio\"><audio controls src=\"https:\/\/summacum.lauder.hu\/wp-content\/uploads\/2024\/04\/11_Europai_voros_mokus.mp3\"><\/audio><figcaption>Eur\u00f3pai v\u00f6r\u00f6s m\u00f3kus<\/figcaption><\/figure>\n\n\n\n<div class=\"wp-block-image\"><figure class=\"aligncenter size-large is-resized\"><img loading=\"lazy\" src=\"https:\/\/summacum.lauder.hu\/wp-content\/uploads\/2024\/08\/11-02-768x1024.jpg\" alt=\"\" class=\"wp-image-2784\" width=\"318\" height=\"424\" srcset=\"https:\/\/summacum.lauder.hu\/wp-content\/uploads\/2024\/08\/11-02-768x1024.jpg 768w, https:\/\/summacum.lauder.hu\/wp-content\/uploads\/2024\/08\/11-02-225x300.jpg 225w, https:\/\/summacum.lauder.hu\/wp-content\/uploads\/2024\/08\/11-02.jpg 844w\" sizes=\"(max-width: 318px) 100vw, 318px\" \/><\/figure><\/div>\n\n\n\n<p>11.<strong> European Red squirrel \/ <\/strong><em>Sciurus vulgaris<\/em><\/p>\n\n\n\n<p>While you&#8217;re walking along this trail you might want to look up, since you could spot a European red squirrel (Sciurus vulgaris) climbing around on the trees. This squirrel is native in Northern Asia and Northeast Europe, it is found across the dense forests and plains.The European squirrel has a head-trunk length of 21-30 centimeters, a tail length of 15-25 centimeters, and a body weight of 250-500 grams, depending on the season. The summer fur is much shorter than the winter fur, since they need more heat when it&#8217;s cold. The lifespan of this small fellow is 2-3 years. It jumps around 4-5 meters while on trees and&nbsp; around 50 centimeters on the ground. They become mature at the age of 11 months old, mating season is usually between December and early July. Pregnancy lasts 38 days, at the end of which the female gives birth to 1-6, mostly 4-5 offspring. They usually devour more than 100 pine cone seeds a day.&nbsp;<\/p>\n\n\n\n<p><em><a rel=\"noreferrer noopener\" href=\"https:\/\/summacum.lauder.hu\/index.php\/biome00\/\" target=\"_blank\">Back to the menu of the learning path<\/a><\/em><\/p>\n\n\n\n<div class=\"wp-block-image\"><figure class=\"aligncenter size-large is-resized\"><img loading=\"lazy\" src=\"https:\/\/summacum.lauder.hu\/wp-content\/uploads\/2024\/08\/11-01-768x1024.jpg\" alt=\"\" class=\"wp-image-2785\" width=\"353\" height=\"470\" srcset=\"https:\/\/summacum.lauder.hu\/wp-content\/uploads\/2024\/08\/11-01-768x1024.jpg 768w, https:\/\/summacum.lauder.hu\/wp-content\/uploads\/2024\/08\/11-01-225x300.jpg 225w, https:\/\/summacum.lauder.hu\/wp-content\/uploads\/2024\/08\/11-01.jpg 843w\" sizes=\"(max-width: 353px) 100vw, 353px\" \/><\/figure><\/div>\n\n\n\n<p>11. <strong>Eur\u00f3pai v\u00f6r\u00f6s m\u00f3kus \/ <\/strong><em>Sciurus vulgaris<\/em><\/p>\n\n\n\n<p>Mik\u00f6zben ezen az \u00f6sv\u00e9nyen s\u00e9t\u00e1lsz, \u00e9rdemes feln\u00e9zni, mert megpillanthatsz egy eur\u00f3pai v\u00f6r\u00f6s m\u00f3kust (Sciurus vulgaris), amint a f\u00e1kon ugr\u00e1l. Ez a m\u00f3kus \u00c9szak-\u00c1zsi\u00e1ban \u00e9s \u00c9szak Kelet-Eur\u00f3p\u00e1ban \u0151shonos, s\u0171r\u0171 erd\u0151kben \u00e9s s\u00edks\u00e1gokon fordul el\u0151. Az eur\u00f3pai m\u00f3kus testhossza 21-30 centim\u00e9ter, farka 15-25 centim\u00e9ter, m\u00edg a tests\u00falya \u00e9vszakt\u00f3l f\u00fcgg\u0151en 250-500 gramm. A ny\u00e1ri sz\u0151rme sokkal r\u00f6videbb, mint a t\u00e9li, mivel hidegben t\u00f6bb h\u0151re van sz\u00fcks\u00e9g\u00fck. Ennek a kis fick\u00f3nak az \u00e9lettartama 2-3 \u00e9v. K\u00f6r\u00fclbel\u00fcl 4-5 m\u00e9tert ugrik f\u00e1r\u00f3l f\u00e1ra, a f\u00f6ld\u00f6n pedig 50 centim\u00e9teres ugr\u00e1sokkal k\u00f6zlekedik. 11 h\u00f3napos korban v\u00e1lnak ivar\u00e9rett\u00e9, a p\u00e1rz\u00e1si id\u0151szak \u00e1ltal\u00e1ban december \u00e9s j\u00falius eleje k\u00f6z\u00f6tt van. A vemhess\u00e9g 38 napig tart, ennek v\u00e9g\u00e9n a n\u0151st\u00e9ny 1-6, t\u00f6bbnyire 4-5 ut\u00f3dnak ad \u00e9letet. \u00c1ltal\u00e1ban t\u00f6bb mint 100 feny\u0151tobozt falnak fel naponta.<\/p>\n\n\n\n<p><em><a rel=\"noreferrer noopener\" href=\"https:\/\/summacum.lauder.hu\/index.php\/biome00\/\" target=\"_blank\">Vissza a tan\u00f6sv\u00e9ny men\u00fcj\u00e9be<\/a><\/em><\/p>\n","protected":false},"excerpt":{"rendered":"<p>11. European Red squirrel \/ Sciurus vulgaris While you&#8217;re walking along this trail you might want to look up, since you could spot a European red squirrel (Sciurus vulgaris) climbing around on the trees. This squirrel is native in Northern Asia and Northeast Europe, it is found across the dense forests and plains.The European squirrel has a head-trunk length of 21-30 centimeters, a tail length of 15-25 centimeters, and a body weight of 250-500 grams, depending on the season. The<\/p>\n","protected":false},"author":3,"featured_media":0,"parent":0,"menu_order":0,"comment_status":"closed","ping_status":"closed","template":"","meta":[],"_links":{"self":[{"href":"https:\/\/summacum.lauder.hu\/index.php\/wp-json\/wp\/v2\/pages\/2301"}],"collection":[{"href":"https:\/\/summacum.lauder.hu\/index.php\/wp-json\/wp\/v2\/pages"}],"about":[{"href":"https:\/\/summacum.lauder.hu\/index.php\/wp-json\/wp\/v2\/types\/page"}],"author":[{"embeddable":true,"href":"https:\/\/summacum.lauder.hu\/index.php\/wp-json\/wp\/v2\/users\/3"}],"replies":[{"embeddable":true,"href":"https:\/\/summacum.lauder.hu\/index.php\/wp-json\/wp\/v2\/comments?post=2301"}],"version-history":[{"count":3,"href":"https:\/\/summacum.lauder.hu\/index.php\/wp-json\/wp\/v2\/pages\/2301\/revisions"}],"predecessor-version":[{"id":2787,"href":"https:\/\/summacum.lauder.hu\/index.php\/wp-json\/wp\/v2\/pages\/2301\/revisions\/2787"}],"wp:attachment":[{"href":"https:\/\/summacum.lauder.hu\/index.php\/wp-json\/wp\/v2\/media?parent=2301"}],"curies":[{"name":"wp","href":"https:\/\/api.w.org\/{rel}","templated":true}]}}