{"id":2304,"date":"2024-04-17T11:26:01","date_gmt":"2024-04-17T11:26:01","guid":{"rendered":"https:\/\/summacum.lauder.hu\/?page_id=2304"},"modified":"2024-08-25T09:44:27","modified_gmt":"2024-08-25T09:44:27","slug":"biome12","status":"publish","type":"page","link":"https:\/\/summacum.lauder.hu\/index.php\/biome12\/","title":{"rendered":"Common ivy \/ K\u00f6z\u00f6ns\u00e9ges borosty\u00e1n \/ Hedera helix"},"content":{"rendered":"\n<figure class=\"wp-block-audio\"><audio controls src=\"https:\/\/summacum.lauder.hu\/wp-content\/uploads\/2024\/04\/12_Common_ivy.mp3\"><\/audio><figcaption>Common ivy<\/figcaption><\/figure>\n\n\n\n<figure class=\"wp-block-audio\"><audio controls src=\"https:\/\/summacum.lauder.hu\/wp-content\/uploads\/2024\/04\/12_Angol_borostyan.mp3\"><\/audio><figcaption>K\u00f6z\u00f6ns\u00e9ges borosty\u00e1n<\/figcaption><\/figure>\n\n\n\n<figure class=\"wp-block-image size-large\"><img loading=\"lazy\" width=\"1024\" height=\"591\" src=\"https:\/\/summacum.lauder.hu\/wp-content\/uploads\/2024\/08\/12-01-1024x591.jpg\" alt=\"\" class=\"wp-image-2822\" srcset=\"https:\/\/summacum.lauder.hu\/wp-content\/uploads\/2024\/08\/12-01-1024x591.jpg 1024w, https:\/\/summacum.lauder.hu\/wp-content\/uploads\/2024\/08\/12-01-300x173.jpg 300w, https:\/\/summacum.lauder.hu\/wp-content\/uploads\/2024\/08\/12-01-768x444.jpg 768w, https:\/\/summacum.lauder.hu\/wp-content\/uploads\/2024\/08\/12-01-1536x887.jpg 1536w, https:\/\/summacum.lauder.hu\/wp-content\/uploads\/2024\/08\/12-01-1170x676.jpg 1170w, https:\/\/summacum.lauder.hu\/wp-content\/uploads\/2024\/08\/12-01.jpg 1948w\" sizes=\"(max-width: 1024px) 100vw, 1024px\" \/><\/figure>\n\n\n\n<p>12. <strong>Common ivy \/ <\/strong><em>Hedera helix<\/em><\/p>\n\n\n\n<p>The English ivy, or Hedera helix is an evergreen plant native to Europe and western Asia, it is not endangered at all. The plant can grow on various things ranging from walls, rocks, tree trunks to fences without the need of human assistance. It can grow as long as 30 meters, if the surface is high enough for the plant to achieve that. It prefers the pH level to be neutral, for example 6.5 pH is good enough for it.<\/p>\n\n\n\n<p>The leaves are alternate, 50\u2013100 mm long, with a 15\u201320 mm petiole. There are two types: palmately five-lobed juvenile leaves on creeping and climbing stems, and unlobed cordate adult leaves on fertile flowering stems exposed to full sun. The flowers produce from late summer up until autumn and have lots of nectar for bees. The English ivy also has berries with 1-5 seeds, fruit is usually purple-black and many birds eat it as food. One interesting fun fact about it is, in Bavaria, Germany, the government recommends it to be planted on house fences, because it keeps the interior of the yard cool during the summer. But it comes at cost, since it can grow so easily, it can damage walls, furniture and woodworks, and the worst of them all, bring pests into the garden.<\/p>\n\n\n\n<p><em><a rel=\"noreferrer noopener\" href=\"https:\/\/summacum.lauder.hu\/index.php\/biome00\/\" target=\"_blank\">Back to the menu of the learning path<\/a><\/em><\/p>\n\n\n\n<figure class=\"wp-block-image size-large\"><img loading=\"lazy\" width=\"1024\" height=\"766\" src=\"https:\/\/summacum.lauder.hu\/wp-content\/uploads\/2024\/08\/12-02-1024x766.jpg\" alt=\"\" class=\"wp-image-2823\" srcset=\"https:\/\/summacum.lauder.hu\/wp-content\/uploads\/2024\/08\/12-02-1024x766.jpg 1024w, https:\/\/summacum.lauder.hu\/wp-content\/uploads\/2024\/08\/12-02-300x225.jpg 300w, https:\/\/summacum.lauder.hu\/wp-content\/uploads\/2024\/08\/12-02-768x575.jpg 768w, https:\/\/summacum.lauder.hu\/wp-content\/uploads\/2024\/08\/12-02-1170x876.jpg 1170w, https:\/\/summacum.lauder.hu\/wp-content\/uploads\/2024\/08\/12-02.jpg 1503w\" sizes=\"(max-width: 1024px) 100vw, 1024px\" \/><\/figure>\n\n\n\n<p>12. <strong>K\u00f6z\u00f6ns\u00e9ges Borosty\u00e1n \/ <\/strong><em>Hedera Helix<\/em><\/p>\n\n\n\n<p>Az Angol borosty\u00e1n, vagy Hedera helix, egy \u00f6r\u00f6kz\u00f6ld, nem vesz\u00e9lyeztetett n\u00f6v\u00e9ny amely \u0151shonos Eur\u00f3p\u00e1ban \u00e9s Nyugat-\u00c1zsi\u00e1ban is. A n\u00f6v\u00e9ny k\u00e9pes falakon, k\u00f6veken, fat\u00f6rzseken \u00e9s ker\u00edt\u00e9seken is megkapaszkodni. Ak\u00e1r 30 m\u00e9teresre is megn\u0151het, ha van helye. Kedveli a semleges pH \u00e9rt\u00e9ket, legf\u0151k\u00e9ppen a 6.5-\u00f6t. A levelek vastags\u00e1ga az 50- \u00e9s 100 mm k\u00f6z\u00f6tt van, m\u00edg a lev\u00e9lny\u00e9l hossza 15 \u00e9s 20 mm k\u00f6z\u00f6tti. A vir\u00e1gok ny\u00e1r v\u00e9g\u00e9t\u0151l, \u0151szig ny\u00edlnak \u00e9s sok nekt\u00e1rt tartalmaznak, ami kedvez a m\u00e9heknek. Az Angol borosty\u00e1n bogy\u00f3k terem,&nbsp; (\u00e1ltal\u00e1ban lil\u00e1s-feket\u00e9ket) amelyek \u00e1ltal\u00e1ban 1 \u00e9s 5 magot tartalmaznak \u00e9s sok mad\u00e1r sz\u00e1m\u00e1ra jeletik az eles\u00e9get. Egy \u00e9rdekes t\u00e9ny, hogy Bajororsz\u00e1gban az javasolja a korm\u00e1ny, hogy futtass\u00e1k a ker\u00edt\u00e9sre a n\u00f6v\u00e9nyt, hogy ny\u00e1ron h\u0171v\u00f6s maradjon a kert belseje. Ennek egy h\u00e1tr\u00e1nya, hogy mivel k\u00f6nnyed\u00e9n n\u0151, ez\u00e9rt k\u00e1rt tud okozni a falakban, b\u00fatorokban; A legrosszabb pedig az, hogy vonzza a k\u00e1rtev\u0151ket.<\/p>\n\n\n\n<p><em><a rel=\"noreferrer noopener\" href=\"https:\/\/summacum.lauder.hu\/index.php\/biome00\/\" target=\"_blank\">Vissza a tan\u00f6sv\u00e9ny men\u00fcj\u00e9be<\/a><\/em><\/p>\n","protected":false},"excerpt":{"rendered":"<p>12. Common ivy \/ Hedera helix The English ivy, or Hedera helix is an evergreen plant native to Europe and western Asia, it is not endangered at all. The plant can grow on various things ranging from walls, rocks, tree trunks to fences without the need of human assistance. It can grow as long as 30 meters, if the surface is high enough for the plant to achieve that. It prefers the pH level to be neutral, for example 6.5<\/p>\n","protected":false},"author":3,"featured_media":0,"parent":0,"menu_order":0,"comment_status":"closed","ping_status":"closed","template":"","meta":[],"_links":{"self":[{"href":"https:\/\/summacum.lauder.hu\/index.php\/wp-json\/wp\/v2\/pages\/2304"}],"collection":[{"href":"https:\/\/summacum.lauder.hu\/index.php\/wp-json\/wp\/v2\/pages"}],"about":[{"href":"https:\/\/summacum.lauder.hu\/index.php\/wp-json\/wp\/v2\/types\/page"}],"author":[{"embeddable":true,"href":"https:\/\/summacum.lauder.hu\/index.php\/wp-json\/wp\/v2\/users\/3"}],"replies":[{"embeddable":true,"href":"https:\/\/summacum.lauder.hu\/index.php\/wp-json\/wp\/v2\/comments?post=2304"}],"version-history":[{"count":3,"href":"https:\/\/summacum.lauder.hu\/index.php\/wp-json\/wp\/v2\/pages\/2304\/revisions"}],"predecessor-version":[{"id":2825,"href":"https:\/\/summacum.lauder.hu\/index.php\/wp-json\/wp\/v2\/pages\/2304\/revisions\/2825"}],"wp:attachment":[{"href":"https:\/\/summacum.lauder.hu\/index.php\/wp-json\/wp\/v2\/media?parent=2304"}],"curies":[{"name":"wp","href":"https:\/\/api.w.org\/{rel}","templated":true}]}}