{"id":2309,"date":"2024-04-17T12:28:23","date_gmt":"2024-04-17T12:28:23","guid":{"rendered":"https:\/\/summacum.lauder.hu\/?page_id=2309"},"modified":"2024-08-31T15:41:45","modified_gmt":"2024-08-31T15:41:45","slug":"biome14","status":"publish","type":"page","link":"https:\/\/summacum.lauder.hu\/index.php\/biome14\/","title":{"rendered":"Leatherleaf viburnum \/ R\u00e1ncoslevel\u0171 bangita \/ Viburnum rhytidophyllum"},"content":{"rendered":"\n<figure class=\"wp-block-audio\"><audio controls src=\"https:\/\/summacum.lauder.hu\/wp-content\/uploads\/2024\/04\/14_Leatherleaf_viburnum.mp3\"><\/audio><figcaption>Leatherleaf viburnum<\/figcaption><\/figure>\n\n\n\n<figure class=\"wp-block-audio\"><audio controls src=\"https:\/\/summacum.lauder.hu\/wp-content\/uploads\/2024\/04\/14_Rancoslevelu_bangita.mp3\"><\/audio><figcaption>R\u00e1ncoslevel\u0171 bangita<\/figcaption><\/figure>\n\n\n\n<div class=\"wp-block-image\"><figure class=\"aligncenter size-large is-resized\"><img loading=\"lazy\" src=\"https:\/\/summacum.lauder.hu\/wp-content\/uploads\/2024\/08\/14-02-766x1024.jpg\" alt=\"\" class=\"wp-image-2851\" width=\"418\" height=\"559\" srcset=\"https:\/\/summacum.lauder.hu\/wp-content\/uploads\/2024\/08\/14-02-766x1024.jpg 766w, https:\/\/summacum.lauder.hu\/wp-content\/uploads\/2024\/08\/14-02-225x300.jpg 225w, https:\/\/summacum.lauder.hu\/wp-content\/uploads\/2024\/08\/14-02-768x1026.jpg 768w, https:\/\/summacum.lauder.hu\/wp-content\/uploads\/2024\/08\/14-02.jpg 842w\" sizes=\"(max-width: 418px) 100vw, 418px\" \/><\/figure><\/div>\n\n\n\n<p>14. <strong>Leatherleaf viburnum \/ <\/strong><em>Viburnum rhytidophyllum<\/em><\/p>\n\n\n\n<p>You are standing next to a Leatherleaf viburnum also known in latin as Viburnum<\/p>\n\n\n\n<p>Rhytidophyllum. This plant is a species of viburnum which is native to Asia but can be found all around the world, such as here in Hungary. The Viburnum likes spots that are partly shady or sunny and needs average or lightly fertile soil, rich in humus, well drained. These plants have leaves of 8 inches, or 20 cm, which are oval shaped and have a dark green colour. The Viburnum leaves have impressed and alternating venation. These plants stand 10-15 feet tall and 10-15 feet wide. In late spring, Leatherleaf viburnum develop white flowers which will become bright red berries in early, and turn black by early winter. These berries should not be eaten in large quantities because of its mild toxins, but it can be used in jams and jellies in small quantities.<\/p>\n\n\n\n<p><em><a rel=\"noreferrer noopener\" href=\"https:\/\/summacum.lauder.hu\/index.php\/biome00\/\" target=\"_blank\">Back to the menu of the learning path<\/a><\/em><\/p>\n\n\n\n<div class=\"wp-block-image\"><figure class=\"aligncenter size-large is-resized\"><img loading=\"lazy\" src=\"https:\/\/summacum.lauder.hu\/wp-content\/uploads\/2024\/08\/14-01-767x1024.jpg\" alt=\"\" class=\"wp-image-2850\" width=\"374\" height=\"499\" srcset=\"https:\/\/summacum.lauder.hu\/wp-content\/uploads\/2024\/08\/14-01-767x1024.jpg 767w, https:\/\/summacum.lauder.hu\/wp-content\/uploads\/2024\/08\/14-01-225x300.jpg 225w, https:\/\/summacum.lauder.hu\/wp-content\/uploads\/2024\/08\/14-01-768x1025.jpg 768w, https:\/\/summacum.lauder.hu\/wp-content\/uploads\/2024\/08\/14-01.jpg 843w\" sizes=\"(max-width: 374px) 100vw, 374px\" \/><\/figure><\/div>\n\n\n\n<p>14.<strong> R\u00e1ncoslevel\u0171 bangita \/ <\/strong><em>Viburnum rhytidophyllum<\/em><\/p>\n\n\n\n<p>A R\u00e1ncoslevel\u0171 bangita el\u0151tt \u00e1lltok amit latinul Viburnum rhytidophyllumnak h\u00edvj\u00e1k. Ez a<\/p>\n\n\n\n<p>n\u00f6v\u00e9ny egy bangita fajta ami \u00c1zsi\u00e1ban \u0151shonos de megtal\u00e1lhat\u00f3 m\u00e1shol is, mint p\u00e9ld\u00e1ul Magyarorsz\u00e1gon. A Bangita napos vagy f\u00e9l\u00e1rny\u00e9kos helyeket szeret \u00e9s \u00e1tlagos vagy kev\u00e9sb\u00e9 term\u00e9keny, humuszban gazdag, v\u00edz\u00e1tereszt\u0151 f\u00f6ldre van sz\u00fcks\u00e9ge. Ezeknek a n\u00f6v\u00e9nyeknek 20 cm hossz\u00fa leveleik vannak, melyeknek s\u00f6t\u00e9tz\u00f6ld sz\u00edn\u00fck van \u00e9s ov\u00e1lis alakuk. A r\u00e1ncoslevel\u0171 bangita leveleinek kereszt-v\u00e1ltakoz\u00f3 erezet\u00fck van. Ezek a n\u00f6v\u00e9nyek 3-5 m magasak \u00e9s 3-5 m sz\u00e9lesek is. In K\u00e9s\u0151 tavasszal, a R\u00e1ncoslevel\u0171 bangita feh\u00e9r vir\u00e1gokat n\u00f6veszt amik kora \u0151szre piros bogy\u00f3kk\u00e1 alakulnak \u00e9s kora t\u00e9lre befeketednek. Ezeket a bogy\u00f3kat nem szabad nagy mennyis\u00e9gbe enni a toxinjai miatt de fel lehet haszn\u00e1lni lekv\u00e1rokhoz kis mennyis\u00e9gben.<\/p>\n\n\n\n<div class=\"wp-block-image\"><figure class=\"aligncenter size-large is-resized\"><img loading=\"lazy\" src=\"https:\/\/summacum.lauder.hu\/wp-content\/uploads\/2024\/08\/14-03-767x1024.jpg\" alt=\"\" class=\"wp-image-2853\" width=\"342\" height=\"456\" srcset=\"https:\/\/summacum.lauder.hu\/wp-content\/uploads\/2024\/08\/14-03-767x1024.jpg 767w, https:\/\/summacum.lauder.hu\/wp-content\/uploads\/2024\/08\/14-03-225x300.jpg 225w, https:\/\/summacum.lauder.hu\/wp-content\/uploads\/2024\/08\/14-03-768x1025.jpg 768w, https:\/\/summacum.lauder.hu\/wp-content\/uploads\/2024\/08\/14-03.jpg 843w\" sizes=\"(max-width: 342px) 100vw, 342px\" \/><\/figure><\/div>\n\n\n\n<p><em><a rel=\"noreferrer noopener\" href=\"https:\/\/summacum.lauder.hu\/index.php\/biome00\/\" target=\"_blank\">Vissza a tan\u00f6sv\u00e9ny men\u00fcj\u00e9be<\/a><\/em><\/p>\n","protected":false},"excerpt":{"rendered":"<p>14. Leatherleaf viburnum \/ Viburnum rhytidophyllum You are standing next to a Leatherleaf viburnum also known in latin as Viburnum Rhytidophyllum. This plant is a species of viburnum which is native to Asia but can be found all around the world, such as here in Hungary. The Viburnum likes spots that are partly shady or sunny and needs average or lightly fertile soil, rich in humus, well drained. These plants have leaves of 8 inches, or 20 cm, which are<\/p>\n","protected":false},"author":3,"featured_media":0,"parent":0,"menu_order":0,"comment_status":"closed","ping_status":"closed","template":"","meta":[],"_links":{"self":[{"href":"https:\/\/summacum.lauder.hu\/index.php\/wp-json\/wp\/v2\/pages\/2309"}],"collection":[{"href":"https:\/\/summacum.lauder.hu\/index.php\/wp-json\/wp\/v2\/pages"}],"about":[{"href":"https:\/\/summacum.lauder.hu\/index.php\/wp-json\/wp\/v2\/types\/page"}],"author":[{"embeddable":true,"href":"https:\/\/summacum.lauder.hu\/index.php\/wp-json\/wp\/v2\/users\/3"}],"replies":[{"embeddable":true,"href":"https:\/\/summacum.lauder.hu\/index.php\/wp-json\/wp\/v2\/comments?post=2309"}],"version-history":[{"count":3,"href":"https:\/\/summacum.lauder.hu\/index.php\/wp-json\/wp\/v2\/pages\/2309\/revisions"}],"predecessor-version":[{"id":2854,"href":"https:\/\/summacum.lauder.hu\/index.php\/wp-json\/wp\/v2\/pages\/2309\/revisions\/2854"}],"wp:attachment":[{"href":"https:\/\/summacum.lauder.hu\/index.php\/wp-json\/wp\/v2\/media?parent=2309"}],"curies":[{"name":"wp","href":"https:\/\/api.w.org\/{rel}","templated":true}]}}