{"id":2311,"date":"2024-04-17T12:30:25","date_gmt":"2024-04-17T12:30:25","guid":{"rendered":"https:\/\/summacum.lauder.hu\/?page_id=2311"},"modified":"2024-09-08T17:15:30","modified_gmt":"2024-09-08T17:15:30","slug":"biome15","status":"publish","type":"page","link":"https:\/\/summacum.lauder.hu\/index.php\/biome15\/","title":{"rendered":"Turkey Oak \/ Csert\u00f6lgy \/ Quercus cerris"},"content":{"rendered":"\n<figure class=\"wp-block-audio\"><audio controls src=\"https:\/\/summacum.lauder.hu\/wp-content\/uploads\/2024\/04\/15_Turkey_Oak.mp3\"><\/audio><figcaption>Turkey Oak<\/figcaption><\/figure>\n\n\n\n<figure class=\"wp-block-audio\"><audio controls src=\"https:\/\/summacum.lauder.hu\/wp-content\/uploads\/2024\/04\/15_Csertolgy.mp3\"><\/audio><figcaption>Csert\u00f6lgy<\/figcaption><\/figure>\n\n\n\n<div class=\"wp-block-image\"><figure class=\"aligncenter size-large is-resized\"><img loading=\"lazy\" src=\"https:\/\/summacum.lauder.hu\/wp-content\/uploads\/2024\/09\/15-01-767x1024.jpg\" alt=\"\" class=\"wp-image-2869\" width=\"418\" height=\"558\" srcset=\"https:\/\/summacum.lauder.hu\/wp-content\/uploads\/2024\/09\/15-01-767x1024.jpg 767w, https:\/\/summacum.lauder.hu\/wp-content\/uploads\/2024\/09\/15-01-225x300.jpg 225w, https:\/\/summacum.lauder.hu\/wp-content\/uploads\/2024\/09\/15-01-768x1025.jpg 768w, https:\/\/summacum.lauder.hu\/wp-content\/uploads\/2024\/09\/15-01.jpg 843w\" sizes=\"(max-width: 418px) 100vw, 418px\" \/><\/figure><\/div>\n\n\n\n<p>15.<strong> Turkey Oak \/ <\/strong><em>Quercus cerris<\/em><\/p>\n\n\n\n<p>The tree you\u2019re standing in front of is a Turkey oak, Quercus cerris in latin. This species is native to Eastern Europe and Asia Minor. It received its name from the shape of its leaves, which resemble a turkey\u2019s foot.&nbsp;<\/p>\n\n\n\n<p>This tree usually grows up to 25-40 meters, with a trunk up to 2 m. The glossy leaves are deeply cut with short points at the tips. Its flowers are wind- pollinated catkin, which means a slim spike with no petals.These are very valuable to wildlife, as they provide a source of pollen for the bees and insects.&nbsp; The tree\u2019s fruit is a large acorn, which is very bitter but is eaten by squirrels and jays. This tree can be distinguished from other oak types by its hairy acorn cups, which look like they are coated with moss.&nbsp;&nbsp;<\/p>\n\n\n\n<p>Even though these trees are not native in England, they have become naturalized there in the 18th century. Its native habitat is dry, sandy and well-drained soil. It is one of the most common trees in Hungary, with huge forests of it. It has a high resistance of wind and it\u2019s very&nbsp; drought tolerant. Although not very useful as wood for building, this tree is very helpful for wildlife, and it became an essential part of Hungarian nature.&nbsp;<\/p>\n\n\n\n<p><em><a rel=\"noreferrer noopener\" href=\"https:\/\/summacum.lauder.hu\/index.php\/biome00\/\" target=\"_blank\">Back to the menu of the learning path<\/a><\/em><\/p>\n\n\n\n<div class=\"wp-block-image\"><figure class=\"aligncenter size-large is-resized\"><img loading=\"lazy\" src=\"https:\/\/summacum.lauder.hu\/wp-content\/uploads\/2024\/09\/15-02-767x1024.jpg\" alt=\"\" class=\"wp-image-2870\" width=\"425\" height=\"567\" srcset=\"https:\/\/summacum.lauder.hu\/wp-content\/uploads\/2024\/09\/15-02-767x1024.jpg 767w, https:\/\/summacum.lauder.hu\/wp-content\/uploads\/2024\/09\/15-02-225x300.jpg 225w, https:\/\/summacum.lauder.hu\/wp-content\/uploads\/2024\/09\/15-02-768x1025.jpg 768w, https:\/\/summacum.lauder.hu\/wp-content\/uploads\/2024\/09\/15-02.jpg 843w\" sizes=\"(max-width: 425px) 100vw, 425px\" \/><\/figure><\/div>\n\n\n\n<p>15. <strong>Csert\u00f6lgy \/ <\/strong><em>Quercus cerris<\/em><\/p>\n\n\n\n<p>Az el\u0151tted magasl\u00f3 fa egy csert\u00f6lgy, latinul quercus cerris. K\u00f6nnyen megismerheted a jellegzetes leveleir\u0151l, amik v\u00e9g\u00e9n a cikcakkos v\u00e1g\u00e1sok egy pulyka l\u00e1b\u00e1hoz hasonl\u00edtanak- a fa angol neve, \u2018Turkey oak\u2019, innen sz\u00e1rmazik.&nbsp;<\/p>\n\n\n\n<p>Ez a fa \u00e1ltal\u00e1ban 25 &#8211; 40 m\u00e9terre n\u0151 meg, \u00e9s k\u00e9t m\u00e9ter vastag t\u00f6rzse is lehet. A vir\u00e1gai sz\u00e9l \u00e1ltal beporzott barka, kin\u00e9zetre egy v\u00e9kony t\u0171szer\u0171 k\u00e9pz\u0151dm\u00e9ny, szirmok n\u00e9lk\u00fcl. Ezek a vir\u00e1gok nagyon fontosak, hiszen rengeteg m\u00e9hnek \u00e9s rovarnak pollen forr\u00e1st biztos\u00edtanak. A fa term\u00e9se nagym\u00e9ret\u0171 makk, ami embernek m\u00e9rgez\u0151, de sok mad\u00e1rnak \u00e9s m\u00f3kusnak t\u00f6k\u00e9letes \u00e9tel. A csert meg lehet k\u00fcl\u00f6nb\u00f6ztetni a t\u00f6bbi t\u00f6lgyfajokt\u00f3l a makkok k\u00f6r\u00fcli mohaszer\u0171, sz\u00e1lk\u00e1s burokr\u00f3l.&nbsp;<\/p>\n\n\n\n<p>Kelet-Eur\u00f3p\u00e1ban \u00e9s Kis-\u00c1zsi\u00e1ban \u0151shonos, de m\u00e1ra m\u00e1r angli\u00e1ban is nagyon elterjedt. Ez magyarorsz\u00e1g egyik leggyakoribb fafaja, erdeink 11% ebb\u0151l \u00e1ll. K\u00f6nnyen ellen\u00e1ll az er\u0151s sz\u00e9lnek, \u00e9s a sz\u00e1razs\u00e1got is j\u00f3l b\u00edrja. B\u00e1r \u00e9p\u00edtkez\u00e9sre nem megfelel\u0151 alapanyag, az eg\u00e9szs\u00e9ges cserb\u0151l remek b\u00fatorokat lehet k\u00e9sz\u00edteni.&nbsp;<\/p>\n\n\n\n<div class=\"wp-block-image\"><figure class=\"aligncenter size-large is-resized\"><img loading=\"lazy\" src=\"https:\/\/summacum.lauder.hu\/wp-content\/uploads\/2024\/09\/15-03-767x1024.jpg\" alt=\"\" class=\"wp-image-2871\" width=\"360\" height=\"480\" srcset=\"https:\/\/summacum.lauder.hu\/wp-content\/uploads\/2024\/09\/15-03-767x1024.jpg 767w, https:\/\/summacum.lauder.hu\/wp-content\/uploads\/2024\/09\/15-03-225x300.jpg 225w, https:\/\/summacum.lauder.hu\/wp-content\/uploads\/2024\/09\/15-03-768x1025.jpg 768w, https:\/\/summacum.lauder.hu\/wp-content\/uploads\/2024\/09\/15-03.jpg 843w\" sizes=\"(max-width: 360px) 100vw, 360px\" \/><\/figure><\/div>\n\n\n\n<p><em><a rel=\"noreferrer noopener\" href=\"https:\/\/summacum.lauder.hu\/index.php\/biome00\/\" target=\"_blank\">Vissza a tan\u00f6sv\u00e9ny men\u00fcj\u00e9be<\/a><\/em><\/p>\n","protected":false},"excerpt":{"rendered":"<p>15. Turkey Oak \/ Quercus cerris The tree you\u2019re standing in front of is a Turkey oak, Quercus cerris in latin. This species is native to Eastern Europe and Asia Minor. It received its name from the shape of its leaves, which resemble a turkey\u2019s foot.&nbsp; This tree usually grows up to 25-40 meters, with a trunk up to 2 m. The glossy leaves are deeply cut with short points at the tips. Its flowers are wind- pollinated catkin, which<\/p>\n","protected":false},"author":3,"featured_media":0,"parent":0,"menu_order":0,"comment_status":"closed","ping_status":"closed","template":"","meta":[],"_links":{"self":[{"href":"https:\/\/summacum.lauder.hu\/index.php\/wp-json\/wp\/v2\/pages\/2311"}],"collection":[{"href":"https:\/\/summacum.lauder.hu\/index.php\/wp-json\/wp\/v2\/pages"}],"about":[{"href":"https:\/\/summacum.lauder.hu\/index.php\/wp-json\/wp\/v2\/types\/page"}],"author":[{"embeddable":true,"href":"https:\/\/summacum.lauder.hu\/index.php\/wp-json\/wp\/v2\/users\/3"}],"replies":[{"embeddable":true,"href":"https:\/\/summacum.lauder.hu\/index.php\/wp-json\/wp\/v2\/comments?post=2311"}],"version-history":[{"count":3,"href":"https:\/\/summacum.lauder.hu\/index.php\/wp-json\/wp\/v2\/pages\/2311\/revisions"}],"predecessor-version":[{"id":2873,"href":"https:\/\/summacum.lauder.hu\/index.php\/wp-json\/wp\/v2\/pages\/2311\/revisions\/2873"}],"wp:attachment":[{"href":"https:\/\/summacum.lauder.hu\/index.php\/wp-json\/wp\/v2\/media?parent=2311"}],"curies":[{"name":"wp","href":"https:\/\/api.w.org\/{rel}","templated":true}]}}