{"id":2319,"date":"2024-04-17T12:41:32","date_gmt":"2024-04-17T12:41:32","guid":{"rendered":"https:\/\/summacum.lauder.hu\/?page_id=2319"},"modified":"2025-01-13T13:42:59","modified_gmt":"2025-01-13T13:42:59","slug":"biome19","status":"publish","type":"page","link":"https:\/\/summacum.lauder.hu\/index.php\/biome19\/","title":{"rendered":"Common or English Lavender \/ K\u00f6z\u00f6ns\u00e9ges levendula \/ Lavandula angustifolia"},"content":{"rendered":"\n<figure class=\"wp-block-audio\"><audio controls src=\"https:\/\/summacum.lauder.hu\/wp-content\/uploads\/2024\/04\/19_Common_Lavender.mp3\"><\/audio><figcaption>Common or English Lavender<\/figcaption><\/figure>\n\n\n\n<figure class=\"wp-block-audio\"><audio controls src=\"https:\/\/summacum.lauder.hu\/wp-content\/uploads\/2024\/04\/19_Levendula.mp3\"><\/audio><figcaption>K\u00f6z\u00f6ns\u00e9ges levendula<\/figcaption><\/figure>\n\n\n\n<div class=\"wp-block-image\"><figure class=\"aligncenter size-large is-resized\"><img loading=\"lazy\" src=\"https:\/\/summacum.lauder.hu\/wp-content\/uploads\/2025\/01\/19-01-1024x768.jpg\" alt=\"\" class=\"wp-image-3568\" width=\"436\" height=\"327\" srcset=\"https:\/\/summacum.lauder.hu\/wp-content\/uploads\/2025\/01\/19-01-1024x768.jpg 1024w, https:\/\/summacum.lauder.hu\/wp-content\/uploads\/2025\/01\/19-01-300x225.jpg 300w, https:\/\/summacum.lauder.hu\/wp-content\/uploads\/2025\/01\/19-01-768x576.jpg 768w, https:\/\/summacum.lauder.hu\/wp-content\/uploads\/2025\/01\/19-01.jpg 1077w\" sizes=\"(max-width: 436px) 100vw, 436px\" \/><\/figure><\/div>\n\n\n\n<p>19.<strong> Common or English Lavender \/ <\/strong><em>Lavandula angustifolia<\/em><\/p>\n\n\n\n<p>This is a common Lavender, or Lavandula Angustifolia in Latin, which has a thin green stem with purple flowers. It has oblong leaves, which are 3-4 mm wide, and 2-3 cm long.The leaf edges are simple and have little hairs.<\/p>\n\n\n\n<p>It is herbaceous, which means it&#8217;s a plant whose stem does not become woody and persistent like a tree. At its final form it can grow up to 60-80 cm tall.<\/p>\n\n\n\n<p>It can live to 40-50 years, and can survive the winter. We have knowledge of 39 types of lavenders. Its purple, scented flowers, which are located in a whorles on the stem, open in June and flower until July, and because of its good smell and beneficial health effects, it&#8217;s often used in perfumes and medicines.<\/p>\n\n\n\n<p><em><a rel=\"noreferrer noopener\" href=\"https:\/\/summacum.lauder.hu\/index.php\/biome00\/\" target=\"_blank\">Back to the menu of the learning path<\/a><\/em><\/p>\n\n\n\n<div class=\"wp-block-image\"><figure class=\"aligncenter size-large is-resized\"><img loading=\"lazy\" src=\"https:\/\/summacum.lauder.hu\/wp-content\/uploads\/2025\/01\/19-02-768x1024.jpg\" alt=\"\" class=\"wp-image-3569\" width=\"432\" height=\"576\" srcset=\"https:\/\/summacum.lauder.hu\/wp-content\/uploads\/2025\/01\/19-02-768x1024.jpg 768w, https:\/\/summacum.lauder.hu\/wp-content\/uploads\/2025\/01\/19-02-225x300.jpg 225w, https:\/\/summacum.lauder.hu\/wp-content\/uploads\/2025\/01\/19-02-1152x1536.jpg 1152w, https:\/\/summacum.lauder.hu\/wp-content\/uploads\/2025\/01\/19-02-1536x2048.jpg 1536w, https:\/\/summacum.lauder.hu\/wp-content\/uploads\/2025\/01\/19-02-1170x1560.jpg 1170w, https:\/\/summacum.lauder.hu\/wp-content\/uploads\/2025\/01\/19-02.jpg 1856w\" sizes=\"(max-width: 432px) 100vw, 432px\" \/><\/figure><\/div>\n\n\n\n<p>19. <strong>K\u00f6z\u00f6ns\u00e9ges Levendula<\/strong> <strong>\/ <\/strong><em>Lavandula angustifolia<\/em><\/p>\n\n\n\n<p>Ez egy k\u00f6z\u00f6ns\u00e9ges levendula, vagy latinul Lavandula angustifolia. Vir\u00e1gz\u00e1skor lila vir\u00e1gokat hoz, melyek a sz\u00e1ron n\u0151nek, \u00e1l\u00f6rv\u00f6s elrendez\u00e9sben. Sz\u0151r\u00f6s evelei l\u00e1ndzsaszer\u0171ek, 3-4 mm sz\u00e9lesek \u00e9s 2-3 cm hossz\u00faak, sz\u00e9leik sim\u00e1k.<\/p>\n\n\n\n<p>L\u00e1gysz\u00e1r\u00fa, ami azt jelenti, hogy olyan n\u00f6v\u00e9ny, melynek sz\u00e1ra nem f\u00e1sodik, mint egy fat\u00f6rzs. V\u00e9gs\u0151 form\u00e1j\u00e1ban 60-80 cm-re is megn\u0151het, \u00e9s ak\u00e1r 40-50 \u00e9vig is el\u00e9lhet.<\/p>\n\n\n\n<p>39 levendula fajt\u00e1t ismer\u00fcnk. Lila, illatos vir\u00e1gai j\u00faniusban ny\u00edlnak \u00e9s j\u00faliusig vir\u00e1goznak, j\u00f3 illata \u00e9s eg\u00e9szs\u00e9ges hat\u00e1sa miatt gyakran haszn\u00e1lj\u00e1k parf\u00fcm\u00f6kh\u00f6z, gy\u00f3gyszerekhez.<\/p>\n\n\n\n<div class=\"wp-block-image\"><figure class=\"aligncenter size-large is-resized\"><img loading=\"lazy\" src=\"https:\/\/summacum.lauder.hu\/wp-content\/uploads\/2025\/01\/19-03-768x1024.jpg\" alt=\"\" class=\"wp-image-3572\" width=\"349\" height=\"465\" srcset=\"https:\/\/summacum.lauder.hu\/wp-content\/uploads\/2025\/01\/19-03-768x1024.jpg 768w, https:\/\/summacum.lauder.hu\/wp-content\/uploads\/2025\/01\/19-03-225x300.jpg 225w, https:\/\/summacum.lauder.hu\/wp-content\/uploads\/2025\/01\/19-03-1152x1536.jpg 1152w, https:\/\/summacum.lauder.hu\/wp-content\/uploads\/2025\/01\/19-03-1536x2048.jpg 1536w, https:\/\/summacum.lauder.hu\/wp-content\/uploads\/2025\/01\/19-03-1170x1560.jpg 1170w, https:\/\/summacum.lauder.hu\/wp-content\/uploads\/2025\/01\/19-03.jpg 1856w\" sizes=\"(max-width: 349px) 100vw, 349px\" \/><\/figure><\/div>\n\n\n\n<p><em><a rel=\"noreferrer noopener\" href=\"https:\/\/summacum.lauder.hu\/index.php\/biome00\/\" target=\"_blank\">Vissza a tan\u00f6sv\u00e9ny men\u00fcj\u00e9be<\/a><\/em><\/p>\n\n\n\n<div class=\"wp-block-image\"><figure class=\"aligncenter size-large is-resized\"><img loading=\"lazy\" src=\"https:\/\/summacum.lauder.hu\/wp-content\/uploads\/2025\/01\/19-04-768x1024.jpg\" alt=\"\" class=\"wp-image-3573\" width=\"349\" height=\"465\" srcset=\"https:\/\/summacum.lauder.hu\/wp-content\/uploads\/2025\/01\/19-04-768x1024.jpg 768w, https:\/\/summacum.lauder.hu\/wp-content\/uploads\/2025\/01\/19-04-225x300.jpg 225w, https:\/\/summacum.lauder.hu\/wp-content\/uploads\/2025\/01\/19-04.jpg 844w\" sizes=\"(max-width: 349px) 100vw, 349px\" \/><\/figure><\/div>\n","protected":false},"excerpt":{"rendered":"<p>19. Common or English Lavender \/ Lavandula angustifolia This is a common Lavender, or Lavandula Angustifolia in Latin, which has a thin green stem with purple flowers. It has oblong leaves, which are 3-4 mm wide, and 2-3 cm long.The leaf edges are simple and have little hairs. It is herbaceous, which means it&#8217;s a plant whose stem does not become woody and persistent like a tree. At its final form it can grow up to 60-80 cm tall. It<\/p>\n","protected":false},"author":3,"featured_media":0,"parent":0,"menu_order":0,"comment_status":"closed","ping_status":"closed","template":"","meta":[],"_links":{"self":[{"href":"https:\/\/summacum.lauder.hu\/index.php\/wp-json\/wp\/v2\/pages\/2319"}],"collection":[{"href":"https:\/\/summacum.lauder.hu\/index.php\/wp-json\/wp\/v2\/pages"}],"about":[{"href":"https:\/\/summacum.lauder.hu\/index.php\/wp-json\/wp\/v2\/types\/page"}],"author":[{"embeddable":true,"href":"https:\/\/summacum.lauder.hu\/index.php\/wp-json\/wp\/v2\/users\/3"}],"replies":[{"embeddable":true,"href":"https:\/\/summacum.lauder.hu\/index.php\/wp-json\/wp\/v2\/comments?post=2319"}],"version-history":[{"count":3,"href":"https:\/\/summacum.lauder.hu\/index.php\/wp-json\/wp\/v2\/pages\/2319\/revisions"}],"predecessor-version":[{"id":3574,"href":"https:\/\/summacum.lauder.hu\/index.php\/wp-json\/wp\/v2\/pages\/2319\/revisions\/3574"}],"wp:attachment":[{"href":"https:\/\/summacum.lauder.hu\/index.php\/wp-json\/wp\/v2\/media?parent=2319"}],"curies":[{"name":"wp","href":"https:\/\/api.w.org\/{rel}","templated":true}]}}