{"id":2326,"date":"2024-04-17T12:46:17","date_gmt":"2024-04-17T12:46:17","guid":{"rendered":"https:\/\/summacum.lauder.hu\/?page_id=2326"},"modified":"2025-04-22T09:20:27","modified_gmt":"2025-04-22T09:20:27","slug":"biome21","status":"publish","type":"page","link":"https:\/\/summacum.lauder.hu\/index.php\/biome21\/","title":{"rendered":"Common Crumblecap \/ Sereges tintagomba \/ Coprinellus disseminatus"},"content":{"rendered":"\n<figure class=\"wp-block-audio\"><audio controls src=\"https:\/\/summacum.lauder.hu\/wp-content\/uploads\/2024\/04\/21_Common_Crumblecap.mp3\"><\/audio><figcaption>Common Crumblecap<\/figcaption><\/figure>\n\n\n\n<figure class=\"wp-block-audio\"><audio controls src=\"https:\/\/summacum.lauder.hu\/wp-content\/uploads\/2024\/04\/21_Sereges_tintagomba.mp3\"><\/audio><figcaption>Sereges tintagomba<\/figcaption><\/figure>\n\n\n\n<div class=\"wp-block-image\"><figure class=\"aligncenter size-large is-resized\"><img loading=\"lazy\" src=\"https:\/\/summacum.lauder.hu\/wp-content\/uploads\/2025\/04\/21-01-1024x933.jpg\" alt=\"\" class=\"wp-image-3943\" width=\"385\" height=\"350\" srcset=\"https:\/\/summacum.lauder.hu\/wp-content\/uploads\/2025\/04\/21-01-1024x933.jpg 1024w, https:\/\/summacum.lauder.hu\/wp-content\/uploads\/2025\/04\/21-01-300x273.jpg 300w, https:\/\/summacum.lauder.hu\/wp-content\/uploads\/2025\/04\/21-01-768x700.jpg 768w, https:\/\/summacum.lauder.hu\/wp-content\/uploads\/2025\/04\/21-01-1170x1066.jpg 1170w, https:\/\/summacum.lauder.hu\/wp-content\/uploads\/2025\/04\/21-01.jpg 1235w\" sizes=\"(max-width: 385px) 100vw, 385px\" \/><\/figure><\/div>\n\n\n\n<p>21.<strong> Common Crumblecap \/ <\/strong><em>Coprinellus disseminatus<\/em><\/p>\n\n\n\n<p>The color of the Common Crumblecap, or <em>Coprinellus disseminatus,<\/em> is whitish when young, then purplish-brown, and then it eventually turns brown with a whitish edge. The mushroom is a clump-growing species, very common in Europe and North America. It grows from April to November, on dead deciduous wood and soil near wood, in clusters or in groups. It&#8217;s a very common species in our country. It is edible but it has no nutritional value and it doesn\u2019t taste good. This mushroom also lives a saprotrophic lifestyle. The stalk is bare, the trama is disc-shaped and the hat is humped<\/p>\n\n\n\n<p><em><a rel=\"noreferrer noopener\" href=\"https:\/\/summacum.lauder.hu\/index.php\/biome00\/\" target=\"_blank\">Back to the menu of the learning path<\/a><\/em><\/p>\n\n\n\n<div class=\"wp-block-image\"><figure class=\"aligncenter size-large is-resized\"><img loading=\"lazy\" src=\"https:\/\/summacum.lauder.hu\/wp-content\/uploads\/2025\/04\/Lauder-BIOM-1024x576.jpg\" alt=\"\" class=\"wp-image-3944\" width=\"426\" height=\"239\" srcset=\"https:\/\/summacum.lauder.hu\/wp-content\/uploads\/2025\/04\/Lauder-BIOM-1024x576.jpg 1024w, https:\/\/summacum.lauder.hu\/wp-content\/uploads\/2025\/04\/Lauder-BIOM-300x169.jpg 300w, https:\/\/summacum.lauder.hu\/wp-content\/uploads\/2025\/04\/Lauder-BIOM-768x432.jpg 768w, https:\/\/summacum.lauder.hu\/wp-content\/uploads\/2025\/04\/Lauder-BIOM-1536x864.jpg 1536w, https:\/\/summacum.lauder.hu\/wp-content\/uploads\/2025\/04\/Lauder-BIOM-1170x658.jpg 1170w, https:\/\/summacum.lauder.hu\/wp-content\/uploads\/2025\/04\/Lauder-BIOM.jpg 1920w\" sizes=\"(max-width: 426px) 100vw, 426px\" \/><\/figure><\/div>\n\n\n\n<p>21. <strong>Sereges tintagomba \/ <\/strong><em>Coprinellus disseminatus<\/em><br>A Sereges tintagomba, azaz <em>Coprinellus disseminatus,<\/em> fiatalon feh\u00e9res, majd lil\u00e1s-barn\u00e1s, majd v\u00e9g\u00fcl feh\u00e9res sz\u00e9l\u0171 barn\u00e1v\u00e1 v\u00e1lik. A sz\u00e1r csupasz, a tr\u00e1ma korongolt \u00e9s a kalapja p\u00fapos. A Sereges tintagomba gomba csoportosan term\u0151 faj, Eur\u00f3p\u00e1ban \u00e9s \u00c9szak-Amerik\u00e1ban is igen elterjedt. \u00c1prilist\u00f3l novemberig korhad\u00f3 f\u00e1n \u00e9s fa melletti talajon igen gyakori faj. Ehet\u0151, de nincs t\u00e1p\u00e9rt\u00e9ke \u00e9s nem j\u00f3 az \u00edze. Ez a gomba szaprotr\u00f3f \u00e9letm\u00f3dot folytat.<\/p>\n\n\n\n<p><em><a rel=\"noreferrer noopener\" href=\"https:\/\/summacum.lauder.hu\/index.php\/biome00\/\" target=\"_blank\">Vissza a tan\u00f6sv\u00e9ny men\u00fcj\u00e9be<\/a><\/em><\/p>\n","protected":false},"excerpt":{"rendered":"<p>21. Common Crumblecap \/ Coprinellus disseminatus The color of the Common Crumblecap, or Coprinellus disseminatus, is whitish when young, then purplish-brown, and then it eventually turns brown with a whitish edge. The mushroom is a clump-growing species, very common in Europe and North America. It grows from April to November, on dead deciduous wood and soil near wood, in clusters or in groups. It&#8217;s a very common species in our country. It is edible but it has no nutritional value<\/p>\n","protected":false},"author":3,"featured_media":0,"parent":0,"menu_order":0,"comment_status":"closed","ping_status":"closed","template":"","meta":[],"_links":{"self":[{"href":"https:\/\/summacum.lauder.hu\/index.php\/wp-json\/wp\/v2\/pages\/2326"}],"collection":[{"href":"https:\/\/summacum.lauder.hu\/index.php\/wp-json\/wp\/v2\/pages"}],"about":[{"href":"https:\/\/summacum.lauder.hu\/index.php\/wp-json\/wp\/v2\/types\/page"}],"author":[{"embeddable":true,"href":"https:\/\/summacum.lauder.hu\/index.php\/wp-json\/wp\/v2\/users\/3"}],"replies":[{"embeddable":true,"href":"https:\/\/summacum.lauder.hu\/index.php\/wp-json\/wp\/v2\/comments?post=2326"}],"version-history":[{"count":3,"href":"https:\/\/summacum.lauder.hu\/index.php\/wp-json\/wp\/v2\/pages\/2326\/revisions"}],"predecessor-version":[{"id":3945,"href":"https:\/\/summacum.lauder.hu\/index.php\/wp-json\/wp\/v2\/pages\/2326\/revisions\/3945"}],"wp:attachment":[{"href":"https:\/\/summacum.lauder.hu\/index.php\/wp-json\/wp\/v2\/media?parent=2326"}],"curies":[{"name":"wp","href":"https:\/\/api.w.org\/{rel}","templated":true}]}}