{"id":2328,"date":"2024-04-17T12:48:46","date_gmt":"2024-04-17T12:48:46","guid":{"rendered":"https:\/\/summacum.lauder.hu\/?page_id=2328"},"modified":"2025-05-02T10:41:40","modified_gmt":"2025-05-02T10:41:40","slug":"biome22","status":"publish","type":"page","link":"https:\/\/summacum.lauder.hu\/index.php\/biome22\/","title":{"rendered":"Black Pine \/ Feketefeny\u0151 \/ Pinus negra"},"content":{"rendered":"\n<figure class=\"wp-block-audio\"><audio controls src=\"https:\/\/summacum.lauder.hu\/wp-content\/uploads\/2024\/04\/22_Black_Pine.mp3\"><\/audio><figcaption>Black Pine<\/figcaption><\/figure>\n\n\n\n<figure class=\"wp-block-audio\"><audio controls src=\"https:\/\/summacum.lauder.hu\/wp-content\/uploads\/2024\/04\/22_Feketefenyo-1.mp3\"><\/audio><figcaption>Feketefeny\u0151<\/figcaption><\/figure>\n\n\n\n<div class=\"wp-block-image\"><figure class=\"aligncenter size-large is-resized\"><img loading=\"lazy\" src=\"https:\/\/summacum.lauder.hu\/wp-content\/uploads\/2025\/05\/22-01-768x1024.jpg\" alt=\"\" class=\"wp-image-3980\" width=\"361\" height=\"481\" srcset=\"https:\/\/summacum.lauder.hu\/wp-content\/uploads\/2025\/05\/22-01-768x1024.jpg 768w, https:\/\/summacum.lauder.hu\/wp-content\/uploads\/2025\/05\/22-01-225x300.jpg 225w, https:\/\/summacum.lauder.hu\/wp-content\/uploads\/2025\/05\/22-01.jpg 844w\" sizes=\"(max-width: 361px) 100vw, 361px\" \/><\/figure><\/div>\n\n\n\n<p>22.<strong> Black Pine \/ <\/strong><em>Pinus negra<\/em><\/p>\n\n\n\n<p>The Pinus Negra, or black pine, is a huge coniferous tree, growing up to 55 meters tall. It is an evergreen tree with a single, round trunk and gray bark that is smooth when the tree is young, but turns fissured with age until scaly plates form on it. The branches are ascending and as the tree gets older, the bottom branches die. The tree is cone shaped when it\u2019s young but the top of older specimens flattens. Its leaves are needles, growing in twos all over the branches, and are stiff and curved. The brown, ovoid cones are symmetrical when they appear, and&nbsp; fall shortly after the seeds ripen. They are an excellent source of food for the red squirrel.<\/p>\n\n\n\n<p>The oldest living specimen lives in Corsica, and it is 849 years old.<\/p>\n\n\n\n<p><em><a rel=\"noreferrer noopener\" href=\"https:\/\/summacum.lauder.hu\/index.php\/biome00\/\" target=\"_blank\">Back to the menu of the learning path<\/a><\/em><\/p>\n\n\n\n<div class=\"wp-block-image\"><figure class=\"aligncenter size-large is-resized\"><img loading=\"lazy\" src=\"https:\/\/summacum.lauder.hu\/wp-content\/uploads\/2025\/05\/22-02-768x1024.jpg\" alt=\"\" class=\"wp-image-3981\" width=\"394\" height=\"524\" srcset=\"https:\/\/summacum.lauder.hu\/wp-content\/uploads\/2025\/05\/22-02-768x1024.jpg 768w, https:\/\/summacum.lauder.hu\/wp-content\/uploads\/2025\/05\/22-02-225x300.jpg 225w, https:\/\/summacum.lauder.hu\/wp-content\/uploads\/2025\/05\/22-02.jpg 844w\" sizes=\"(max-width: 394px) 100vw, 394px\" \/><\/figure><\/div>\n\n\n\n<p>22. <strong>Feketefeny\u0151 \/ <\/strong><em>Pinus negra<\/em><\/p>\n\n\n\n<p>A Pinus Negra vagy fekete feny\u0151 egy hatalmas t\u0171level\u0171 fa, \u00f6r\u00f6kz\u00f6ld fa, ami ak\u00e1r 55 m\u00e9ter magasra is megn\u0151. Egyenes, el\u00e1gaz\u00e1smentes, kerek t\u00f6rzse van \u00e9s sz\u00fcrke k\u00e9rge, amely fiatalon sima, de a kor el\u0151rehaladt\u00e1val repedezett\u00e9 v\u00e1lik, am\u00edg pikkelyes lemezek nem k\u00e9pz\u0151dnek rajta. Az \u00e1gak k\u00f6rk\u00f6r\u00f6sen n\u0151nek, \u00e9s ahogy a fa \u00f6regszik, az als\u00f3 \u00e1gak elhalnak. A fa fiatal kor\u00e1ban k\u00fap alak\u00fa, de az id\u0151sebb p\u00e9ld\u00e1nyok teteje ellaposodik. Levelei t\u0171levelek, kettes\u00e9vel n\u0151nek v\u00e9gig az \u00e1gakon, merevek \u00e9s enyh\u00e9n g\u00f6rb\u00e9k. A barna, toj\u00e1sdad tobozok megjelen\u00e9s\u00fckkor szimmetrikusak, \u00e9s r\u00f6viddel a magok be\u00e9r\u00e9se ut\u00e1n lehullanak, kiv\u00e1l\u00f3 t\u00e1pl\u00e1l\u00e9kforr\u00e1st biztos\u00edtva a v\u00f6r\u00f6s m\u00f3kus sz\u00e1m\u00e1ra.<\/p>\n\n\n\n<p>A legid\u0151sebb \u00e9l\u0151 p\u00e9ld\u00e1ny Korzik\u00e1n \u00e9l, \u00e9s 849 \u00e9ves.<\/p>\n\n\n\n<p><em><a rel=\"noreferrer noopener\" href=\"https:\/\/summacum.lauder.hu\/index.php\/biome00\/\" target=\"_blank\">Vissza a tan\u00f6sv\u00e9ny men\u00fcj\u00e9be<\/a><\/em><\/p>\n","protected":false},"excerpt":{"rendered":"<p>22. Black Pine \/ Pinus negra The Pinus Negra, or black pine, is a huge coniferous tree, growing up to 55 meters tall. It is an evergreen tree with a single, round trunk and gray bark that is smooth when the tree is young, but turns fissured with age until scaly plates form on it. The branches are ascending and as the tree gets older, the bottom branches die. The tree is cone shaped when it\u2019s young but the top<\/p>\n","protected":false},"author":3,"featured_media":0,"parent":0,"menu_order":0,"comment_status":"closed","ping_status":"closed","template":"","meta":[],"_links":{"self":[{"href":"https:\/\/summacum.lauder.hu\/index.php\/wp-json\/wp\/v2\/pages\/2328"}],"collection":[{"href":"https:\/\/summacum.lauder.hu\/index.php\/wp-json\/wp\/v2\/pages"}],"about":[{"href":"https:\/\/summacum.lauder.hu\/index.php\/wp-json\/wp\/v2\/types\/page"}],"author":[{"embeddable":true,"href":"https:\/\/summacum.lauder.hu\/index.php\/wp-json\/wp\/v2\/users\/3"}],"replies":[{"embeddable":true,"href":"https:\/\/summacum.lauder.hu\/index.php\/wp-json\/wp\/v2\/comments?post=2328"}],"version-history":[{"count":3,"href":"https:\/\/summacum.lauder.hu\/index.php\/wp-json\/wp\/v2\/pages\/2328\/revisions"}],"predecessor-version":[{"id":3982,"href":"https:\/\/summacum.lauder.hu\/index.php\/wp-json\/wp\/v2\/pages\/2328\/revisions\/3982"}],"wp:attachment":[{"href":"https:\/\/summacum.lauder.hu\/index.php\/wp-json\/wp\/v2\/media?parent=2328"}],"curies":[{"name":"wp","href":"https:\/\/api.w.org\/{rel}","templated":true}]}}