{"id":2519,"date":"2024-05-11T09:08:16","date_gmt":"2024-05-11T09:08:16","guid":{"rendered":"https:\/\/summacum.lauder.hu\/?page_id=2519"},"modified":"2024-07-14T10:28:07","modified_gmt":"2024-07-14T10:28:07","slug":"csillagvizsgalo","status":"publish","type":"page","link":"https:\/\/summacum.lauder.hu\/index.php\/csillagvizsgalo\/","title":{"rendered":"KETER \u05db\u05ea\u05e8 KUPOLA"},"content":{"rendered":"\n<p class=\"has-text-align-center\">K\u00f6sz\u00f6nt\u00fcnk a<em> <a rel=\"noreferrer noopener\" href=\"https:\/\/summacum.lauder.hu\/index.php\/lauder-mit\/\" data-type=\"URL\" data-id=\"https:\/\/summacum.lauder.hu\/index.php\/lauder-mit\/\" target=\"_blank\">Lauder Multiverzum Innov\u00e1ci\u00f3s T\u00e9r (MIT) Di\u00e1klabor<\/a> <\/em><strong>KETER CSILLAGVIZSG\u00c1L\u00d3J\u00c1NAK<\/strong> weboldal\u00e1n!<\/p>\n\n\n\n<div class=\"wp-block-image\"><figure class=\"aligncenter size-large is-resized\"><img loading=\"lazy\" src=\"https:\/\/summacum.lauder.hu\/wp-content\/uploads\/2024\/06\/keter-lauder-logo-1024x463.jpg\" alt=\"\" class=\"wp-image-2738\" width=\"475\" height=\"214\" srcset=\"https:\/\/summacum.lauder.hu\/wp-content\/uploads\/2024\/06\/keter-lauder-logo-1024x463.jpg 1024w, https:\/\/summacum.lauder.hu\/wp-content\/uploads\/2024\/06\/keter-lauder-logo-300x136.jpg 300w, https:\/\/summacum.lauder.hu\/wp-content\/uploads\/2024\/06\/keter-lauder-logo-768x347.jpg 768w, https:\/\/summacum.lauder.hu\/wp-content\/uploads\/2024\/06\/keter-lauder-logo-1536x694.jpg 1536w, https:\/\/summacum.lauder.hu\/wp-content\/uploads\/2024\/06\/keter-lauder-logo-1170x528.jpg 1170w, https:\/\/summacum.lauder.hu\/wp-content\/uploads\/2024\/06\/keter-lauder-logo.jpg 1946w\" sizes=\"(max-width: 475px) 100vw, 475px\" \/><\/figure><\/div>\n\n\n\n<p><em>&#8220;A Lauder Iskola tetej\u00e9n megnyitott csillag\u00e1szati kupola h\u00f3feh\u00e9r g\u00f6mbje koronak\u00e9nt uralja az \u00e9p\u00fcletet. A h\u00e9ber <strong>keter<\/strong> sz\u00f3 koron\u00e1t jelent, de nem csak azt. A misztikus hagyom\u00e1nyban az \u00e9sszel fel nem foghat\u00f3 dolgok \u00f6sszess\u00e9g\u00e9t is ezzel jel\u00f6lik. A tudaton \u00e9s az emberi felfog\u00f3k\u00e9pess\u00e9gen t\u00falmutat\u00f3 tud\u00e1ssal hozz\u00e1k kapcsolatba, gyakran a v\u00e9gtelen \u00e9s a v\u00e9ges k\u00f6z\u00f6tti kapocsnak tekintik.<\/em><\/p>\n\n\n\n<p><em>A csillagok l\u00e1tv\u00e1nya minden emberi l\u00e9nyt megbabon\u00e1z. Egyszerre eml\u00e9keztet a vil\u00e1gegyetem v\u00e9gtelen nagys\u00e1g\u00e1ra \u00e9s \u00f6nmagunk kicsinys\u00e9g\u00e9re. Aki a t\u00e1voli csillagokat f\u00fcrk\u00e9szi, az a m\u00faltba pillant, a t\u00e1vcs\u0151 \u00f6sszek\u00f6ti a teret \u00e9s az id\u0151t. Aki a Holdat, Napot vagy a bolyg\u00f3kat figyeli meg t\u00e1vcs\u00f6v\u00e9vel, a f\u00f6ldit\u0151l elt\u00e9r\u0151 vil\u00e1gokra f\u00fcggeszti szem\u00e9t. Ki tudja, h\u00e1ny \u00e9s h\u00e1ny lakhat\u00f3 bolyg\u00f3 l\u00e9tezik az Univerzumban. Vajon egyed\u00fcl vagyunk\u2026? \u00c9sszel nehezen felfoghat\u00f3 gondolatok ezek. Minden vall\u00e1s, minden filoz\u00f3fia saj\u00e1t v\u00e9gess\u00e9g\u00fcnk \u00e9s a v\u00e9gtelen vil\u00e1g k\u00f6z\u00f6tti hat\u00e1rt feszegeti, pr\u00f3b\u00e1lja lebontani. Nincs olyan ember alkotta t\u00e1rgy, mely ebben folyamatban hat\u00e9konyabb eszk\u00f6z a t\u00e1vcs\u0151n\u00e9l. A teleszk\u00f3p egyszerre ad racion\u00e1lis tud\u00e1st \u00e9s v\u00e1lt ki l\u00e9tez\u00e9s\u00fcnk legm\u00e9lyebb titkaihoz k\u00f6t\u0151d\u0151 \u00e9rzelmeket. Egyszerre adja mindazt, amit mi, akik a kupol\u00e1t l\u00e9trehoztuk di\u00e1kjainknak ny\u00fajtani szeretn\u00e9nk. Gyertek, l\u00e1togass\u00e1tok meg a Keter kupol\u00e1t, n\u00e9zzetek bele a t\u00e1vcs\u0151be, de k\u00f6zben sose feledj\u00e9tek, csillagok por\u00e1b\u00f3l vagyunk valamennyien!&#8221;&nbsp;&nbsp;<\/em><\/p>\n\n\n\n<p class=\"has-text-align-right\"><strong><em>Hor\u00e1nyi G\u00e1bor<\/em><\/strong>, a <em>Lauder Javne Iskola<\/em> f\u0151igazgat\u00f3ja <\/p>\n\n\n\n<p>A Keter Kupol\u00e1r\u00f3l:<\/p>\n\n\n\n<p>A kupol\u00e1ban a k\u00f6vetkez\u0151 eszk\u00f6z\u00f6kkel val\u00f3 \u00e9szlel\u00e9sekre van lehet\u0151s\u00e9g:  <strong>optikai t\u00e1vcs\u0151<\/strong>, <strong>napt\u00e1vcs\u0151<\/strong>, <strong>spektroszk\u00f3pia<\/strong>. <\/p>\n\n\n\n<p>Ezek a csillag\u00e1szattal kapcsolatos ismeretek k\u00fcl\u00f6nb\u00f6z\u0151 m\u00e9lys\u00e9geit jelentik. A Hold felsz\u00edn\u00e9nek, kr\u00e1tereinek megfigyel\u00e9se, a Szaturnusz gy\u0171r\u0171j\u00e9nek l\u00e1tv\u00e1nya, a Jupiter felh\u0151\u00f6rv\u00e9nyei \u00e9s holdjai mind olyan alapvet\u0151 \u00e9szlel\u00e9s, mely k\u00f6nnyen kivitelezhet\u0151, l\u00e1tv\u00e1nyos \u00e9s minden ember sz\u00e1m\u00e1ra megfigyel\u00e9si minimum az \u00e9lete sor\u00e1n legal\u00e1bb egyszer. A Nap, a galaxisok, k\u00f6d\u00f6k, g\u00f6mbhalmazok \u00e9szlel\u00e9se a k\u00f6vetkez\u0151 szint, mely a term\u00e9szettudom\u00e1nyos p\u00e1ly\u00e1khoz ad motiv\u00e1ci\u00f3t, illetve bevezet\u0151 l\u00e9p\u00e9s lehet a professzion\u00e1lis csillag\u00e1ssz\u00e1 v\u00e1l\u00e1shoz is. A csillagok spektroszk\u00f3pi\u00e1j\u00e1nak vizsg\u00e1lata m\u00e1r egyetemi szint\u0171, fizikus, csillag\u00e1sz feladatnak tekinthet\u0151.\u00a0<\/p>\n\n\n\n<figure class=\"wp-block-image size-large\"><img loading=\"lazy\" width=\"1024\" height=\"465\" src=\"https:\/\/summacum.lauder.hu\/wp-content\/uploads\/2024\/05\/MIT-cs02-1024x465.jpg\" alt=\"\" class=\"wp-image-2523\" srcset=\"https:\/\/summacum.lauder.hu\/wp-content\/uploads\/2024\/05\/MIT-cs02-1024x465.jpg 1024w, https:\/\/summacum.lauder.hu\/wp-content\/uploads\/2024\/05\/MIT-cs02-300x136.jpg 300w, https:\/\/summacum.lauder.hu\/wp-content\/uploads\/2024\/05\/MIT-cs02-768x349.jpg 768w, https:\/\/summacum.lauder.hu\/wp-content\/uploads\/2024\/05\/MIT-cs02-1536x698.jpg 1536w, https:\/\/summacum.lauder.hu\/wp-content\/uploads\/2024\/05\/MIT-cs02-1170x531.jpg 1170w, https:\/\/summacum.lauder.hu\/wp-content\/uploads\/2024\/05\/MIT-cs02.jpg 1990w\" sizes=\"(max-width: 1024px) 100vw, 1024px\" \/><figcaption><em>Az els\u0151 mobiltelefonos felv\u00e9tel a Napr\u00f3l (k\u00f6z\u00e9pen) 2024. m\u00e1jus 9-\u00e9n.<\/em><\/figcaption><\/figure>\n\n\n\n<p><a rel=\"noreferrer noopener\" href=\"https:\/\/summacum.lauder.hu\/index.php\/tag\/csillagvizsgalo\/\" data-type=\"URL\" data-id=\"https:\/\/summacum.lauder.hu\/index.php\/tag\/csillagvizsgalo\/\" target=\"_blank\"><strong>H\u00edrek a CSILLAGVIZSG\u00c1L\u00d3B\u00d3L<\/strong><\/a><\/p>\n\n\n\n<p><a rel=\"noreferrer noopener\" href=\"https:\/\/summacum.lauder.hu\/index.php\/tag\/urkutatas\/\" data-type=\"URL\" data-id=\"https:\/\/summacum.lauder.hu\/index.php\/tag\/urkutatas\/\" target=\"_blank\"><strong>\u0170rkutat\u00e1sr\u00f3l a Di\u00e1klaborban <\/strong><\/a><\/p>\n\n\n\n<p>\u00cdgy \u00e9p\u00fclt a CSILLAGVIZSG\u00c1L\u00d3: <\/p>\n\n\n\n<figure class=\"wp-block-image size-large\"><img loading=\"lazy\" width=\"1024\" height=\"768\" src=\"https:\/\/summacum.lauder.hu\/wp-content\/uploads\/2024\/05\/cs-epites-1024x768.jpg\" alt=\"\" class=\"wp-image-2533\" srcset=\"https:\/\/summacum.lauder.hu\/wp-content\/uploads\/2024\/05\/cs-epites-1024x768.jpg 1024w, https:\/\/summacum.lauder.hu\/wp-content\/uploads\/2024\/05\/cs-epites-300x225.jpg 300w, https:\/\/summacum.lauder.hu\/wp-content\/uploads\/2024\/05\/cs-epites-768x576.jpg 768w, https:\/\/summacum.lauder.hu\/wp-content\/uploads\/2024\/05\/cs-epites-1170x878.jpg 1170w, https:\/\/summacum.lauder.hu\/wp-content\/uploads\/2024\/05\/cs-epites.jpg 1417w\" sizes=\"(max-width: 1024px) 100vw, 1024px\" \/><\/figure>\n\n\n\n<p><em>(Fot\u00f3k: 2 Kop Kft., Hor\u00e1nyi G\u00e1bor \u00e9s Kereszty Zsolt)<\/em><\/p>\n\n\n\n<hr class=\"wp-block-separator\"\/>\n\n\n\n<figure class=\"wp-block-image size-large\"><img loading=\"lazy\" width=\"1024\" height=\"88\" src=\"https:\/\/summacum.lauder.hu\/wp-content\/uploads\/2024\/05\/mit-lablec-1024x88.jpg\" alt=\"\" class=\"wp-image-2536\" srcset=\"https:\/\/summacum.lauder.hu\/wp-content\/uploads\/2024\/05\/mit-lablec-1024x88.jpg 1024w, https:\/\/summacum.lauder.hu\/wp-content\/uploads\/2024\/05\/mit-lablec-300x26.jpg 300w, https:\/\/summacum.lauder.hu\/wp-content\/uploads\/2024\/05\/mit-lablec-768x66.jpg 768w, https:\/\/summacum.lauder.hu\/wp-content\/uploads\/2024\/05\/mit-lablec-1170x101.jpg 1170w, https:\/\/summacum.lauder.hu\/wp-content\/uploads\/2024\/05\/mit-lablec.jpg 1512w\" sizes=\"(max-width: 1024px) 100vw, 1024px\" \/><\/figure>\n\n\n\n<p><em>A p\u00e1ly\u00e1zat k\u00f3dja: XIA-DI\u00c1KLABOR-23-01<\/em><\/p>\n\n\n\n<p><em>Kedvezm\u00e9nyezett: Vil\u00e1gi Zsid\u00f3 Iskola Alap\u00edtv\u00e1ny<\/em><\/p>\n\n\n\n<p><em>Megval\u00f3s\u00edt\u00e1si helysz\u00edn: Lauder Javne Zsid\u00f3 K\u00f6z\u00f6ss\u00e9gi \u00d3voda, \u00c1ltal\u00e1nos Iskola, Gimn\u00e1zium \u00e9s Zenei Alapfok\u00fa M\u0171v\u00e9szeti Iskola<\/em><\/p>\n\n\n\n<p><em>T\u00e1mogat\u00f3: Nemzeti Kutat\u00e1si, Fejleszt\u00e9si \u00e9s Innov\u00e1ci\u00f3s Hivatal, az NKFI Alapb\u00f3l megval\u00f3sul\u00f3 projekt, Nemzeti Innov\u00e1ci\u00f3s \u00dcgyn\u00f6ks\u00e9g Nonprofit Zrt.<\/em><\/p>\n","protected":false},"excerpt":{"rendered":"<p>K\u00f6sz\u00f6nt\u00fcnk a Lauder Multiverzum Innov\u00e1ci\u00f3s T\u00e9r (MIT) Di\u00e1klabor KETER CSILLAGVIZSG\u00c1L\u00d3J\u00c1NAK weboldal\u00e1n! &#8220;A Lauder Iskola tetej\u00e9n megnyitott csillag\u00e1szati kupola h\u00f3feh\u00e9r g\u00f6mbje koronak\u00e9nt uralja az \u00e9p\u00fcletet. A h\u00e9ber keter sz\u00f3 koron\u00e1t jelent, de nem csak azt. A misztikus hagyom\u00e1nyban az \u00e9sszel fel nem foghat\u00f3 dolgok \u00f6sszess\u00e9g\u00e9t is ezzel jel\u00f6lik. A tudaton \u00e9s az emberi felfog\u00f3k\u00e9pess\u00e9gen t\u00falmutat\u00f3 tud\u00e1ssal hozz\u00e1k kapcsolatba, gyakran a v\u00e9gtelen \u00e9s a v\u00e9ges k\u00f6z\u00f6tti kapocsnak tekintik. A csillagok l\u00e1tv\u00e1nya minden emberi l\u00e9nyt megbabon\u00e1z. Egyszerre eml\u00e9keztet a vil\u00e1gegyetem v\u00e9gtelen nagys\u00e1g\u00e1ra \u00e9s<\/p>\n","protected":false},"author":3,"featured_media":2521,"parent":0,"menu_order":0,"comment_status":"closed","ping_status":"closed","template":"","meta":[],"_links":{"self":[{"href":"https:\/\/summacum.lauder.hu\/index.php\/wp-json\/wp\/v2\/pages\/2519"}],"collection":[{"href":"https:\/\/summacum.lauder.hu\/index.php\/wp-json\/wp\/v2\/pages"}],"about":[{"href":"https:\/\/summacum.lauder.hu\/index.php\/wp-json\/wp\/v2\/types\/page"}],"author":[{"embeddable":true,"href":"https:\/\/summacum.lauder.hu\/index.php\/wp-json\/wp\/v2\/users\/3"}],"replies":[{"embeddable":true,"href":"https:\/\/summacum.lauder.hu\/index.php\/wp-json\/wp\/v2\/comments?post=2519"}],"version-history":[{"count":16,"href":"https:\/\/summacum.lauder.hu\/index.php\/wp-json\/wp\/v2\/pages\/2519\/revisions"}],"predecessor-version":[{"id":2755,"href":"https:\/\/summacum.lauder.hu\/index.php\/wp-json\/wp\/v2\/pages\/2519\/revisions\/2755"}],"wp:featuredmedia":[{"embeddable":true,"href":"https:\/\/summacum.lauder.hu\/index.php\/wp-json\/wp\/v2\/media\/2521"}],"wp:attachment":[{"href":"https:\/\/summacum.lauder.hu\/index.php\/wp-json\/wp\/v2\/media?parent=2519"}],"curies":[{"name":"wp","href":"https:\/\/api.w.org\/{rel}","templated":true}]}}