{"id":3154,"date":"2024-10-28T10:19:34","date_gmt":"2024-10-28T10:19:34","guid":{"rendered":"https:\/\/summacum.lauder.hu\/?page_id=3154"},"modified":"2025-05-31T15:35:02","modified_gmt":"2025-05-31T15:35:02","slug":"sciprojekt-ahava","status":"publish","type":"page","link":"https:\/\/summacum.lauder.hu\/index.php\/sciprojekt-ahava\/","title":{"rendered":"MIT mond err\u0151l a tudom\u00e1ny?"},"content":{"rendered":"\n<p>Okt\u00f3ber 31-\u00e9n <em>16 kutat\u00f3csoportban<\/em> v\u00e1gott bele a kilencedikes <strong>\u00c1H\u00c1V\u00c1 \u00e9vfolyam<\/strong> a science projekt megval\u00f3s\u00edt\u00e1s\u00e1ba. A <em>Lauder Multiverzum Innov\u00e1ci\u00f3s T\u00e9r (MIT) Di\u00e1klabor <\/em>id\u00e9n el\u0151sz\u00f6r csatlakozott az innovat\u00edv oktat\u00e1si kezdem\u00e9nyez\u00e9shez. <\/p>\n\n\n\n<figure class=\"wp-block-image size-large\"><img loading=\"lazy\" width=\"1024\" height=\"465\" src=\"https:\/\/summacum.lauder.hu\/wp-content\/uploads\/2024\/10\/MITmond-01-01-1024x465.jpg\" alt=\"\" class=\"wp-image-3170\" srcset=\"https:\/\/summacum.lauder.hu\/wp-content\/uploads\/2024\/10\/MITmond-01-01-1024x465.jpg 1024w, https:\/\/summacum.lauder.hu\/wp-content\/uploads\/2024\/10\/MITmond-01-01-300x136.jpg 300w, https:\/\/summacum.lauder.hu\/wp-content\/uploads\/2024\/10\/MITmond-01-01-768x349.jpg 768w, https:\/\/summacum.lauder.hu\/wp-content\/uploads\/2024\/10\/MITmond-01-01-1170x532.jpg 1170w, https:\/\/summacum.lauder.hu\/wp-content\/uploads\/2024\/10\/MITmond-01-01.jpg 1512w\" sizes=\"(max-width: 1024px) 100vw, 1024px\" \/><\/figure>\n\n\n\n<p>Az els\u0151 foglalkoz\u00e1son, a bevezet\u0151 inform\u00e1ci\u00f3kat k\u00f6vet\u0151en, a f\u0151 kutat\u00e1si t\u00e9m\u00e1t sorsol\u00e1s \u00fatj\u00e1n kapt\u00e1k meg a csoportok. Az <strong>energia<\/strong>, az<strong> \u0171rkutat\u00e1s<\/strong> \u00e9s a <strong>mesters\u00e9ges intelligencia<\/strong> t\u00e9mak\u00f6r\u00e9ben t\u00f6bb mint 20 gondolat\u00e9breszt\u0151 \u00e1llom\u00e1st alak\u00edtottunk ki a MIT-ben. Ezek megismer\u00e9s\u00e9t k\u00f6vet\u0151en minden csapat megfogalmazott egy k\u00e9rd\u00e9st, melynek ment\u00e9n a di\u00e1kok hozz\u00e1kezdenek egy-egy tudom\u00e1nyos ter\u00fclet felt\u00e1r\u00e1s\u00e1hoz.<\/p>\n\n\n\n<figure class=\"wp-block-image size-large\"><img loading=\"lazy\" width=\"1024\" height=\"491\" src=\"https:\/\/summacum.lauder.hu\/wp-content\/uploads\/2024\/10\/mitmond-01-02-1024x491.jpg\" alt=\"\" class=\"wp-image-3171\" srcset=\"https:\/\/summacum.lauder.hu\/wp-content\/uploads\/2024\/10\/mitmond-01-02-1024x491.jpg 1024w, https:\/\/summacum.lauder.hu\/wp-content\/uploads\/2024\/10\/mitmond-01-02-300x144.jpg 300w, https:\/\/summacum.lauder.hu\/wp-content\/uploads\/2024\/10\/mitmond-01-02-768x368.jpg 768w, https:\/\/summacum.lauder.hu\/wp-content\/uploads\/2024\/10\/mitmond-01-02-1170x561.jpg 1170w, https:\/\/summacum.lauder.hu\/wp-content\/uploads\/2024\/10\/mitmond-01-02.jpg 1511w\" sizes=\"(max-width: 1024px) 100vw, 1024px\" \/><\/figure>\n\n\n\n<p>November 6-\u00e1n estig be\u00e9rkeztek a kutat\u00e1si tervek a csapatokt\u00f3l, m\u00e1snap, november 7-\u00e9n tal\u00e1lkoztunk ism\u00e9t, ekkor szaktan\u00e1ri mentoraik \u00e9s a <em>Lauder MIT Di\u00e1klabor <\/em>csapat\u00e1nak t\u00e1magat\u00e1s\u00e1val hozz\u00e1kezdtek a gimnazist\u00e1k a kutat\u00e1shoz, az irodalmaz\u00e1shoz, a k\u00eds\u00e9rletek, felm\u00e9r\u00e9sek, prezent\u00e1ci\u00f3k \u00f6ssze\u00e1ll\u00edt\u00e1s\u00e1hoz.   <\/p>\n\n\n\n<figure class=\"wp-block-image size-large\"><img loading=\"lazy\" width=\"1024\" height=\"517\" src=\"https:\/\/summacum.lauder.hu\/wp-content\/uploads\/2024\/11\/mitmond02-01-1024x517.jpg\" alt=\"\" class=\"wp-image-3199\" srcset=\"https:\/\/summacum.lauder.hu\/wp-content\/uploads\/2024\/11\/mitmond02-01-1024x517.jpg 1024w, https:\/\/summacum.lauder.hu\/wp-content\/uploads\/2024\/11\/mitmond02-01-300x152.jpg 300w, https:\/\/summacum.lauder.hu\/wp-content\/uploads\/2024\/11\/mitmond02-01-768x388.jpg 768w, https:\/\/summacum.lauder.hu\/wp-content\/uploads\/2024\/11\/mitmond02-01-1170x591.jpg 1170w, https:\/\/summacum.lauder.hu\/wp-content\/uploads\/2024\/11\/mitmond02-01.jpg 1498w\" sizes=\"(max-width: 1024px) 100vw, 1024px\" \/><\/figure>\n\n\n\n<p><strong><em>Kutat\u00f3csoportok \u00e9s kutat\u00e1si t\u00e9m\u00e1k:<\/em><\/strong><\/p>\n\n\n\n<ol><li>Cila &#8211; <strong>ChatGPT?<\/strong> (MESTERS\u00c9GES INTELLIGENCIA)<\/li><li>C\u00e1p\u00e1k &#8211; <strong>A tenger, mint energiaforr\u00e1s?<\/strong> (ENERGIA)<\/li><li>Cs\u00e1rcs\u00e1sz\u00e1rs\u00e1g &#8211; <strong>Hogy lehet z\u00f6ldebb az AI?<\/strong> (MESTERS\u00c9GES INTELLIGENCIA)<\/li><li>Diesel for the win!!! &#8211; <strong>Magamnak termelem?<\/strong> (MESTERS\u00c9GES INTELLIGENCIA, ENERGIA)<\/li><li>Emet &#8211; <strong>Az AI \u00f6tlete t\u00e1volr\u00f3l sem \u00fajdons\u00e1g, kik, mikor \u00e9s mi\u00e9rt gondoltak r\u00e1 el\u0151tt\u00fcnk?<\/strong> (MESTERS\u00c9GES INTELLIGENCIA)<\/li><li>Energy &#8211; <strong>Mit ad nek\u00fcnk a k\u00f6rnyezet\u00fcnk? &#8211; a term\u00e9szetben rejl\u0151 energia<\/strong> (ENERGIA)<\/li><li>Kutat\u00f3 l\u00e1nyok &#8211; <strong>Vesz\u00e9lyes e az emberekre a mesters\u00e9ges intelligencia?<\/strong> (MESTERS\u00c9GES INTELLIGENCIA)<\/li><li>Mars kutat\u00f3k &#8211; <strong>Tudjuk-e koloniz\u00e1lni a Marsot? Mi\u00e9rt lenne ez el\u0151ny\u00f6s sz\u00e1munkra?<\/strong> (\u0170RKUTAT\u00c1S)<\/li><li>Mesters\u00e9ges Intelligencia Kutat\u00f3k &#8211; <strong>Mi az a mesters\u00e9ges intelligencia?<\/strong> (MESTERS\u00c9GES INTELLIGENCIA)<\/li><li>Mici hadserege &#8211; <strong>Mi volt az \u0151srobban\u00e1s el\u0151tt?<\/strong> (\u0170RKUTAT\u00c1S)<\/li><li>MI csoport &#8211; <strong>Milyen m\u00f3don van jelen az MI a mindennapjainkban?<\/strong> (MESTERS\u00c9GES INTELLIGENCIA)<\/li><li>Nukle\u00e1ris csoport &#8211; <strong>Mennyire vesz\u00e9lyes a nukle\u00e1ris energia?<\/strong> (ENERGIA)<\/li><li>\u0170rkutat\u00f3k &#8211; <strong>Milyen kapcsolata van a Holdnak az emberekkel\/\u00e9l\u0151vil\u00e1ggal (\u00e1llat, n\u00f6v\u00e9ny)?<\/strong> (\u0170RKUTAT\u00c1S)<\/li><li>\u0170rTermel\u0151k &#8211; <strong>Mit egy\u00fcnk az \u0171rben?<\/strong> (\u0170RKUTAT\u00c1S)<\/li><li>S\u00f6t\u00e9t Horizont Kutat\u00f3csoport &#8211; <strong>Mi az a fekete lyuk \u00e9s mi a jelent\u0151s\u00e9ge sz\u00e1munkra?<\/strong> (\u0170RKUTAT\u00c1S)<\/li><li>Wasistdas &#8211; <strong>Nap \u00e9s sz\u00e9lenergia a mindennapjainkban?<\/strong> (ENERGIA)<\/li><\/ol>\n\n\n\n<figure class=\"wp-block-image size-large\"><img loading=\"lazy\" width=\"1024\" height=\"472\" src=\"https:\/\/summacum.lauder.hu\/wp-content\/uploads\/2024\/11\/mitmond02-02-1024x472.jpg\" alt=\"\" class=\"wp-image-3200\" srcset=\"https:\/\/summacum.lauder.hu\/wp-content\/uploads\/2024\/11\/mitmond02-02-1024x472.jpg 1024w, https:\/\/summacum.lauder.hu\/wp-content\/uploads\/2024\/11\/mitmond02-02-300x138.jpg 300w, https:\/\/summacum.lauder.hu\/wp-content\/uploads\/2024\/11\/mitmond02-02-768x354.jpg 768w, https:\/\/summacum.lauder.hu\/wp-content\/uploads\/2024\/11\/mitmond02-02-1170x539.jpg 1170w, https:\/\/summacum.lauder.hu\/wp-content\/uploads\/2024\/11\/mitmond02-02.jpg 1504w\" sizes=\"(max-width: 1024px) 100vw, 1024px\" \/><\/figure>\n\n\n\n<p>November 13-\u00e1n estig minden kutat\u00f3csoport besz\u00e1molt a mentor\u00e1nak arr\u00f3l, hol tartanak a kutat\u00e1sban. M\u00e1snap ism\u00e9t tal\u00e1lkoztunk a<em> Di\u00e1klaborban<\/em>, voltak, akik m\u00e9r\u00e9seket v\u00e9geztek, k\u00e9rd\u0151\u00edvet \u00e1ll\u00edtottak \u00f6ssze, robotot \u00e9p\u00edtettek vagy a prezent\u00e1ci\u00f3jukon dolgoztak. A szaktan\u00e1rok mellett a<em> Lauder MIT <\/em>csapata is igyekezett hasznos tan\u00e1csokkal seg\u00edteni a kilencedikeseket. Ezen a napon kezdt\u00fck meg a felk\u00e9sz\u00fcl\u00e9st az idei <strong>STEAM-NAP<\/strong>ra, melyen k\u00fcl\u00f6nleges feladat v\u00e1r majd az \u00e9vfolyamra egy <em>Science B\u00f6rze<\/em> keret\u00e9ben. <\/p>\n\n\n\n<figure class=\"wp-block-image size-large\"><img loading=\"lazy\" width=\"1024\" height=\"548\" src=\"https:\/\/summacum.lauder.hu\/wp-content\/uploads\/2024\/11\/mitmon01-1024x548.jpg\" alt=\"\" class=\"wp-image-3241\" srcset=\"https:\/\/summacum.lauder.hu\/wp-content\/uploads\/2024\/11\/mitmon01-1024x548.jpg 1024w, https:\/\/summacum.lauder.hu\/wp-content\/uploads\/2024\/11\/mitmon01-300x161.jpg 300w, https:\/\/summacum.lauder.hu\/wp-content\/uploads\/2024\/11\/mitmon01-768x411.jpg 768w, https:\/\/summacum.lauder.hu\/wp-content\/uploads\/2024\/11\/mitmon01-1170x626.jpg 1170w, https:\/\/summacum.lauder.hu\/wp-content\/uploads\/2024\/11\/mitmon01.jpg 1497w\" sizes=\"(max-width: 1024px) 100vw, 1024px\" \/><\/figure>\n\n\n\n<figure class=\"wp-block-image size-large\"><img loading=\"lazy\" width=\"1024\" height=\"444\" src=\"https:\/\/summacum.lauder.hu\/wp-content\/uploads\/2024\/11\/mitmon02-1024x444.jpg\" alt=\"\" class=\"wp-image-3242\" srcset=\"https:\/\/summacum.lauder.hu\/wp-content\/uploads\/2024\/11\/mitmon02-1024x444.jpg 1024w, https:\/\/summacum.lauder.hu\/wp-content\/uploads\/2024\/11\/mitmon02-300x130.jpg 300w, https:\/\/summacum.lauder.hu\/wp-content\/uploads\/2024\/11\/mitmon02-768x333.jpg 768w, https:\/\/summacum.lauder.hu\/wp-content\/uploads\/2024\/11\/mitmon02-1170x508.jpg 1170w, https:\/\/summacum.lauder.hu\/wp-content\/uploads\/2024\/11\/mitmon02.jpg 1503w\" sizes=\"(max-width: 1024px) 100vw, 1024px\" \/><\/figure>\n\n\n\n<figure class=\"wp-block-image size-large\"><img loading=\"lazy\" width=\"1024\" height=\"491\" src=\"https:\/\/summacum.lauder.hu\/wp-content\/uploads\/2024\/11\/mitmon03-1024x491.jpg\" alt=\"\" class=\"wp-image-3243\" srcset=\"https:\/\/summacum.lauder.hu\/wp-content\/uploads\/2024\/11\/mitmon03-1024x491.jpg 1024w, https:\/\/summacum.lauder.hu\/wp-content\/uploads\/2024\/11\/mitmon03-300x144.jpg 300w, https:\/\/summacum.lauder.hu\/wp-content\/uploads\/2024\/11\/mitmon03-768x368.jpg 768w, https:\/\/summacum.lauder.hu\/wp-content\/uploads\/2024\/11\/mitmon03-1170x561.jpg 1170w, https:\/\/summacum.lauder.hu\/wp-content\/uploads\/2024\/11\/mitmon03.jpg 1502w\" sizes=\"(max-width: 1024px) 100vw, 1024px\" \/><\/figure>\n\n\n\n<p>November 21-\u00e9n a di\u00e1klaboros konzult\u00e1ci\u00f3s alkalmakon a kutat\u00e1si munka \u00f6sszegz\u00e9s\u00e9vel foglalkoztak a kilencedikesek. Sorker\u00fclt az utols\u00f3 m\u00e9r\u00e9sekre, elk\u00e9sz\u00fcltek a bemutat\u00f3khoz sz\u00fcks\u00e9ges vide\u00f3k, f\u00e9nyk\u00e9pek. A szaktan\u00e1ri mentorok \u00fatmutat\u00e1sai, visszajelz\u00e9sei alapj\u00e1n tov\u00e1bbfinomodtak a j\u00f6v\u0151 szerdai \u00e9s cs\u00fct\u00f6rt\u00f6ki el\u0151ad\u00e1sokra k\u00e9sz\u00fcl\u0151 prezent\u00e1ci\u00f3k. <\/p>\n\n\n\n<figure class=\"wp-block-image size-large\"><img loading=\"lazy\" width=\"1024\" height=\"526\" src=\"https:\/\/summacum.lauder.hu\/wp-content\/uploads\/2024\/11\/mitmond04-01-1024x526.jpg\" alt=\"\" class=\"wp-image-3301\" srcset=\"https:\/\/summacum.lauder.hu\/wp-content\/uploads\/2024\/11\/mitmond04-01-1024x526.jpg 1024w, https:\/\/summacum.lauder.hu\/wp-content\/uploads\/2024\/11\/mitmond04-01-300x154.jpg 300w, https:\/\/summacum.lauder.hu\/wp-content\/uploads\/2024\/11\/mitmond04-01-768x394.jpg 768w, https:\/\/summacum.lauder.hu\/wp-content\/uploads\/2024\/11\/mitmond04-01-1170x601.jpg 1170w, https:\/\/summacum.lauder.hu\/wp-content\/uploads\/2024\/11\/mitmond04-01.jpg 1498w\" sizes=\"(max-width: 1024px) 100vw, 1024px\" \/><\/figure>\n\n\n\n<figure class=\"wp-block-image size-large\"><img loading=\"lazy\" width=\"1024\" height=\"587\" src=\"https:\/\/summacum.lauder.hu\/wp-content\/uploads\/2024\/11\/mitmond04-03-1024x587.jpg\" alt=\"\" class=\"wp-image-3303\" srcset=\"https:\/\/summacum.lauder.hu\/wp-content\/uploads\/2024\/11\/mitmond04-03-1024x587.jpg 1024w, https:\/\/summacum.lauder.hu\/wp-content\/uploads\/2024\/11\/mitmond04-03-300x172.jpg 300w, https:\/\/summacum.lauder.hu\/wp-content\/uploads\/2024\/11\/mitmond04-03-768x440.jpg 768w, https:\/\/summacum.lauder.hu\/wp-content\/uploads\/2024\/11\/mitmond04-03-783x450.jpg 783w, https:\/\/summacum.lauder.hu\/wp-content\/uploads\/2024\/11\/mitmond04-03-1000x574.jpg 1000w, https:\/\/summacum.lauder.hu\/wp-content\/uploads\/2024\/11\/mitmond04-03-1170x671.jpg 1170w, https:\/\/summacum.lauder.hu\/wp-content\/uploads\/2024\/11\/mitmond04-03.jpg 1496w\" sizes=\"(max-width: 1024px) 100vw, 1024px\" \/><\/figure>\n\n\n\n<figure class=\"wp-block-image size-large\"><img loading=\"lazy\" width=\"1024\" height=\"445\" src=\"https:\/\/summacum.lauder.hu\/wp-content\/uploads\/2024\/11\/mitmond04-02-1024x445.jpg\" alt=\"\" class=\"wp-image-3302\" srcset=\"https:\/\/summacum.lauder.hu\/wp-content\/uploads\/2024\/11\/mitmond04-02-1024x445.jpg 1024w, https:\/\/summacum.lauder.hu\/wp-content\/uploads\/2024\/11\/mitmond04-02-300x130.jpg 300w, https:\/\/summacum.lauder.hu\/wp-content\/uploads\/2024\/11\/mitmond04-02-768x334.jpg 768w, https:\/\/summacum.lauder.hu\/wp-content\/uploads\/2024\/11\/mitmond04-02-1170x508.jpg 1170w, https:\/\/summacum.lauder.hu\/wp-content\/uploads\/2024\/11\/mitmond04-02.jpg 1498w\" sizes=\"(max-width: 1024px) 100vw, 1024px\" \/><\/figure>\n\n\n\n<p>November 27-28-\u00e1n adtak sz\u00e1mot az <em>\u00c1h\u00e1v\u00e1 \u00e9vfolyam<\/em> kutat\u00f3csoportjai az elm\u00falt n\u00e9gy h\u00e9tben v\u00e9gzett kutat\u00f3munk\u00e1r\u00f3l. Az Aul\u00e1ban nyolc-nyolc csoport l\u00e9pett a sz\u00ednpadra, hogy besz\u00e1moljon az eredm\u00e9nyekr\u0151l, \u00f6sszegezze az inform\u00e1ci\u00f3kat, k\u00f6vetkeztet\u00e9seket vonjon le az elv\u00e9gzett k\u00eds\u00e9rletekb\u0151l. A szaktan\u00e1ri mentorok n\u00e9gy szempont ment\u00e9n (tudom\u00e1nyos ig\u00e9nyess\u00e9g, csapatmunka, k\u00f6z\u00e9rthet\u0151s\u00e9g, kreat\u00edv prezent\u00e1ci\u00f3) \u00e9rt\u00e9kelt\u00e9k az el\u0151ad\u00e1sokat, a teljes \u00e9rdemjegybe besz\u00e1m\u00edt a h\u00e1rom kor\u00e1bbi m\u00e9rf\u00f6ldk\u0151 teljes\u00edt\u00e9s\u00e9nek mik\u00e9ntje is. A di\u00e1kok mindk\u00e9t napon szavaztak a legjobb prezent\u00e1ci\u00f3r\u00f3l, a h\u00e1rom k\u00f6z\u00f6ns\u00e9gd\u00edjas csapat:<\/p>\n\n\n\n<p><strong>\u0170rkutat\u00f3k<\/strong> &#8211; <em>Milyen kapcsolata van a Holdnak az emberekkel?<\/em><\/p>\n\n\n\n<p><strong>Cs\u00e1rcs\u00e1sz\u00e1rs\u00e1g <\/strong>&#8211; <em>Hogy lehet z\u00f6ldebb az AI? <\/em><\/p>\n\n\n\n<p><strong>MI csoport <\/strong>&#8211; Milyen m\u00f3don van jelen az MI a mindennapjainkban?<\/p>\n\n\n\n<figure class=\"wp-block-image size-large\"><img loading=\"lazy\" width=\"1024\" height=\"556\" src=\"https:\/\/summacum.lauder.hu\/wp-content\/uploads\/2024\/11\/mitmond5-1024x556.jpg\" alt=\"\" class=\"wp-image-3399\" srcset=\"https:\/\/summacum.lauder.hu\/wp-content\/uploads\/2024\/11\/mitmond5-1024x556.jpg 1024w, https:\/\/summacum.lauder.hu\/wp-content\/uploads\/2024\/11\/mitmond5-300x163.jpg 300w, https:\/\/summacum.lauder.hu\/wp-content\/uploads\/2024\/11\/mitmond5-768x417.jpg 768w, https:\/\/summacum.lauder.hu\/wp-content\/uploads\/2024\/11\/mitmond5-1170x636.jpg 1170w, https:\/\/summacum.lauder.hu\/wp-content\/uploads\/2024\/11\/mitmond5.jpg 1517w\" sizes=\"(max-width: 1024px) 100vw, 1024px\" \/><\/figure>\n\n\n\n<p>Az iskola di\u00e1kjai a decemberi STEAM-NAPON ismerhett\u00e9k meg a projekteket:<\/p>\n\n\n\n<figure class=\"wp-block-image size-large\"><img loading=\"lazy\" width=\"940\" height=\"788\" src=\"https:\/\/summacum.lauder.hu\/wp-content\/uploads\/2024\/12\/2024-INNOVACIOS-MARATON-15.jpg\" alt=\"\" class=\"wp-image-3444\" srcset=\"https:\/\/summacum.lauder.hu\/wp-content\/uploads\/2024\/12\/2024-INNOVACIOS-MARATON-15.jpg 940w, https:\/\/summacum.lauder.hu\/wp-content\/uploads\/2024\/12\/2024-INNOVACIOS-MARATON-15-300x251.jpg 300w, https:\/\/summacum.lauder.hu\/wp-content\/uploads\/2024\/12\/2024-INNOVACIOS-MARATON-15-768x644.jpg 768w\" sizes=\"(max-width: 940px) 100vw, 940px\" \/><\/figure>\n\n\n\n<p>&#8220;Oroszl\u00e1nr\u00e9szt v\u00e1llalt a <a rel=\"noreferrer noopener\" href=\"https:\/\/summacum.lauder.hu\/index.php\/2024\/12\/10\/bolygok-elemek-filmek-kutatasok-steam-nap-2024\/\" data-type=\"URL\" data-id=\"https:\/\/summacum.lauder.hu\/index.php\/2024\/12\/10\/bolygok-elemek-filmek-kutatasok-steam-nap-2024\/\" target=\"_blank\">programban<\/a> az&nbsp;<strong>\u00c1h\u00e1v\u00e1 \u00e9vfolyam<\/strong>, 16 kutat\u00f3csoport eredm\u00e9nyeivel \u2013 az energia, a mesters\u00e9ges intelligencia \u00e9s az \u0171rkutat\u00e1s ter\u00fclet\u00e9r\u0151l \u2013 ismerkedtek az iskolat\u00e1rsak. A forg\u00f3sz\u00ednpados bemutat\u00f3, melyet <strong><em>Farkas Ad\u00e9l<\/em><\/strong>,&nbsp;<strong><em>Juh\u00e1sz M\u00f3nika<\/em><\/strong>&nbsp;\u00e9s&nbsp;<strong><em>Pausch Piroska<\/em><\/strong>&nbsp;koordin\u00e1lt, h\u00e1rom tan\u00f3r\u00e1n \u00e1t zajlott. Minden \u00f3r\u00e1n h\u00e1rom-h\u00e1rom k\u00f6rben \u00e9rkeztek a termekbe a NYIT, a 10., 11. \u00e9s 12. \u00e9vfolyam di\u00e1kjai, hogy 5-5 percben halljanak a kutat\u00e1si eredm\u00e9nyekr\u0151l a szeml\u00e9ltet\u0151eszk\u00f6z\u00f6kkel felv\u00e9rtezett standokon.&#8221;<\/p>\n\n\n\n<figure class=\"wp-block-embed is-type-video is-provider-youtube wp-block-embed-youtube wp-embed-aspect-4-3 wp-has-aspect-ratio\"><div class=\"wp-block-embed__wrapper\">\n<iframe title=\"MIT mond err\u0151l a tudom\u00e1ny? - az \u00c1h\u00e1v\u00e1 \u00e9vfolyam science projektje 2024\" width=\"640\" height=\"480\" src=\"https:\/\/www.youtube.com\/embed\/u42Sz6N1o_g?feature=oembed\" frameborder=\"0\" allow=\"accelerometer; autoplay; clipboard-write; encrypted-media; gyroscope; picture-in-picture; web-share\" referrerpolicy=\"strict-origin-when-cross-origin\" allowfullscreen><\/iframe>\n<\/div><\/figure>\n\n\n\n<p><em>K\u00f6sz\u00f6nj\u00fck a csoportok lelkesed\u00e9s\u00e9t, munk\u00e1j\u00e1t!<\/em><\/p>\n\n\n\n<hr class=\"wp-block-separator\"\/>\n\n\n\n<p><em>Szaktan\u00e1rok: <strong>D\u00e1vid Anett<\/strong><\/em>, <strong><em>Farkas Ad\u00e9l<\/em><\/strong>, <strong><em>Pausch Pirosk<\/em><\/strong><em><strong>a<\/strong><\/em> \u00e9s <em><strong>Szab\u00f3 Anna<\/strong><\/em><\/p>\n\n\n\n<p><em>Lauder MIT Di\u00e1klabor:<\/em> <strong><em>Biljarszki D\u00e1niel<\/em><\/strong>, <em><strong>Ordasi Andr\u00e1s<\/strong><\/em> \u00e9s <strong><em>Pasztern\u00e1k Andr\u00e1s<\/em><\/strong><\/p>\n\n\n\n<hr class=\"wp-block-separator\"\/>\n\n\n\n<p><em>A p\u00e1ly\u00e1zat k\u00f3dja: XIA-DI\u00c1KLABOR-23-01<\/em><\/p>\n\n\n\n<p><em>Kedvezm\u00e9nyezett: Vil\u00e1gi Zsid\u00f3 Iskola Alap\u00edtv\u00e1ny<\/em><\/p>\n\n\n\n<p><em>Megval\u00f3s\u00edt\u00e1si helysz\u00edn: Lauder Javne Zsid\u00f3 K\u00f6z\u00f6ss\u00e9gi \u00d3voda, \u00c1ltal\u00e1nos Iskola, Gimn\u00e1zium \u00e9s Zenei Alapfok\u00fa M\u0171v\u00e9szeti Iskola<\/em><\/p>\n\n\n\n<p><em>T\u00e1mogat\u00f3: Nemzeti Kutat\u00e1si, Fejleszt\u00e9si \u00e9s Innov\u00e1ci\u00f3s Hivatal, az NKFI Alapb\u00f3l megval\u00f3sul\u00f3 projekt, Nemzeti Innov\u00e1ci\u00f3s \u00dcgyn\u00f6ks\u00e9g Nonprofit Zrt.<\/em><\/p>\n","protected":false},"excerpt":{"rendered":"<p>Okt\u00f3ber 31-\u00e9n 16 kutat\u00f3csoportban v\u00e1gott bele a kilencedikes \u00c1H\u00c1V\u00c1 \u00e9vfolyam a science projekt megval\u00f3s\u00edt\u00e1s\u00e1ba. A Lauder Multiverzum Innov\u00e1ci\u00f3s T\u00e9r (MIT) Di\u00e1klabor id\u00e9n el\u0151sz\u00f6r csatlakozott az innovat\u00edv oktat\u00e1si kezdem\u00e9nyez\u00e9shez. Az els\u0151 foglalkoz\u00e1son, a bevezet\u0151 inform\u00e1ci\u00f3kat k\u00f6vet\u0151en, a f\u0151 kutat\u00e1si t\u00e9m\u00e1t sorsol\u00e1s \u00fatj\u00e1n kapt\u00e1k meg a csoportok. Az energia, az \u0171rkutat\u00e1s \u00e9s a mesters\u00e9ges intelligencia t\u00e9mak\u00f6r\u00e9ben t\u00f6bb mint 20 gondolat\u00e9breszt\u0151 \u00e1llom\u00e1st alak\u00edtottunk ki a MIT-ben. Ezek megismer\u00e9s\u00e9t k\u00f6vet\u0151en minden csapat megfogalmazott egy k\u00e9rd\u00e9st, melynek ment\u00e9n a di\u00e1kok hozz\u00e1kezdenek egy-egy tudom\u00e1nyos ter\u00fclet felt\u00e1r\u00e1s\u00e1hoz.<\/p>\n","protected":false},"author":3,"featured_media":3155,"parent":0,"menu_order":0,"comment_status":"closed","ping_status":"closed","template":"","meta":[],"_links":{"self":[{"href":"https:\/\/summacum.lauder.hu\/index.php\/wp-json\/wp\/v2\/pages\/3154"}],"collection":[{"href":"https:\/\/summacum.lauder.hu\/index.php\/wp-json\/wp\/v2\/pages"}],"about":[{"href":"https:\/\/summacum.lauder.hu\/index.php\/wp-json\/wp\/v2\/types\/page"}],"author":[{"embeddable":true,"href":"https:\/\/summacum.lauder.hu\/index.php\/wp-json\/wp\/v2\/users\/3"}],"replies":[{"embeddable":true,"href":"https:\/\/summacum.lauder.hu\/index.php\/wp-json\/wp\/v2\/comments?post=3154"}],"version-history":[{"count":11,"href":"https:\/\/summacum.lauder.hu\/index.php\/wp-json\/wp\/v2\/pages\/3154\/revisions"}],"predecessor-version":[{"id":4114,"href":"https:\/\/summacum.lauder.hu\/index.php\/wp-json\/wp\/v2\/pages\/3154\/revisions\/4114"}],"wp:featuredmedia":[{"embeddable":true,"href":"https:\/\/summacum.lauder.hu\/index.php\/wp-json\/wp\/v2\/media\/3155"}],"wp:attachment":[{"href":"https:\/\/summacum.lauder.hu\/index.php\/wp-json\/wp\/v2\/media?parent=3154"}],"curies":[{"name":"wp","href":"https:\/\/api.w.org\/{rel}","templated":true}]}}