{"id":4289,"date":"2025-09-10T11:38:07","date_gmt":"2025-09-10T11:38:07","guid":{"rendered":"https:\/\/summacum.lauder.hu\/?page_id=4289"},"modified":"2025-10-07T11:30:58","modified_gmt":"2025-10-07T11:30:58","slug":"nta","status":"publish","type":"page","link":"https:\/\/summacum.lauder.hu\/index.php\/nta\/","title":{"rendered":"Nemzeti Tud\u00f3sk\u00e9pz\u0151 Akad\u00e9mia &#8211; Ter\u00fcleti K\u00e9pz\u00e9si K\u00f6zpont (Budapest V.)"},"content":{"rendered":"\n<p>A <em>Lauder Javne Iskola<\/em> 2025-ben csatlakozott a <em><a rel=\"noreferrer noopener\" href=\"https:\/\/www.edu-sci.org\/\" data-type=\"URL\" data-id=\"https:\/\/www.edu-sci.org\/\" target=\"_blank\">Nemzeti Tud\u00f3sk\u00e9pz\u0151 Akad\u00e9mi\u00e1hoz<\/a><\/em> <em>(NTA)<\/em>. <strong>Ter\u00fcleti K\u00e9pz\u00e9si K\u00f6zpontk\u00e9nt <\/strong>foglalkoz\u00e1sokat szervez\u00fcnk a biol\u00f3gia ir\u00e1nt \u00e9rdekl\u0151d\u0151 lauderes \u00e9s k\u00fcls\u0151s di\u00e1koknak, koordin\u00e1ljuk a tehets\u00e9ggondoz\u00f3 programban a ter\u00fcletileg hozz\u00e1nk tartoz\u00f3 iskol\u00e1k NTA-s aktivit\u00e1sait. <\/p>\n\n\n\n<p><strong><a rel=\"noreferrer noopener\" href=\"https:\/\/summacum.lauder.hu\/index.php\/tag\/nta-nemzeti-tudoskepzo-akademia\/\" data-type=\"URL\" data-id=\"https:\/\/summacum.lauder.hu\/index.php\/tag\/nta-nemzeti-tudoskepzo-akademia\/\" target=\"_blank\">A TKK h\u00edrei <\/a><\/strong><\/p>\n\n\n\n<figure class=\"wp-block-image size-large\"><img loading=\"lazy\" width=\"1024\" height=\"662\" src=\"https:\/\/summacum.lauder.hu\/wp-content\/uploads\/2025\/09\/NTA01-1024x662.jpg\" alt=\"\" class=\"wp-image-4306\" srcset=\"https:\/\/summacum.lauder.hu\/wp-content\/uploads\/2025\/09\/NTA01-1024x662.jpg 1024w, https:\/\/summacum.lauder.hu\/wp-content\/uploads\/2025\/09\/NTA01-300x194.jpg 300w, https:\/\/summacum.lauder.hu\/wp-content\/uploads\/2025\/09\/NTA01-768x496.jpg 768w, https:\/\/summacum.lauder.hu\/wp-content\/uploads\/2025\/09\/NTA01-1170x756.jpg 1170w, https:\/\/summacum.lauder.hu\/wp-content\/uploads\/2025\/09\/NTA01.jpg 1476w\" sizes=\"(max-width: 1024px) 100vw, 1024px\" \/><\/figure>\n\n\n\n<p><em>Oktat\u00e1si programunkr\u00f3l: <\/em><\/p>\n\n\n\n<p><strong>\u201cLegy\u00e9l Te is bioMULTIV\u00c1TOR!\u201d &#8211; tudom\u00e1nyos \u00e9lm\u00e9nyprogram a Lauder MIT Di\u00e1klaborban<\/strong><\/p>\n\n\n\n<p>A <strong><a rel=\"noreferrer noopener\" href=\"https:\/\/summacum.lauder.hu\/index.php\/lauder-mit\/\" data-type=\"URL\" data-id=\"https:\/\/summacum.lauder.hu\/index.php\/lauder-mit\/\" target=\"_blank\">Lauder Multiverzum Innov\u00e1ci\u00f3s T\u00e9r (MIT) Di\u00e1klabor<\/a> <\/strong>2023 \u00f3ta sz\u00edntere az innovat\u00edv oktat\u00e1si programoknak. Tudom\u00e1nyos \u00e9lm\u00e9nynapjainkon t\u00f6bb ezer di\u00e1k szerzett MULTIV\u00c1TOR-oklevelet az energia, az \u0171rkutat\u00e1s \u00e9s a mesters\u00e9ges intelligencia t\u00e9mak\u00f6r\u00e9t j\u00e1t\u00e9kos, interakt\u00edv form\u00e1ban tanulm\u00e1nyozva. A 2025\/26-os tan\u00e9vt\u0151l a <strong>Nemzeti Tud\u00f3sk\u00e9pz\u0151 Akad\u00e9mia Ter\u00fcleti K\u00e9pz\u00e9si K\u00f6zpontjak\u00e9nt<\/strong> v\u00e1rjuk a k\u00f6z\u00e9piskol\u00e1sokat interakt\u00edv m\u0171helyfoglalkoz\u00e1sokra, amelyeken az oktat\u00e1stechnol\u00f3gia modern eszk\u00f6zeinek seg\u00edts\u00e9g\u00e9vel hozzuk k\u00f6zelebb a biol\u00f3gia csod\u00e1it az \u00e9rdekl\u0151d\u0151kh\u00f6z. A workshopok<strong> el\u0151zetesen meghirdetett id\u0151pontokban<\/strong> zajlanak a <em>Lauder Javne Iskol\u00e1ban <\/em>(1121 Budapest, Budakeszi \u00fat 48.). A foglalkoz\u00e1son egyszerre 20 di\u00e1k vehet r\u00e9szt az NTA rendszer\u00e9ben t\u00f6rt\u00e9n\u0151 jelentkez\u00e9st k\u00f6vet\u0151en.&nbsp;<\/p>\n\n\n\n<p><em>El\u00e9rhet\u0151 modulok: <\/em><\/p>\n\n\n\n<figure class=\"wp-block-table\"><table><tbody><tr><td class=\"has-text-align-center\" data-align=\"center\"><strong>\u201cLegy\u00e9l Te is bioMULTIV\u00c1TOR!\u201d<\/strong><br>Interakt\u00edv biol\u00f3giai \u00e9lm\u00e9nyprogram a <em>Lauder Multiverzum Innov\u00e1ci\u00f3s T\u00e9r (MIT) Di\u00e1klaborban<\/em><\/td><\/tr><tr><td class=\"has-text-align-center\" data-align=\"center\"><strong>A sz\u00fclet\u00e9s csod\u00e1ja <\/strong><br>Interakt\u00edv gyakorlat a Csod\u00e1k Palot\u00e1ja j\u00f3volt\u00e1b\u00f3l n\u00e1lunk vend\u00e9gesked\u0151 NOELLE\u2122 sz\u00fcl\u00e9si szimul\u00e1torral<\/td><\/tr><tr><td class=\"has-text-align-center\" data-align=\"center\"><strong>\u0170rbiol\u00f3gia a KETER csillagvizsg\u00e1l\u00f3ban<\/strong><br>Csillag\u00e1szati megfigyel\u00e9s a Lauder csillagvizsg\u00e1l\u00f3j\u00e1b\u00f3l biol\u00f3giai ismeretekkel f\u0171szerezve<\/td><\/tr><tr><td class=\"has-text-align-center\" data-align=\"center\"><strong>Sz\u00ednek \u00e9s f\u00e9nyek &#8211; a l\u00e1t\u00e1s tudom\u00e1nya<\/strong><br>Hogyan, mit \u00e9s mi\u00e9rt l\u00e1tunk? Az optika \u00e9s a biol\u00f3gia tal\u00e1lkoz\u00e1sa<\/td><\/tr><tr><td class=\"has-text-align-center\" data-align=\"center\"><\/td><\/tr><tr><td class=\"has-text-align-center\" data-align=\"center\"><em>tov\u00e1bbi modulok hamarosan<\/em><\/td><\/tr><\/tbody><\/table><\/figure>\n\n\n\n<p><em> Oktat\u00f3ink: <\/em><\/p>\n\n\n\n<figure class=\"wp-block-table\"><table><tbody><tr><td class=\"has-text-align-center\" data-align=\"center\"><img src=\"https:\/\/summacum.lauder.hu\/wp-content\/uploads\/2025\/09\/korosi_gertrud-768x1024.jpg\" alt=\"\" style=\"width: 2000px;\"><\/td><td class=\"has-text-align-center\" data-align=\"center\"><strong><em>Dr. K\u0151r\u00f6si Gertrud<\/em><\/strong> az <em>E\u00f6tv\u00f6s Lor\u00e1nd Tudom\u00e1nyegyetem<\/em> <em>Term\u00e9szettudom\u00e1nyi Kar\u00e1n<\/em> v\u00e9gzett biol\u00f3gia-f\u00f6ldrajz szakos tan\u00e1rk\u00e9nt. Doktori fokozat\u00e1t biol\u00f3gi\u00e1b\u00f3l szerezte. 2017 \u00f3ta a <em>Lauder Javne Iskola<\/em> munkat\u00e1rsa. Angolul oktatott a <em>McDaniel College <\/em>premedical&nbsp;kurzus\u00e1n. Nemzetk\u00f6zi tapasztalatok: Norv\u00e9gia (iskolarendszerek tanulm\u00e1nyoz\u00e1sa szakmai \u00fat), Katar (gimn\u00e1ziumi tan\u00e1r), Las Vegas (biol\u00f3giai el\u0151ad\u00e1sok).<\/td><\/tr><tr><td class=\"has-text-align-center\" data-align=\"center\"><img loading=\"lazy\" width=\"874\" height=\"1165\" class=\"wp-image-4418\" style=\"width: 200px;\" src=\"https:\/\/summacum.lauder.hu\/wp-content\/uploads\/2025\/10\/horanyi_gabor_1.jpg\" alt=\"\" srcset=\"https:\/\/summacum.lauder.hu\/wp-content\/uploads\/2025\/10\/horanyi_gabor_1.jpg 874w, https:\/\/summacum.lauder.hu\/wp-content\/uploads\/2025\/10\/horanyi_gabor_1-225x300.jpg 225w, https:\/\/summacum.lauder.hu\/wp-content\/uploads\/2025\/10\/horanyi_gabor_1-768x1024.jpg 768w\" sizes=\"(max-width: 874px) 100vw, 874px\" \/><\/td><td class=\"has-text-align-center\" data-align=\"center\"><strong><em>Hor\u00e1nyi G\u00e1bor <\/em><\/strong>fizikatan\u00e1r, a <em>Lauder Javne Iskola<\/em> tehets\u00e9ggondoz\u00e1s\u00e9rt felel\u0151s vezet\u0151je<\/td><\/tr><tr><td class=\"has-text-align-center\" data-align=\"center\"><img loading=\"lazy\" width=\"471\" height=\"473\" class=\"wp-image-4420\" style=\"width: 200px;\" src=\"https:\/\/summacum.lauder.hu\/wp-content\/uploads\/2025\/10\/molnar-laszlo.jpg\" alt=\"\" srcset=\"https:\/\/summacum.lauder.hu\/wp-content\/uploads\/2025\/10\/molnar-laszlo.jpg 471w, https:\/\/summacum.lauder.hu\/wp-content\/uploads\/2025\/10\/molnar-laszlo-300x300.jpg 300w, https:\/\/summacum.lauder.hu\/wp-content\/uploads\/2025\/10\/molnar-laszlo-150x150.jpg 150w\" sizes=\"(max-width: 471px) 100vw, 471px\" \/><\/td><td class=\"has-text-align-center\" data-align=\"center\"><strong><em>Moln\u00e1r L\u00e1szl\u00f3 <\/em><\/strong>fizikatan\u00e1r<\/td><\/tr><tr><td class=\"has-text-align-center\" data-align=\"center\"><img src=\"https:\/\/summacum.lauder.hu\/wp-content\/uploads\/2025\/09\/paszternak_andras-768x1024.jpg\" alt=\"\" style=\"width: 500px;\"><\/td><td class=\"has-text-align-center\" data-align=\"center\"><strong><em>Dr. Pasztern\u00e1k Andr\u00e1s<\/em><\/strong> az&nbsp;<em>E\u00f6tv\u00f6s Lor\u00e1nd Tudom\u00e1nyegyetem<\/em>&nbsp;vegy\u00e9sz szak\u00e1n v\u00e9gzett 2004-ben, ugyanitt 2010 szerzett PhD fokozatot. 11 \u00e9ven \u00e1t nanotechnol\u00f3giai kutat\u00e1sokat folytatott az&nbsp;<em>MTA K\u00e9miai&nbsp;<\/em>majd a&nbsp;<em>Term\u00e9szettudom\u00e1nyi Kutat\u00f3k\u00f6zpontban<\/em>, valamint az izraeli&nbsp;<em>Bar-Ilan Egyetemen<\/em>. 2015-t\u0151l a&nbsp;<em>Csod\u00e1k Palot\u00e1ja<\/em>&nbsp;munkat\u00e1rsa, jelenleg az \u00e9lm\u00e9nyk\u00f6zpont tudom\u00e1nykommunik\u00e1ci\u00f3s vezet\u0151je. 2020-t\u00f3l a <em>Lauder Javne Iskol\u00e1ban<\/em>&nbsp;STEAM-programkoordin\u00e1tork\u00e9nt dolgozik, 2023 \u00f3ta a <em>Lauder Multiverzum Innov\u00e1ci\u00f3s T\u00e9r (MIT) Di\u00e1klabor <\/em>szakmai vezet\u0151je, 2025-t\u0151l a <em>Nemzeti Tud\u00f3sk\u00e9pz\u0151 Akad\u00e9mia<\/em> <em>Ter\u00fcleti K\u00e9pz\u00e9si K\u00f6zpontj\u00e1t (Budapest V.)<\/em> szervezi. <\/td><\/tr><\/tbody><\/table><\/figure>\n\n\n\n<figure class=\"wp-block-image size-large\"><img loading=\"lazy\" width=\"1024\" height=\"233\" src=\"https:\/\/summacum.lauder.hu\/wp-content\/uploads\/2025\/09\/logok-1024x233.jpg\" alt=\"\" class=\"wp-image-4293\" srcset=\"https:\/\/summacum.lauder.hu\/wp-content\/uploads\/2025\/09\/logok-1024x233.jpg 1024w, https:\/\/summacum.lauder.hu\/wp-content\/uploads\/2025\/09\/logok-300x68.jpg 300w, https:\/\/summacum.lauder.hu\/wp-content\/uploads\/2025\/09\/logok-768x174.jpg 768w, https:\/\/summacum.lauder.hu\/wp-content\/uploads\/2025\/09\/logok-1170x266.jpg 1170w, https:\/\/summacum.lauder.hu\/wp-content\/uploads\/2025\/09\/logok.jpg 1537w\" sizes=\"(max-width: 1024px) 100vw, 1024px\" \/><\/figure>\n\n\n\n<p>Kapcsolat: 4t (a) lauder.hu<\/p>\n\n\n\n<p><\/p>\n","protected":false},"excerpt":{"rendered":"<p>A Lauder Javne Iskola 2025-ben csatlakozott a Nemzeti Tud\u00f3sk\u00e9pz\u0151 Akad\u00e9mi\u00e1hoz (NTA). Ter\u00fcleti K\u00e9pz\u00e9si K\u00f6zpontk\u00e9nt foglalkoz\u00e1sokat szervez\u00fcnk a biol\u00f3gia ir\u00e1nt \u00e9rdekl\u0151d\u0151 lauderes \u00e9s k\u00fcls\u0151s di\u00e1koknak, koordin\u00e1ljuk a tehets\u00e9ggondoz\u00f3 programban a ter\u00fcletileg hozz\u00e1nk tartoz\u00f3 iskol\u00e1k NTA-s aktivit\u00e1sait. A TKK h\u00edrei Oktat\u00e1si programunkr\u00f3l: \u201cLegy\u00e9l Te is bioMULTIV\u00c1TOR!\u201d &#8211; tudom\u00e1nyos \u00e9lm\u00e9nyprogram a Lauder MIT Di\u00e1klaborban A Lauder Multiverzum Innov\u00e1ci\u00f3s T\u00e9r (MIT) Di\u00e1klabor 2023 \u00f3ta sz\u00edntere az innovat\u00edv oktat\u00e1si programoknak. Tudom\u00e1nyos \u00e9lm\u00e9nynapjainkon t\u00f6bb ezer di\u00e1k szerzett MULTIV\u00c1TOR-oklevelet az energia, az \u0171rkutat\u00e1s \u00e9s a mesters\u00e9ges intelligencia<\/p>\n","protected":false},"author":3,"featured_media":4293,"parent":0,"menu_order":0,"comment_status":"closed","ping_status":"closed","template":"","meta":[],"_links":{"self":[{"href":"https:\/\/summacum.lauder.hu\/index.php\/wp-json\/wp\/v2\/pages\/4289"}],"collection":[{"href":"https:\/\/summacum.lauder.hu\/index.php\/wp-json\/wp\/v2\/pages"}],"about":[{"href":"https:\/\/summacum.lauder.hu\/index.php\/wp-json\/wp\/v2\/types\/page"}],"author":[{"embeddable":true,"href":"https:\/\/summacum.lauder.hu\/index.php\/wp-json\/wp\/v2\/users\/3"}],"replies":[{"embeddable":true,"href":"https:\/\/summacum.lauder.hu\/index.php\/wp-json\/wp\/v2\/comments?post=4289"}],"version-history":[{"count":18,"href":"https:\/\/summacum.lauder.hu\/index.php\/wp-json\/wp\/v2\/pages\/4289\/revisions"}],"predecessor-version":[{"id":4424,"href":"https:\/\/summacum.lauder.hu\/index.php\/wp-json\/wp\/v2\/pages\/4289\/revisions\/4424"}],"wp:featuredmedia":[{"embeddable":true,"href":"https:\/\/summacum.lauder.hu\/index.php\/wp-json\/wp\/v2\/media\/4293"}],"wp:attachment":[{"href":"https:\/\/summacum.lauder.hu\/index.php\/wp-json\/wp\/v2\/media?parent=4289"}],"curies":[{"name":"wp","href":"https:\/\/api.w.org\/{rel}","templated":true}]}}