{"id":4310,"date":"2025-09-08T08:01:38","date_gmt":"2025-09-08T08:01:38","guid":{"rendered":"https:\/\/summacum.lauder.hu\/?page_id=4310"},"modified":"2025-12-02T14:54:30","modified_gmt":"2025-12-02T14:54:30","slug":"majim","status":"publish","type":"page","link":"https:\/\/summacum.lauder.hu\/index.php\/majim\/","title":{"rendered":"M\u00c1JIM 5785\/86 \u05de\u05d9\u05dd"},"content":{"rendered":"\n<p>A <em>Lauder Multiverzum Innov\u00e1ci\u00f3s T\u00e9r (MIT) Di\u00e1klabor<\/em> olyan term\u00e9szettudom\u00e1nyos, kutat\u00f3i \u00e9s m\u00e9rn\u00f6ki \u00e9letp\u00e1ly\u00e1t n\u00e9pszer\u0171s\u00edt\u0151 m\u0171hely, mely lehet\u0151s\u00e9get biztos\u00edt az \u00f3vod\u00e1t\u00f3l a gimn\u00e1ziumig a tudom\u00e1nyos kiv\u00e1l\u00f3s\u00e1g t\u00e1mogat\u00e1s\u00e1ra. K\u00fcldet\u00e9se innovat\u00edv STEAM-projektek l\u00e9trehoz\u00e1sa.&nbsp;<\/p>\n\n\n\n<figure class=\"wp-block-image size-large\"><img loading=\"lazy\" width=\"1024\" height=\"386\" src=\"https:\/\/summacum.lauder.hu\/wp-content\/uploads\/2025\/09\/majim-full-1024x386.jpg\" alt=\"\" class=\"wp-image-4395\" srcset=\"https:\/\/summacum.lauder.hu\/wp-content\/uploads\/2025\/09\/majim-full-1024x386.jpg 1024w, https:\/\/summacum.lauder.hu\/wp-content\/uploads\/2025\/09\/majim-full-300x113.jpg 300w, https:\/\/summacum.lauder.hu\/wp-content\/uploads\/2025\/09\/majim-full-768x289.jpg 768w, https:\/\/summacum.lauder.hu\/wp-content\/uploads\/2025\/09\/majim-full-1536x579.jpg 1536w, https:\/\/summacum.lauder.hu\/wp-content\/uploads\/2025\/09\/majim-full-1170x441.jpg 1170w, https:\/\/summacum.lauder.hu\/wp-content\/uploads\/2025\/09\/majim-full.jpg 1571w\" sizes=\"(max-width: 1024px) 100vw, 1024px\" \/><\/figure>\n\n\n\n<iframe width=\"640\" height=\"360\" src=\"https:\/\/www.artsteps.com\/embed\/69023bd3486e1441a85b97c6\/640\/360\" frameborder=\"0\" allowfullscreen=\"\"><\/iframe>\n\n\n\n<p>C\u00e9lunk, hogy a<em> Lauder MIT Di\u00e1klaborban<\/em> l\u00e9trej\u00f6tt <strong>JSTEAM program<\/strong> keretein bel\u00fcl, a zsid\u00f3 feltal\u00e1l\u00f3k \u00e9letm\u0171v\u00e9t bemutat\u00f3 programok \u00e9s a zsid\u00f3 \u00fcnnepekhez kapcsol\u00f3d\u00f3 innovat\u00edv STEAM-foglalkoz\u00e1sok mellett, a zsid\u00f3 hagyom\u00e1ny egy-egy speci\u00e1lis ter\u00fclet\u00e9t is \u00faj kontextusban mutassuk be.<\/p>\n\n\n\n<p>A v\u00edz a zsid\u00f3 kult\u00far\u00e1ban fontos szimbolikus \u00e9s vall\u00e1si szereppel b\u00edr. A v\u00edz jelenl\u00e9te sz\u00e1mos szok\u00e1sban \u00e9s t\u00f6rt\u00e9neti sz\u00f6vegben szerepel. A <strong>M\u00c1JIM 5785\/86 &#8211; a Lauder Multiverzum Innov\u00e1ci\u00f3s T\u00e9r k\u00f6z\u00f6ss\u00e9gi projektje<\/strong> a v\u00edz t\u00e9m\u00e1j\u00e1t j\u00e1rja k\u00f6r\u00fcl rendszeres STEAM foglalkoz\u00e1sok keret\u00e9ben.<\/p>\n\n\n\n<p><strong><em>A Lauder Javne Iskola Multiverzum Innov\u00e1ci\u00f3s T\u00e9r k\u00f6z\u00f6ss\u00e9gi projektje (P-051-II.2\/2025) a Bethlen G\u00e1bor Alapkezel\u0151 Zrt., a Minisztereln\u00f6ks\u00e9g \u00e9s a MAZS\u00d6K t\u00e1mogat\u00e1s\u00e1val val\u00f3sult meg.<\/em><\/strong><\/p>\n\n\n\n<div class=\"wp-block-image\"><figure class=\"aligncenter size-large is-resized\"><img loading=\"lazy\" src=\"https:\/\/summacum.lauder.hu\/wp-content\/uploads\/2025\/12\/majim-logok-1024x348.jpg\" alt=\"\" class=\"wp-image-4642\" width=\"467\" height=\"159\" srcset=\"https:\/\/summacum.lauder.hu\/wp-content\/uploads\/2025\/12\/majim-logok-1024x348.jpg 1024w, https:\/\/summacum.lauder.hu\/wp-content\/uploads\/2025\/12\/majim-logok-300x102.jpg 300w, https:\/\/summacum.lauder.hu\/wp-content\/uploads\/2025\/12\/majim-logok-768x261.jpg 768w, https:\/\/summacum.lauder.hu\/wp-content\/uploads\/2025\/12\/majim-logok-1170x398.jpg 1170w, https:\/\/summacum.lauder.hu\/wp-content\/uploads\/2025\/12\/majim-logok.jpg 1247w\" sizes=\"(max-width: 467px) 100vw, 467px\" \/><\/figure><\/div>\n\n\n\n<p><strong><a href=\"https:\/\/summacum.lauder.hu\/index.php\/tag\/majim-projekt\/\" data-type=\"URL\" data-id=\"https:\/\/summacum.lauder.hu\/index.php\/tag\/majim-projekt\/\" target=\"_blank\" rel=\"noreferrer noopener\">Projekt h\u00edrek <\/a><\/strong><\/p>\n\n\n\n<p><em>Kor\u00e1bbi JSTEAM projektek:<\/em><\/p>\n\n\n\n<p><a href=\"https:\/\/summacum.lauder.hu\/index.php\/2024\/12\/30\/jewish-steam-a-lauder-mit-diaklaborban\/\" data-type=\"URL\" data-id=\"https:\/\/summacum.lauder.hu\/index.php\/2024\/12\/30\/jewish-steam-a-lauder-mit-diaklaborban\/\" target=\"_blank\" rel=\"noreferrer noopener\">\u201cJewish STEAM a Lauder MIT Di\u00e1klaborban\u201d<\/a><\/p>\n\n\n\n<p><a href=\"https:\/\/summacum.lauder.hu\/index.php\/jad-jewish-art-danube-projekt\/\" data-type=\"URL\" data-id=\"https:\/\/summacum.lauder.hu\/index.php\/jad-jewish-art-danube-projekt\/\" target=\"_blank\" rel=\"noreferrer noopener\">JAD \u2013 Jewish Art Danube-projekt<\/a><\/p>\n","protected":false},"excerpt":{"rendered":"<p>A Lauder Multiverzum Innov\u00e1ci\u00f3s T\u00e9r (MIT) Di\u00e1klabor olyan term\u00e9szettudom\u00e1nyos, kutat\u00f3i \u00e9s m\u00e9rn\u00f6ki \u00e9letp\u00e1ly\u00e1t n\u00e9pszer\u0171s\u00edt\u0151 m\u0171hely, mely lehet\u0151s\u00e9get biztos\u00edt az \u00f3vod\u00e1t\u00f3l a gimn\u00e1ziumig a tudom\u00e1nyos kiv\u00e1l\u00f3s\u00e1g t\u00e1mogat\u00e1s\u00e1ra. K\u00fcldet\u00e9se innovat\u00edv STEAM-projektek l\u00e9trehoz\u00e1sa.&nbsp; C\u00e9lunk, hogy a Lauder MIT Di\u00e1klaborban l\u00e9trej\u00f6tt JSTEAM program keretein bel\u00fcl, a zsid\u00f3 feltal\u00e1l\u00f3k \u00e9letm\u0171v\u00e9t bemutat\u00f3 programok \u00e9s a zsid\u00f3 \u00fcnnepekhez kapcsol\u00f3d\u00f3 innovat\u00edv STEAM-foglalkoz\u00e1sok mellett, a zsid\u00f3 hagyom\u00e1ny egy-egy speci\u00e1lis ter\u00fclet\u00e9t is \u00faj kontextusban mutassuk be. A v\u00edz a zsid\u00f3 kult\u00far\u00e1ban fontos szimbolikus \u00e9s vall\u00e1si szereppel b\u00edr. A v\u00edz jelenl\u00e9te<\/p>\n","protected":false},"author":3,"featured_media":0,"parent":0,"menu_order":0,"comment_status":"closed","ping_status":"closed","template":"","meta":[],"_links":{"self":[{"href":"https:\/\/summacum.lauder.hu\/index.php\/wp-json\/wp\/v2\/pages\/4310"}],"collection":[{"href":"https:\/\/summacum.lauder.hu\/index.php\/wp-json\/wp\/v2\/pages"}],"about":[{"href":"https:\/\/summacum.lauder.hu\/index.php\/wp-json\/wp\/v2\/types\/page"}],"author":[{"embeddable":true,"href":"https:\/\/summacum.lauder.hu\/index.php\/wp-json\/wp\/v2\/users\/3"}],"replies":[{"embeddable":true,"href":"https:\/\/summacum.lauder.hu\/index.php\/wp-json\/wp\/v2\/comments?post=4310"}],"version-history":[{"count":7,"href":"https:\/\/summacum.lauder.hu\/index.php\/wp-json\/wp\/v2\/pages\/4310\/revisions"}],"predecessor-version":[{"id":4643,"href":"https:\/\/summacum.lauder.hu\/index.php\/wp-json\/wp\/v2\/pages\/4310\/revisions\/4643"}],"wp:attachment":[{"href":"https:\/\/summacum.lauder.hu\/index.php\/wp-json\/wp\/v2\/media?parent=4310"}],"curies":[{"name":"wp","href":"https:\/\/api.w.org\/{rel}","templated":true}]}}