{"id":4758,"date":"2026-01-12T11:24:23","date_gmt":"2026-01-12T11:24:23","guid":{"rendered":"https:\/\/summacum.lauder.hu\/?page_id=4758"},"modified":"2026-01-12T11:25:44","modified_gmt":"2026-01-12T11:25:44","slug":"lal","status":"publish","type":"page","link":"https:\/\/summacum.lauder.hu\/index.php\/lal\/","title":{"rendered":"Mesters\u00e9ges intelligencia a Di\u00e1klaborban"},"content":{"rendered":"\n<p><strong>Mi ez?<\/strong><\/p>\n\n\n\n<p>Egy kiscsoportos kutat\u00f3-fejleszt\u0151 program, ahol Ti magatok hoztok l\u00e9tre AI-ra \u00e9p\u00fcl\u0151 alkalmaz\u00e1sokat (p\u00e9ld\u00e1ul egy Lauderes chatbotot, amely az iskola m\u0171k\u00f6d\u00e9s\u00e9vel kapcsolatos k\u00e9rd\u00e9sekre v\u00e1laszol). A c\u00e9l gyakorlati tud\u00e1st \u00e9s tapasztalatot szerezni AI (ill. Machine Learning) alkalmaz\u00e1sok fejleszt\u00e9s\u00e9ben.<\/p>\n\n\n\n<p><strong>Kinek sz\u00f3l?<\/strong><\/p>\n\n\n\n<p>Azoknak a 9\u201312. \u00e9vfolyamos di\u00e1koknak, akik:<\/p>\n\n\n\n<ul><li>\u00e9rdekl\u0151dnek a mesters\u00e9ges intelligencia ir\u00e1nt,<\/li><li>legal\u00e1bb alapszinten tudnak <strong>Pythonban<\/strong> programozni (vagy m\u00e1s nyelvben er\u0151s alapjaik vannak),<\/li><li>tudnak angolul olvasni \u00e9s \u00edrni (dokument\u00e1ci\u00f3k, guideline-ok alapvet\u0151en angolul \u00e9rhet\u0151ek el),<\/li><li>hajland\u00f3k \u00f6n\u00e1ll\u00f3an is dolgozni \u00e9s id\u0151t sz\u00e1nni egy k\u00f6z\u00f6s projektre.<\/li><\/ul>\n\n\n\n<p><strong>Milyen form\u00e1ban zajlik?<\/strong><\/p>\n\n\n\n<p>A program hibrid form\u00e1ban indul: legt\u00f6bbsz\u00f6r online, t\u00e1voli egy\u00fcttm\u0171k\u00f6d\u00e9sben zajlik a munka, n\u00e9h\u00e1ny alkalommal p\u00e9ntekenk\u00e9nt szem\u00e9lyes tal\u00e1lkoz\u00f3 is lesz az iskol\u00e1ban. A r\u00e9sztvev\u0151k haszn\u00e1lhatj\u00e1k a Di\u00e1klabor g\u00e9peit, vagy dolgozhatnak saj\u00e1t laptopon.&nbsp;<\/p>\n\n\n\n<p><strong>Mi t\u00f6rt\u00e9nik a kezdem\u00e9nyez\u00e9s sor\u00e1n?<\/strong><\/p>\n\n\n\n<p>A csapat kiv\u00e1laszt egy k\u00f6z\u00f6sen el\u00e9rni k\u00edv\u00e1nt c\u00e9lt.&nbsp; Pl. Lauderes chatbot fejleszt\u00e9se, amely k\u00e9pes sz\u00fcl\u0151i \/ dolgoz\u00f3i k\u00e9rd\u00e9sekre v\u00e1laszolni. A megoldand\u00f3 feladatot kisebb l\u00e9p\u00e9sekre bontjuk (pl. IT k\u00f6rnyezet kialak\u00edt\u00e1sa, adatkinyer\u00e9s \u00e9s form\u00e1z\u00e1s, minimum-viable-product l\u00e9trehoz\u00e1sa, finomhangol\u00e1s, \u00e9les\u00edt\u00e9s) \u00e9s k\u00f6z\u00f6sen megval\u00f3s\u00edtjuk. A program mentora kezdetben intenz\u00edv t\u00e1mogat\u00e1st ny\u00fajt, k\u00e9s\u0151bb konzult\u00e1ci\u00f3s \u00e9s koordin\u00e1ci\u00f3s jelleggel seg\u00edti a munk\u00e1tokat.<\/p>\n\n\n\n<p><strong>A mentor:<\/strong><\/p>\n\n\n\n<p><strong><em>Komj\u00e1ti B\u00e1lint <\/em><\/strong>\u2013 lauderes apuka, data scientist a Raiffeisen Bankn\u00e1l<\/p>\n\n\n\n<p><em>2008-ban v\u00e9geztem fizikusk\u00e9nt az ELTE-n, v\u00e9g\u00fcl a p\u00e9nz\u00fcgyi szektorban helyezkedtem el a Raiffeisenn\u00e9l. T\u00edz \u00e9ven \u00e1t kock\u00e1zati modellek fejleszt\u00e9s\u00e9vel foglalkoztam. H\u00e9t \u00e9ve \u00e9letre h\u00edvtam a bankban a machine learning megold\u00e1sokat fejleszt\u0151 Advanced Analytics ter\u00fcletet, amelyet n\u00e9h\u00e1ny \u00e9vig vezettem. K\u00e9s\u0151bb visszat\u00e9rtem a gyakorlati fejleszt\u00e9shez, jelenleg <strong>AI-alap\u00fa alkalmaz\u00e1sok<\/strong> fejleszt\u00e9s\u00e9vel foglalkozom data scientistk\u00e9nt. \u00a0<\/em><\/p>\n\n\n\n<p><a href=\"https:\/\/summacum.lauder.hu\/index.php\/tag\/lauder-ai-lab\/\" data-type=\"URL\" data-id=\"https:\/\/summacum.lauder.hu\/index.php\/tag\/lauder-ai-lab\/\" target=\"_blank\" rel=\"noreferrer noopener\"><em>A projekt h\u00edrei <\/em><\/a><\/p>\n","protected":false},"excerpt":{"rendered":"<p>Mi ez? Egy kiscsoportos kutat\u00f3-fejleszt\u0151 program, ahol Ti magatok hoztok l\u00e9tre AI-ra \u00e9p\u00fcl\u0151 alkalmaz\u00e1sokat (p\u00e9ld\u00e1ul egy Lauderes chatbotot, amely az iskola m\u0171k\u00f6d\u00e9s\u00e9vel kapcsolatos k\u00e9rd\u00e9sekre v\u00e1laszol). A c\u00e9l gyakorlati tud\u00e1st \u00e9s tapasztalatot szerezni AI (ill. Machine Learning) alkalmaz\u00e1sok fejleszt\u00e9s\u00e9ben. Kinek sz\u00f3l? Azoknak a 9\u201312. \u00e9vfolyamos di\u00e1koknak, akik: \u00e9rdekl\u0151dnek a mesters\u00e9ges intelligencia ir\u00e1nt, legal\u00e1bb alapszinten tudnak Pythonban programozni (vagy m\u00e1s nyelvben er\u0151s alapjaik vannak), tudnak angolul olvasni \u00e9s \u00edrni (dokument\u00e1ci\u00f3k, guideline-ok alapvet\u0151en angolul \u00e9rhet\u0151ek el), hajland\u00f3k \u00f6n\u00e1ll\u00f3an is dolgozni \u00e9s id\u0151t sz\u00e1nni<\/p>\n","protected":false},"author":3,"featured_media":4759,"parent":0,"menu_order":0,"comment_status":"closed","ping_status":"closed","template":"","meta":[],"_links":{"self":[{"href":"https:\/\/summacum.lauder.hu\/index.php\/wp-json\/wp\/v2\/pages\/4758"}],"collection":[{"href":"https:\/\/summacum.lauder.hu\/index.php\/wp-json\/wp\/v2\/pages"}],"about":[{"href":"https:\/\/summacum.lauder.hu\/index.php\/wp-json\/wp\/v2\/types\/page"}],"author":[{"embeddable":true,"href":"https:\/\/summacum.lauder.hu\/index.php\/wp-json\/wp\/v2\/users\/3"}],"replies":[{"embeddable":true,"href":"https:\/\/summacum.lauder.hu\/index.php\/wp-json\/wp\/v2\/comments?post=4758"}],"version-history":[{"count":3,"href":"https:\/\/summacum.lauder.hu\/index.php\/wp-json\/wp\/v2\/pages\/4758\/revisions"}],"predecessor-version":[{"id":4763,"href":"https:\/\/summacum.lauder.hu\/index.php\/wp-json\/wp\/v2\/pages\/4758\/revisions\/4763"}],"wp:featuredmedia":[{"embeddable":true,"href":"https:\/\/summacum.lauder.hu\/index.php\/wp-json\/wp\/v2\/media\/4759"}],"wp:attachment":[{"href":"https:\/\/summacum.lauder.hu\/index.php\/wp-json\/wp\/v2\/media?parent=4758"}],"curies":[{"name":"wp","href":"https:\/\/api.w.org\/{rel}","templated":true}]}}